{"id":47323,"date":"2024-07-30T18:47:47","date_gmt":"2024-09-12T13:24:57","guid":{"rendered":"https:\/\/staging.nbg.eu\/product\/surefire-maxvision-tactician-e2t-mv\/"},"modified":"2024-09-12T13:25:42","modified_gmt":"2024-09-12T13:25:42","slug":"surefire-maxvision-tactician-e2t-mv","status":"publish","type":"product","link":"https:\/\/staging.nbg.eu\/lv\/product\/surefire-maxvision-tactician-e2t-mv\/","title":{"rendered":"SureFire MAXVISION Tactician E2T-MV"},"content":{"rendered":"<div class=\"product-description\">\n<h2>SureFire MAXVISION Tactician E2T-MV<\/h2>\n<p>SureFire MAXVISION Tactician E2T-MV ir kabatas lukturis, ko var izmantot ar\u012b k\u0101 ieroci.<\/p>\n<ul>\n<li>Divu jaudu LED ar MaxVision Beam\u00ae reflektoru<\/li>\n<li>800 l\u016bmeni augstaj\u0101 re\u017e\u012bm\u0101<\/li>\n<li>5 l\u016bmeni zemaj\u0101 re\u017e\u012bm\u0101 (95 stundu darb\u012bbas laiks)<\/li>\n<li>Taktiskais sl\u0113dzis \u012bslaic\u012bgai vai past\u0101v\u012bgai iesl\u0113g\u0161anai<\/li>\n<li>Kompakts 5,0 collu garums un 3,5 un\u010du svars<\/li>\n<li>Alum\u012bnija konstrukcija ar milit\u0101ro specifik\u0101ciju cieto anod\u0113to apdari<\/li>\n<li>IPX7 \u016bdensiztur\u012bbas klase<\/li>\n<li>Darbojas ar div\u0101m iek\u013cautaj\u0101m 123A baterij\u0101m<\/li>\n<\/ul>\n<p>Luktura korpusa dizains \u013cauj \u0101tri piel\u0101got jaudu: maksim\u0101lai jaudai pievelciet ar roku, vai pagrieziet pret\u0113ji pulkste\u0146r\u0101d\u012bt\u0101ja virzienam zemai jaudai. Gaismas intensit\u0101te ir 3200 kandelas, un gaismas k\u016b\u013ca att\u0101lums ir 115 metri.<\/p>\n<\/div>\n","protected":false},"excerpt":{"rendered":"<p>Daudzpus\u012bgs 800 l\u016bmenu taktiskais lukturis ar divpak\u0101pju jaudu un MaxVision Beam\u00ae.<\/p>\n","protected":false},"featured_media":47324,"template":"","meta":{"_acf_changed":false},"product_brand":[11865],"product_cat":[13817,13786,13818],"product_tag":[],"class_list":{"0":"post-47323","1":"product","2":"type-product","3":"status-publish","4":"has-post-thumbnail","6":"product_brand-surefire","7":"product_cat-edc","8":"product_cat-edc-lukturi","9":"product_cat-lukturi","11":"first","12":"instock","13":"taxable","14":"shipping-taxable","15":"purchasable","16":"product-type-simple"},"acf":[],"_links":{"self":[{"href":"https:\/\/staging.nbg.eu\/lv\/wp-json\/wp\/v2\/product\/47323","targetHints":{"allow":["GET"]}}],"collection":[{"href":"https:\/\/staging.nbg.eu\/lv\/wp-json\/wp\/v2\/product"}],"about":[{"href":"https:\/\/staging.nbg.eu\/lv\/wp-json\/wp\/v2\/types\/product"}],"wp:featuredmedia":[{"embeddable":true,"href":"https:\/\/staging.nbg.eu\/lv\/wp-json\/wp\/v2\/media\/47324"}],"wp:attachment":[{"href":"https:\/\/staging.nbg.eu\/lv\/wp-json\/wp\/v2\/media?parent=47323"}],"wp:term":[{"taxonomy":"product_brand","embeddable":true,"href":"https:\/\/staging.nbg.eu\/lv\/wp-json\/wp\/v2\/product_brand?post=47323"},{"taxonomy":"product_cat","embeddable":true,"href":"https:\/\/staging.nbg.eu\/lv\/wp-json\/wp\/v2\/product_cat?post=47323"},{"taxonomy":"product_tag","embeddable":true,"href":"https:\/\/staging.nbg.eu\/lv\/wp-json\/wp\/v2\/product_tag?post=47323"}],"curies":[{"name":"wp","href":"https:\/\/api.w.org\/{rel}","templated":true}]}}