{"id":47234,"date":"2024-07-30T18:50:58","date_gmt":"2024-09-12T13:12:28","guid":{"rendered":"https:\/\/staging.nbg.eu\/product\/surefire-b12-lithium-polymer-battery\/"},"modified":"2024-09-12T13:13:13","modified_gmt":"2024-09-12T13:13:13","slug":"surefire-b12-litija-polimera-baterija","status":"publish","type":"product","link":"https:\/\/staging.nbg.eu\/lv\/product\/surefire-b12-litija-polimera-baterija\/","title":{"rendered":"SureFire B12 litija polim\u0113ra baterija"},"content":{"rendered":"<div class=\"product-description\">\n<h2>SureFire B12 LITIJA POLIM\u0112RA AKUMULATORS<\/h2>\n<p>B12 litija polim\u0113ra akumulators paredz\u0113ts SureFire XSC s\u0113rijas mikrokompakto iero\u010du lukturiem. \u0160is \u0101tri no\u0146emamais, uzl\u0101d\u0113jamais akumulators ir izstr\u0101d\u0101ts \u0101trai nomai\u0146ai, neno\u0146emot XSC no pistoles.<\/p>\n<ul>\n<li>Izstr\u0101d\u0101ts speci\u0101li SureFire XSC iero\u010du lukturiem<\/li>\n<li>Nodro\u0161ina l\u012bdz 30 min\u016b\u0161u darb\u012bbas laiku ar 350 l\u016bmeniem<\/li>\n<li>Pogas tipa uzl\u0101des indikators \u0101trai uzl\u0101des statusa p\u0101rbaudei<\/li>\n<li>Sader\u012bgs ar SureFire CH21 l\u0101d\u0113t\u0101ju vieglai uzl\u0101dei<\/li>\n<li>Ekonomisks risin\u0101jums ilgtermi\u0146a lieto\u0161anai<\/li>\n<\/ul>\n<p>SureFire B12 ir uzticams baro\u0161anas avots j\u016bsu XSC iero\u010du lukturim.<\/p>\n<\/div>\n","protected":false},"excerpt":{"rendered":"<p>Uzl\u0101d\u0113jams akumulators SureFire XSC iero\u010dgaism\u0101m. \u0100tra nomai\u0146a, 30 min\u016b\u0161u darb\u012bbas laiks.<\/p>\n","protected":false},"featured_media":47235,"template":"","meta":{"_acf_changed":false},"product_brand":[11865],"product_cat":[13766,13818],"product_tag":[],"class_list":{"0":"post-47234","1":"product","2":"type-product","3":"status-publish","4":"has-post-thumbnail","6":"product_brand-surefire","7":"product_cat-baterijas","8":"product_cat-lukturi","10":"first","11":"instock","12":"taxable","13":"shipping-taxable","14":"purchasable","15":"product-type-simple"},"acf":[],"_links":{"self":[{"href":"https:\/\/staging.nbg.eu\/lv\/wp-json\/wp\/v2\/product\/47234","targetHints":{"allow":["GET"]}}],"collection":[{"href":"https:\/\/staging.nbg.eu\/lv\/wp-json\/wp\/v2\/product"}],"about":[{"href":"https:\/\/staging.nbg.eu\/lv\/wp-json\/wp\/v2\/types\/product"}],"wp:featuredmedia":[{"embeddable":true,"href":"https:\/\/staging.nbg.eu\/lv\/wp-json\/wp\/v2\/media\/47235"}],"wp:attachment":[{"href":"https:\/\/staging.nbg.eu\/lv\/wp-json\/wp\/v2\/media?parent=47234"}],"wp:term":[{"taxonomy":"product_brand","embeddable":true,"href":"https:\/\/staging.nbg.eu\/lv\/wp-json\/wp\/v2\/product_brand?post=47234"},{"taxonomy":"product_cat","embeddable":true,"href":"https:\/\/staging.nbg.eu\/lv\/wp-json\/wp\/v2\/product_cat?post=47234"},{"taxonomy":"product_tag","embeddable":true,"href":"https:\/\/staging.nbg.eu\/lv\/wp-json\/wp\/v2\/product_tag?post=47234"}],"curies":[{"name":"wp","href":"https:\/\/api.w.org\/{rel}","templated":true}]}}