{"id":47194,"date":"2024-07-30T18:50:58","date_gmt":"2024-07-30T18:50:58","guid":{"rendered":"https:\/\/staging.nbg.eu\/product\/surefire-sflfp123-batteries-charger\/"},"modified":"2024-09-12T13:08:42","modified_gmt":"2024-09-12T13:08:42","slug":"surefire-sflfp123-baterijas-ladetajs","status":"publish","type":"product","link":"https:\/\/staging.nbg.eu\/lv\/product\/surefire-sflfp123-baterijas-ladetajs\/","title":{"rendered":"SureFire SFLFP123 BATERIJAS + l\u0101d\u0113t\u0101js"},"content":{"rendered":"<p>SureFire SFLFP123 BATERIJAS + L\u0101d\u0113t\u0101ja komplekts:<\/p>\n<ul>\n<li>Atk\u0101rtoti uzl\u0101d\u0113jam\u0101s SFLFP123 baterijas ir l\u0113t\u0101kas nek\u0101 vienreizlietojam\u0101s 123A litija baterijas<\/li>\n<li>Nesatur b\u012bstamos smagos met\u0101lus<\/li>\n<li>Divu nodal\u012bjumu l\u0101d\u0113t\u0101js uzl\u0101d\u0113\u0161anai m\u0101j\u0101s vai ce\u013cojum\u0101<\/li>\n<li>Komplekt\u0101 ietilpst:\n<ul>\n<li>Divas litija dzelzs fosf\u0101ta (LiFePO4) 450mAh 3.2V atk\u0101rtoti uzl\u0101d\u0113jam\u0101s \u0161\u016bnas<\/li>\n<li>Divu nodal\u012bjumu bateriju l\u0101d\u0113t\u0101js<\/li>\n<li>MICRO-USB uz USB-A kabelis<\/li>\n<\/ul>\n<\/li>\n<\/ul>\n<p>SureFire SFLFP123 BATERIJAS + L\u0101d\u0113t\u0101js.<\/p>\n","protected":false},"excerpt":{"rendered":"<p>Uzl\u0101d\u0113jamas LiFePO4 baterijas ar l\u0101d\u0113t\u0101ju. Videi draudz\u012bgas, ekonomiski izdev\u012bgas.<\/p>\n","protected":false},"featured_media":47172,"template":"","meta":{"_acf_changed":false},"product_brand":[11865],"product_cat":[13766,13842,13818],"product_tag":[],"class_list":{"0":"post-47194","1":"product","2":"type-product","3":"status-publish","4":"has-post-thumbnail","6":"product_brand-surefire","7":"product_cat-baterijas","8":"product_cat-luktura-aksesuari","9":"product_cat-lukturi","11":"first","12":"outofstock","13":"taxable","14":"shipping-taxable","15":"purchasable","16":"product-type-simple"},"acf":[],"_links":{"self":[{"href":"https:\/\/staging.nbg.eu\/lv\/wp-json\/wp\/v2\/product\/47194","targetHints":{"allow":["GET"]}}],"collection":[{"href":"https:\/\/staging.nbg.eu\/lv\/wp-json\/wp\/v2\/product"}],"about":[{"href":"https:\/\/staging.nbg.eu\/lv\/wp-json\/wp\/v2\/types\/product"}],"wp:featuredmedia":[{"embeddable":true,"href":"https:\/\/staging.nbg.eu\/lv\/wp-json\/wp\/v2\/media\/47172"}],"wp:attachment":[{"href":"https:\/\/staging.nbg.eu\/lv\/wp-json\/wp\/v2\/media?parent=47194"}],"wp:term":[{"taxonomy":"product_brand","embeddable":true,"href":"https:\/\/staging.nbg.eu\/lv\/wp-json\/wp\/v2\/product_brand?post=47194"},{"taxonomy":"product_cat","embeddable":true,"href":"https:\/\/staging.nbg.eu\/lv\/wp-json\/wp\/v2\/product_cat?post=47194"},{"taxonomy":"product_tag","embeddable":true,"href":"https:\/\/staging.nbg.eu\/lv\/wp-json\/wp\/v2\/product_tag?post=47194"}],"curies":[{"name":"wp","href":"https:\/\/api.w.org\/{rel}","templated":true}]}}