{"id":47130,"date":"2024-07-30T18:50:58","date_gmt":"2024-07-30T18:50:58","guid":{"rendered":"https:\/\/staging.nbg.eu\/product\/surefire-sflfp123-batteries-2-pack\/"},"modified":"2024-09-12T13:04:29","modified_gmt":"2024-09-12T13:04:29","slug":"surefire-sflfp123-baterijas-2-gab","status":"publish","type":"product","link":"https:\/\/staging.nbg.eu\/lv\/product\/surefire-sflfp123-baterijas-2-gab\/","title":{"rendered":"SureFire SFLFP123 BATERIJAS 2 gab"},"content":{"rendered":"<div class=\"product-description\">\n<h2>SureFire SFLFP123 baterijas &#8211; 2 gab. iepakojums<\/h2>\n<p>SureFire SFLFP123 baterijas. \u0160is 2 gab. litija fosf\u0101ta bateriju komplekts pied\u0101v\u0101:<\/p>\n<ul>\n<li>Ener\u0123ija lukturiem, iero\u010du gaism\u0101m un cit\u0101m ier\u012bc\u0113m<\/li>\n<li>3.2V nomin\u0101lais spriegums ar 1500mAh kapacit\u0101ti<\/li>\n<li>Iztur\u012bba ekstrem\u0101l\u0101s temperat\u016br\u0101s (no -40\u00b0C l\u012bdz 60\u00b0C)<\/li>\n<li>10 gadu uzglab\u0101\u0161anas laiks<\/li>\n<li>Uzl\u0101d\u0113jamas l\u012bdz 500 reiz\u0113m<\/li>\n<li>Ra\u017eotas ASV<\/li>\n<\/ul>\n<p>\u0160\u012bs kompakt\u0101s baterijas nodro\u0161ina stabilu darb\u012bbu da\u017e\u0101d\u0101s situ\u0101cij\u0101s.<\/p>\n<\/div>\n","protected":false},"excerpt":{"rendered":"<p>SureFire SFLFP123 baterijas: augstas veiktsp\u0113jas 3V litija fosf\u0101ta elementi, kas izstr\u0101d\u0101ti maksim\u0101lai jaudai un ilgm\u016b\u017e\u012bbai. \u0160is 2 gab. iepakojums nodro\u0161ina uzticamu ener\u0123iju kabatas lukturiem, iero\u010du gaism\u0101m un cit\u0101m ier\u012bc\u0113m. Uzticieties SureFire kvalit\u0101tei, lai ieg\u016btu konsekventu, ilgsto\u0161u ener\u0123iju kompakt\u0101 izm\u0113r\u0101.<\/p>\n","protected":false},"featured_media":47131,"template":"","meta":{"_acf_changed":false},"product_brand":[11865],"product_cat":[13766,13817,13786,13842,13818],"product_tag":[],"class_list":{"0":"post-47130","1":"product","2":"type-product","3":"status-publish","4":"has-post-thumbnail","6":"product_brand-surefire","7":"product_cat-baterijas","8":"product_cat-edc","9":"product_cat-edc-lukturi","10":"product_cat-luktura-aksesuari","11":"product_cat-lukturi","13":"first","14":"instock","15":"taxable","16":"shipping-taxable","17":"purchasable","18":"product-type-simple"},"acf":[],"_links":{"self":[{"href":"https:\/\/staging.nbg.eu\/lv\/wp-json\/wp\/v2\/product\/47130","targetHints":{"allow":["GET"]}}],"collection":[{"href":"https:\/\/staging.nbg.eu\/lv\/wp-json\/wp\/v2\/product"}],"about":[{"href":"https:\/\/staging.nbg.eu\/lv\/wp-json\/wp\/v2\/types\/product"}],"wp:featuredmedia":[{"embeddable":true,"href":"https:\/\/staging.nbg.eu\/lv\/wp-json\/wp\/v2\/media\/47131"}],"wp:attachment":[{"href":"https:\/\/staging.nbg.eu\/lv\/wp-json\/wp\/v2\/media?parent=47130"}],"wp:term":[{"taxonomy":"product_brand","embeddable":true,"href":"https:\/\/staging.nbg.eu\/lv\/wp-json\/wp\/v2\/product_brand?post=47130"},{"taxonomy":"product_cat","embeddable":true,"href":"https:\/\/staging.nbg.eu\/lv\/wp-json\/wp\/v2\/product_cat?post=47130"},{"taxonomy":"product_tag","embeddable":true,"href":"https:\/\/staging.nbg.eu\/lv\/wp-json\/wp\/v2\/product_tag?post=47130"}],"curies":[{"name":"wp","href":"https:\/\/api.w.org\/{rel}","templated":true}]}}