{"id":47057,"date":"2024-07-30T19:06:10","date_gmt":"2024-09-12T12:56:07","guid":{"rendered":"https:\/\/staging.nbg.eu\/product\/iosso-ar-rifle-complete-cleaning-kit\/"},"modified":"2024-09-12T12:56:56","modified_gmt":"2024-09-12T12:56:56","slug":"iosso-ar-vintenes-pilniga-tirisanas-komplekts","status":"publish","type":"product","link":"https:\/\/staging.nbg.eu\/lv\/product\/iosso-ar-vintenes-pilniga-tirisanas-komplekts\/","title":{"rendered":"Iosso AR vintenes piln\u012bga t\u012br\u012b\u0161anas komplekts"},"content":{"rendered":"<div class=\"product-description\">\n<h2>Iosso AR \u0161autenes pilns t\u012br\u012b\u0161anas komplekts<\/h2>\n<p>Iero\u010da uztur\u0113\u0161anai lab\u0101 st\u0101vokl\u012b. Ietver:<\/p>\n<ul>\n<li>6 prec\u012bzi piel\u0101gotas birstes r\u016bp\u012bgai t\u012br\u012b\u0161anai<\/li>\n<li>T\u012bra aug\u0161\u0113jo uztv\u0113r\u0113ju, kameru, aizsl\u0113ga nes\u0113ju, .223\/.30 kalibra stobru, atsl\u0113gas cauruli un g\u0101zes cauruli<\/li>\n<li>G\u0101zes caurules birste t\u012bra bez izjauk\u0161anas<\/li>\n<li>Iek\u013cauti visi nepiecie\u0161amie instrumenti, stienis un aukla<\/li>\n<li>Piem\u0113rots pistol\u0113m, \u0161auten\u0113m un bis\u0113m<\/li>\n<li>Iek\u013cauta p\u0101rn\u0113s\u0101\u0161anas soma<\/li>\n<\/ul>\n<p>Ieteicams lietot kop\u0101 ar Iosso stobra t\u012br\u012bt\u0101ju un tr\u012bsk\u0101r\u0161as iedarb\u012bbas e\u013c\u013cu (p\u0101rdod atsevi\u0161\u0137i).<\/p>\n<\/div>\n","protected":false},"excerpt":{"rendered":"<p>Visaptvero\u0161s AR \u0161autenes t\u012br\u012b\u0161anas komplekts ar 6 birst\u0113m un svar\u012bg\u0101kajiem instrumentiem.<\/p>\n","protected":false},"featured_media":107639,"template":"","meta":{"_acf_changed":false},"product_brand":[11480],"product_cat":[13835,13808,13773],"product_tag":[],"class_list":{"0":"post-47057","1":"product","2":"type-product","3":"status-publish","4":"has-post-thumbnail","6":"product_brand-iosso","7":"product_cat-birstes","8":"product_cat-ierocu-tirisana","9":"product_cat-tirisanas-komplekti","10":"pa_model-ar-308-lv-2","11":"pa_model-ar-15-lv","13":"first","14":"instock","15":"taxable","16":"shipping-taxable","17":"purchasable","18":"product-type-variable","19":"wvs-archive-product-wrapper"},"acf":[],"_links":{"self":[{"href":"https:\/\/staging.nbg.eu\/lv\/wp-json\/wp\/v2\/product\/47057","targetHints":{"allow":["GET"]}}],"collection":[{"href":"https:\/\/staging.nbg.eu\/lv\/wp-json\/wp\/v2\/product"}],"about":[{"href":"https:\/\/staging.nbg.eu\/lv\/wp-json\/wp\/v2\/types\/product"}],"wp:featuredmedia":[{"embeddable":true,"href":"https:\/\/staging.nbg.eu\/lv\/wp-json\/wp\/v2\/media\/107639"}],"wp:attachment":[{"href":"https:\/\/staging.nbg.eu\/lv\/wp-json\/wp\/v2\/media?parent=47057"}],"wp:term":[{"taxonomy":"product_brand","embeddable":true,"href":"https:\/\/staging.nbg.eu\/lv\/wp-json\/wp\/v2\/product_brand?post=47057"},{"taxonomy":"product_cat","embeddable":true,"href":"https:\/\/staging.nbg.eu\/lv\/wp-json\/wp\/v2\/product_cat?post=47057"},{"taxonomy":"product_tag","embeddable":true,"href":"https:\/\/staging.nbg.eu\/lv\/wp-json\/wp\/v2\/product_tag?post=47057"}],"curies":[{"name":"wp","href":"https:\/\/api.w.org\/{rel}","templated":true}]}}