{"id":46960,"date":"2024-07-30T19:11:42","date_gmt":"2024-09-12T12:43:09","guid":{"rendered":"https:\/\/staging.nbg.eu\/product\/surefire-scout-light-rear-cap\/"},"modified":"2024-09-12T12:43:56","modified_gmt":"2024-09-12T12:43:56","slug":"surefire-scout-light-aizmugures-vaks","status":"publish","type":"product","link":"https:\/\/staging.nbg.eu\/lv\/product\/surefire-scout-light-aizmugures-vaks\/","title":{"rendered":"SureFire SCOUT LIGHT aizmugures v\u0101ks"},"content":{"rendered":"<div class=\"product-description\">\n<h2>SureFire SCOUT LIGHT AIZMUGUR\u0112JAIS V\u0100CI\u0145\u0160<\/h2>\n<p>SureFire SCOUT LIGHT AIZMUGUR\u0112JAIS V\u0100CI\u0145\u0160 ir rezerves aizmugur\u0113j\u0101 v\u0101ci\u0146a komplekts, kas paredz\u0113ts Scout Light uzlabo\u0161anai.<\/p>\n<h3>Galven\u0101s \u012bpa\u0161\u012bbas:<\/h3>\n<ul>\n<li>Sader\u012bgs ar SureFire lentes sl\u0113d\u017eiem (ST07 nav iek\u013cauts)<\/li>\n<li>Blo\u0137\u0113\u0161anas funkcija nov\u0113r\u0161 nejau\u0161u aktiviz\u0113\u0161anu<\/li>\n<li>Izgatavots no avi\u0101cijas klases alum\u012bnija<\/li>\n<li>Mil-Spec Type III ciet\u0101 anod\u0113ta apdare<\/li>\n<li>Pieejams meln\u0101 vai smil\u0161u kr\u0101s\u0101<\/li>\n<\/ul>\n<p>\u0160is aizmugur\u0113j\u0101 v\u0101ci\u0146a komplekts \u013cauj pievienot SureFire lentes sl\u0113dzi. Blo\u0137\u0113\u0161anas funkcija nodro\u0161ina dro\u0161\u012bbu transport\u0113\u0161anas un uzglab\u0101\u0161anas laik\u0101.<\/p>\n<h3>Sader\u012bba:<\/h3>\n<p>Der Scout Light iero\u010du gaism\u0101m un luktur\u012b\u0161iem ar 0,75 collu diametra sl\u0113dzi, ieskaitot:<\/p>\n<ul>\n<li>E1E-HA, E1B, E1L-HA-WH<\/li>\n<li>E2D-BK, E2DL-BK, E2L-HA-WH<\/li>\n<li>L4-HA-WH<\/li>\n<\/ul>\n<p><strong>Piez\u012bme:<\/strong> Nav sader\u012bgs ar Micro Scout Light Pro<\/p>\n<p>\u0160is iztur\u012bgais un daudzpus\u012bgais aizmugur\u0113j\u0101 v\u0101ci\u0146a komplekts uzlabo Scout Light veiktsp\u0113ju.<\/p>\n<\/div>\n","protected":false},"excerpt":{"rendered":"<p>Aizmugur\u0113j\u0101 v\u0101ci\u0146a nomai\u0146a Scout lukturiem. \u013bauj izmantot lentes sl\u0113dzi.<\/p>\n","protected":false},"featured_media":46961,"template":"","meta":{"_acf_changed":false},"product_brand":[11865],"product_cat":[13842,13818,13827],"product_tag":[],"class_list":{"0":"post-46960","1":"product","2":"type-product","3":"status-publish","4":"has-post-thumbnail","6":"product_brand-surefire","7":"product_cat-luktura-aksesuari","8":"product_cat-lukturi","9":"product_cat-sautene","11":"first","12":"instock","13":"taxable","14":"shipping-taxable","15":"purchasable","16":"product-type-variable","17":"wvs-archive-product-wrapper"},"acf":[],"_links":{"self":[{"href":"https:\/\/staging.nbg.eu\/lv\/wp-json\/wp\/v2\/product\/46960","targetHints":{"allow":["GET"]}}],"collection":[{"href":"https:\/\/staging.nbg.eu\/lv\/wp-json\/wp\/v2\/product"}],"about":[{"href":"https:\/\/staging.nbg.eu\/lv\/wp-json\/wp\/v2\/types\/product"}],"wp:featuredmedia":[{"embeddable":true,"href":"https:\/\/staging.nbg.eu\/lv\/wp-json\/wp\/v2\/media\/46961"}],"wp:attachment":[{"href":"https:\/\/staging.nbg.eu\/lv\/wp-json\/wp\/v2\/media?parent=46960"}],"wp:term":[{"taxonomy":"product_brand","embeddable":true,"href":"https:\/\/staging.nbg.eu\/lv\/wp-json\/wp\/v2\/product_brand?post=46960"},{"taxonomy":"product_cat","embeddable":true,"href":"https:\/\/staging.nbg.eu\/lv\/wp-json\/wp\/v2\/product_cat?post=46960"},{"taxonomy":"product_tag","embeddable":true,"href":"https:\/\/staging.nbg.eu\/lv\/wp-json\/wp\/v2\/product_tag?post=46960"}],"curies":[{"name":"wp","href":"https:\/\/api.w.org\/{rel}","templated":true}]}}