{"id":46798,"date":"2024-07-30T19:41:53","date_gmt":"2024-09-12T12:04:30","guid":{"rendered":"https:\/\/staging.nbg.eu\/product\/iosso-pistol-brush\/"},"modified":"2024-09-12T12:05:49","modified_gmt":"2024-09-12T12:05:49","slug":"iosso-pistoles-suka","status":"publish","type":"product","link":"https:\/\/staging.nbg.eu\/lv\/product\/iosso-pistoles-suka\/","title":{"rendered":"Iosso pistoles suka"},"content":{"rendered":"<p>\n<strong>Iosso pistoles suka<\/strong> ir stobra t\u012br\u012b\u0161anas r\u012bks:<\/p>\n<ul>\n<li>Zili \u0161\u0137iedru sari vieglai atpaz\u012b\u0161anai<\/li>\n<li>Biez\u0101ki, stingr\u0101ki sari \u013cauj t\u012br\u012bt uz priek\u0161u un atpaka\u013c<\/li>\n<li>8-10 reizes iztur\u012bg\u0101ka nek\u0101 parast\u0101s sukas<\/li>\n<li>Cie\u0161i sav\u012bta ar vair\u0101k \u0161\u0137iedr\u0101m uz collu<\/li>\n<li>Piem\u0113rota lieto\u0161anai ar Iosso stobra t\u012br\u012bt\u0101ju un tr\u012bsk\u0101r\u0161\u0101s iedarb\u012bbas \u0161\u0137\u012bdumu<\/li>\n<li>Efekt\u012bvi not\u012bra visu veidu net\u012brumus<\/li>\n<li>Samazina t\u012br\u012b\u0161anas laiku stobra t\u012br\u012b\u0161anai<\/li>\n<\/ul>\n<p>Pieejama da\u017e\u0101diem iero\u010du izm\u0113riem. Zil\u0101s sukas ir Iosso Products pre\u010du z\u012bme.<\/p>\n","protected":false},"excerpt":{"rendered":"<p>Iztur\u012bga kobaltzila pistoles birste efekt\u012bvai un r\u016bp\u012bgai stobra t\u012br\u012b\u0161anai.<\/p>\n","protected":false},"featured_media":107494,"template":"","meta":{"_acf_changed":false},"product_brand":[11480],"product_cat":[13835,13808],"product_tag":[],"class_list":{"0":"post-46798","1":"product","2":"type-product","3":"status-publish","4":"has-post-thumbnail","6":"product_brand-iosso","7":"product_cat-birstes","8":"product_cat-ierocu-tirisana","10":"first","11":"instock","12":"taxable","13":"shipping-taxable","14":"purchasable","15":"product-type-variable","16":"wvs-archive-product-wrapper"},"acf":[],"_links":{"self":[{"href":"https:\/\/staging.nbg.eu\/lv\/wp-json\/wp\/v2\/product\/46798","targetHints":{"allow":["GET"]}}],"collection":[{"href":"https:\/\/staging.nbg.eu\/lv\/wp-json\/wp\/v2\/product"}],"about":[{"href":"https:\/\/staging.nbg.eu\/lv\/wp-json\/wp\/v2\/types\/product"}],"wp:featuredmedia":[{"embeddable":true,"href":"https:\/\/staging.nbg.eu\/lv\/wp-json\/wp\/v2\/media\/107494"}],"wp:attachment":[{"href":"https:\/\/staging.nbg.eu\/lv\/wp-json\/wp\/v2\/media?parent=46798"}],"wp:term":[{"taxonomy":"product_brand","embeddable":true,"href":"https:\/\/staging.nbg.eu\/lv\/wp-json\/wp\/v2\/product_brand?post=46798"},{"taxonomy":"product_cat","embeddable":true,"href":"https:\/\/staging.nbg.eu\/lv\/wp-json\/wp\/v2\/product_cat?post=46798"},{"taxonomy":"product_tag","embeddable":true,"href":"https:\/\/staging.nbg.eu\/lv\/wp-json\/wp\/v2\/product_tag?post=46798"}],"curies":[{"name":"wp","href":"https:\/\/api.w.org\/{rel}","templated":true}]}}