{"id":46616,"date":"2024-07-30T19:46:24","date_gmt":"2024-09-11T16:04:18","guid":{"rendered":"https:\/\/staging.nbg.eu\/product\/iosso-rifle-brush\/"},"modified":"2024-09-11T16:06:06","modified_gmt":"2024-09-11T16:06:06","slug":"iosso-vintenes-suka","status":"publish","type":"product","link":"https:\/\/staging.nbg.eu\/lv\/product\/iosso-vintenes-suka\/","title":{"rendered":"Iosso vintenes suka"},"content":{"rendered":"<p>\nIosso Products \u0161aute\u0146u birste. \u012apa\u0161\u012bbas:<\/p>\n<ul>\n<li>Biez\u0101ki, stingr\u0101ki sari t\u012br\u012b\u0161anai abos virzienos<\/li>\n<li>Cie\u0161i sav\u012bti ar vair\u0101k sariem uz collu<\/li>\n<li>Var izmantot vair\u0101kas reizes<\/li>\n<li>Piem\u0113rota lieto\u0161anai ar Iosso stobra t\u012br\u012bt\u0101ju<\/li>\n<li>No\u0146em visu veidu net\u012brumus<\/li>\n<li>Iev\u0113rojami samazina t\u012br\u012b\u0161anas laiku<\/li>\n<\/ul>\n<p>Efekt\u012bva stobra t\u012br\u012b\u0161ana.<\/p>\n","protected":false},"excerpt":{"rendered":"<p>Iztur\u012bga kobaltzila \u0161autenes birste efekt\u012bvai un ilgsto\u0161ai stobra t\u012br\u012b\u0161anai.<\/p>\n","protected":false},"featured_media":107425,"template":"","meta":{"_acf_changed":false},"product_brand":[11480],"product_cat":[13835,13808],"product_tag":[],"class_list":{"0":"post-46616","1":"product","2":"type-product","3":"status-publish","4":"has-post-thumbnail","6":"product_brand-iosso","7":"product_cat-birstes","8":"product_cat-ierocu-tirisana","10":"first","11":"instock","12":"taxable","13":"shipping-taxable","14":"purchasable","15":"product-type-variable","16":"wvs-archive-product-wrapper"},"acf":[],"_links":{"self":[{"href":"https:\/\/staging.nbg.eu\/lv\/wp-json\/wp\/v2\/product\/46616","targetHints":{"allow":["GET"]}}],"collection":[{"href":"https:\/\/staging.nbg.eu\/lv\/wp-json\/wp\/v2\/product"}],"about":[{"href":"https:\/\/staging.nbg.eu\/lv\/wp-json\/wp\/v2\/types\/product"}],"wp:featuredmedia":[{"embeddable":true,"href":"https:\/\/staging.nbg.eu\/lv\/wp-json\/wp\/v2\/media\/107425"}],"wp:attachment":[{"href":"https:\/\/staging.nbg.eu\/lv\/wp-json\/wp\/v2\/media?parent=46616"}],"wp:term":[{"taxonomy":"product_brand","embeddable":true,"href":"https:\/\/staging.nbg.eu\/lv\/wp-json\/wp\/v2\/product_brand?post=46616"},{"taxonomy":"product_cat","embeddable":true,"href":"https:\/\/staging.nbg.eu\/lv\/wp-json\/wp\/v2\/product_cat?post=46616"},{"taxonomy":"product_tag","embeddable":true,"href":"https:\/\/staging.nbg.eu\/lv\/wp-json\/wp\/v2\/product_tag?post=46616"}],"curies":[{"name":"wp","href":"https:\/\/api.w.org\/{rel}","templated":true}]}}