{"id":46451,"date":"2024-07-31T20:54:52","date_gmt":"2024-09-11T15:53:04","guid":{"rendered":"https:\/\/staging.nbg.eu\/product\/shotgun-brush\/"},"modified":"2024-09-11T15:53:53","modified_gmt":"2024-09-11T15:53:53","slug":"bises-suka","status":"publish","type":"product","link":"https:\/\/staging.nbg.eu\/lv\/product\/bises-suka\/","title":{"rendered":"Bises suka"},"content":{"rendered":"<p>\nIosso Products \u0161autenes birste. \u012apa\u0161\u012bbas:<\/p>\n<ul>\n<li>Biez\u0101kas, stingr\u0101kas \u0161\u0137iedras t\u012br\u012b\u0161anai abos virzienos<\/li>\n<li>Cie\u0161i sav\u012bta ar vair\u0101k \u0161\u0137iedr\u0101m uz collu<\/li>\n<li>Vair\u0101kk\u0101rt lietojama<\/li>\n<li>Piem\u0113rota lieto\u0161anai ar Iosso stobra t\u012br\u012bt\u0101ju<\/li>\n<li>No\u0146em visu veidu net\u012brumus<\/li>\n<li>Iev\u0113rojami samazina t\u012br\u012b\u0161anas laiku<\/li>\n<\/ul>\n","protected":false},"excerpt":{"rendered":"<p>Augstas kvalit\u0101tes kobaltzila stobra birste efekt\u012bvai un r\u016bp\u012bgai \u0161autenes t\u012br\u012b\u0161anai.<\/p>\n","protected":false},"featured_media":46452,"template":"","meta":{"_acf_changed":false},"product_brand":[],"product_cat":[13835,13808],"product_tag":[],"class_list":{"0":"post-46451","1":"product","2":"type-product","3":"status-publish","4":"has-post-thumbnail","6":"product_cat-birstes","7":"product_cat-ierocu-tirisana","9":"first","10":"instock","11":"taxable","12":"shipping-taxable","13":"purchasable","14":"product-type-variable","15":"wvs-archive-product-wrapper"},"acf":[],"_links":{"self":[{"href":"https:\/\/staging.nbg.eu\/lv\/wp-json\/wp\/v2\/product\/46451","targetHints":{"allow":["GET"]}}],"collection":[{"href":"https:\/\/staging.nbg.eu\/lv\/wp-json\/wp\/v2\/product"}],"about":[{"href":"https:\/\/staging.nbg.eu\/lv\/wp-json\/wp\/v2\/types\/product"}],"wp:featuredmedia":[{"embeddable":true,"href":"https:\/\/staging.nbg.eu\/lv\/wp-json\/wp\/v2\/media\/46452"}],"wp:attachment":[{"href":"https:\/\/staging.nbg.eu\/lv\/wp-json\/wp\/v2\/media?parent=46451"}],"wp:term":[{"taxonomy":"product_brand","embeddable":true,"href":"https:\/\/staging.nbg.eu\/lv\/wp-json\/wp\/v2\/product_brand?post=46451"},{"taxonomy":"product_cat","embeddable":true,"href":"https:\/\/staging.nbg.eu\/lv\/wp-json\/wp\/v2\/product_cat?post=46451"},{"taxonomy":"product_tag","embeddable":true,"href":"https:\/\/staging.nbg.eu\/lv\/wp-json\/wp\/v2\/product_tag?post=46451"}],"curies":[{"name":"wp","href":"https:\/\/api.w.org\/{rel}","templated":true}]}}