{"id":46172,"date":"2024-08-03T08:31:54","date_gmt":"2024-09-11T15:11:06","guid":{"rendered":"https:\/\/staging.nbg.eu\/product\/rh-owb-tac-duty-holster\/"},"modified":"2024-09-11T15:12:15","modified_gmt":"2024-09-11T15:12:15","slug":"rh-owb-tacduty-kabura","status":"publish","type":"product","link":"https:\/\/staging.nbg.eu\/lv\/product\/rh-owb-tacduty-kabura\/","title":{"rendered":"RH OWB Tac\/Duty kabura"},"content":{"rendered":"<p>RH OWB Tac\/Duty maksts ir univers\u0101la kydex maksts, kas paredz\u0113ta taktiskai un dienesta lieto\u0161anai. T\u0101s \u012bpa\u0161\u012bbas ietver:<\/p>\n<ul>\n<li>Sader\u012bba ar iero\u010diem ar pievienotiem lukturiem<\/li>\n<li>Der Safariland, Blackhawk vai Blade-Tech platform\u0101m<\/li>\n<li>Piem\u0113rota n\u0113s\u0101\u0161anai uz aug\u0161stilba<\/li>\n<li>Viegla apkope un t\u012br\u012b\u0161ana<\/li>\n<li>To izmanto \u010cehijas bru\u0146otie sp\u0113ki un policija<\/li>\n<\/ul>\n<p>Piem\u0113rota dienesta iero\u010diem, apm\u0101c\u012bbai un taktisk\u0101m oper\u0101cij\u0101m.<\/p>\n","protected":false},"excerpt":{"rendered":"<p>Iztur\u012bgs Kydex maksts dienesta lieto\u0161anai. Der dienesta iero\u010diem un lukturiem.<\/p>\n","protected":false},"featured_media":46173,"template":"","meta":{"_acf_changed":false},"product_brand":[11644],"product_cat":[13781,13819,13768],"product_tag":[],"class_list":{"0":"post-46172","1":"product","2":"type-product","3":"status-publish","4":"has-post-thumbnail","6":"product_brand-rh-holsters","7":"product_cat-maksts","8":"product_cat-sporta-kobura","9":"product_cat-taktiskais-maksts","10":"pa_light-surefire-x300-ultra-a-lv","11":"pa_model-glock-17-lv","12":"pa_safety-automatic-lv","13":"pa_strong-hand-right-lv","15":"first","16":"instock","17":"taxable","18":"shipping-taxable","19":"purchasable","20":"product-type-variable","21":"wvs-archive-product-wrapper"},"acf":[],"_links":{"self":[{"href":"https:\/\/staging.nbg.eu\/lv\/wp-json\/wp\/v2\/product\/46172","targetHints":{"allow":["GET"]}}],"collection":[{"href":"https:\/\/staging.nbg.eu\/lv\/wp-json\/wp\/v2\/product"}],"about":[{"href":"https:\/\/staging.nbg.eu\/lv\/wp-json\/wp\/v2\/types\/product"}],"wp:featuredmedia":[{"embeddable":true,"href":"https:\/\/staging.nbg.eu\/lv\/wp-json\/wp\/v2\/media\/46173"}],"wp:attachment":[{"href":"https:\/\/staging.nbg.eu\/lv\/wp-json\/wp\/v2\/media?parent=46172"}],"wp:term":[{"taxonomy":"product_brand","embeddable":true,"href":"https:\/\/staging.nbg.eu\/lv\/wp-json\/wp\/v2\/product_brand?post=46172"},{"taxonomy":"product_cat","embeddable":true,"href":"https:\/\/staging.nbg.eu\/lv\/wp-json\/wp\/v2\/product_cat?post=46172"},{"taxonomy":"product_tag","embeddable":true,"href":"https:\/\/staging.nbg.eu\/lv\/wp-json\/wp\/v2\/product_tag?post=46172"}],"curies":[{"name":"wp","href":"https:\/\/api.w.org\/{rel}","templated":true}]}}