{"id":45711,"date":"2024-08-03T14:57:22","date_gmt":"2024-09-10T14:56:48","guid":{"rendered":"https:\/\/staging.nbg.eu\/product\/rh-sport-pistol-mag-holder\/"},"modified":"2024-09-10T14:57:51","modified_gmt":"2024-09-10T14:57:51","slug":"rh-sport-pistoles-mag-turetajs","status":"publish","type":"product","link":"https:\/\/staging.nbg.eu\/lv\/product\/rh-sport-pistoles-mag-turetajs\/","title":{"rendered":"RH Sport Pistoles Mag Tur\u0113t\u0101js"},"content":{"rendered":"<p>RH Sport pistoles magaz\u012bnas tur\u0113t\u0101js ir augst\u0101k\u0101s kvalit\u0101tes \u0101rpus jostas vietas risin\u0101jums sl\u0113ptai n\u0113s\u0101\u0161anai un \u0161autuvei. T\u0101 \u012bpa\u0161\u012bbas:<\/p>\n<ul>\n<li>Vakuuma pres\u0113ta 2mm Kydex konstrukcija<\/li>\n<li>Prec\u012bza piel\u0101go\u0161ana vienas vai divu magaz\u012bnu n\u0113s\u0101\u0161anai<\/li>\n<li>Asas iedobes ar glud\u0101m, ar roku apstr\u0101d\u0101t\u0101m mal\u0101m<\/li>\n<li>Iztur\u012bga dobu knied\u0113jumu konstrukcija<\/li>\n<li>Viegla piek\u013cuve \u0101trai p\u0101rl\u0101d\u0113\u0161anai<\/li>\n<\/ul>\n<p>Izstr\u0101d\u0101ts komfortam un uzticam\u012bbai, tas ir ide\u0101ls papildin\u0101jums j\u016bsu \u0161aujamierocim.<\/p>\n","protected":false},"excerpt":{"rendered":"<p>Dro\u0161s OWB Kydex magaz\u012bnas tur\u0113t\u0101js \u0101trai piek\u013cuvei \u0161autuv\u0113 vai sl\u0113ptai n\u0113s\u0101\u0161anai.<\/p>\n","protected":false},"featured_media":45712,"template":"","meta":{"_acf_changed":false},"product_brand":[11644],"product_cat":[13770,13781],"product_tag":[],"class_list":{"0":"post-45711","1":"product","2":"type-product","3":"status-publish","4":"has-post-thumbnail","6":"product_brand-rh-holsters","7":"product_cat-magazinu-turetaji","8":"product_cat-maksts","9":"pa_model-kmr-spectra-lv","10":"pa_strong-hand-right-lv","12":"first","13":"instock","14":"taxable","15":"shipping-taxable","16":"purchasable","17":"product-type-variable","18":"wvs-archive-product-wrapper"},"acf":[],"_links":{"self":[{"href":"https:\/\/staging.nbg.eu\/lv\/wp-json\/wp\/v2\/product\/45711","targetHints":{"allow":["GET"]}}],"collection":[{"href":"https:\/\/staging.nbg.eu\/lv\/wp-json\/wp\/v2\/product"}],"about":[{"href":"https:\/\/staging.nbg.eu\/lv\/wp-json\/wp\/v2\/types\/product"}],"wp:featuredmedia":[{"embeddable":true,"href":"https:\/\/staging.nbg.eu\/lv\/wp-json\/wp\/v2\/media\/45712"}],"wp:attachment":[{"href":"https:\/\/staging.nbg.eu\/lv\/wp-json\/wp\/v2\/media?parent=45711"}],"wp:term":[{"taxonomy":"product_brand","embeddable":true,"href":"https:\/\/staging.nbg.eu\/lv\/wp-json\/wp\/v2\/product_brand?post=45711"},{"taxonomy":"product_cat","embeddable":true,"href":"https:\/\/staging.nbg.eu\/lv\/wp-json\/wp\/v2\/product_cat?post=45711"},{"taxonomy":"product_tag","embeddable":true,"href":"https:\/\/staging.nbg.eu\/lv\/wp-json\/wp\/v2\/product_tag?post=45711"}],"curies":[{"name":"wp","href":"https:\/\/api.w.org\/{rel}","templated":true}]}}