{"id":45636,"date":"2024-08-04T20:46:31","date_gmt":"2024-09-10T14:52:15","guid":{"rendered":"https:\/\/staging.nbg.eu\/product\/rh-ar15-m4-owb-mag-holder\/"},"modified":"2024-09-10T14:53:16","modified_gmt":"2024-09-10T14:53:16","slug":"rh-ar15m4-owb-mag-turetajs","status":"publish","type":"product","link":"https:\/\/staging.nbg.eu\/lv\/product\/rh-ar15m4-owb-mag-turetajs\/","title":{"rendered":"RH AR15\/M4 OWB Mag Tur\u0113t\u0101js"},"content":{"rendered":"<p>RH AR15\/M4 OWB aptveres tur\u0113t\u0101js ir ide\u0101li piem\u0113rots IPSC un dienesta lieto\u0161anai. T\u0101 \u012bpa\u0161\u012bbas ietver:<\/p>\n<ul>\n<li>Regul\u0113jams satv\u0113riens optim\u0101lai pretest\u012bbai<\/li>\n<li>Viegla piek\u013cuve<\/li>\n<li>Sader\u012bgs ar sporta un taktiskaj\u0101m jost\u0101m<\/li>\n<li>Prec\u012bzi veidots perfektai piegul\u0161anai<\/li>\n<li>Asas iedobes ar glud\u0101m mal\u0101m<\/li>\n<\/ul>\n<p>Ide\u0101li piem\u0113rots PCC aptveru tur\u0113\u0161anai, \u0161is maksts nodro\u0161ina izcilu veiktsp\u0113ju un komfortu.<\/p>\n","protected":false},"excerpt":{"rendered":"<p>Regul\u0113jams IPSC\/dienesta magaz\u012bnas tur\u0113t\u0101js vieglai piek\u013cuvei uz taktiskaj\u0101m jost\u0101m<\/p>\n","protected":false},"featured_media":45638,"template":"","meta":{"_acf_changed":false},"product_brand":[11644],"product_cat":[13770,13781],"product_tag":[],"class_list":{"0":"post-45636","1":"product","2":"type-product","3":"status-publish","4":"has-post-thumbnail","6":"product_brand-rh-holsters","7":"product_cat-magazinu-turetaji","8":"product_cat-maksts","9":"pa_model-ar-15-lv","10":"pa_strong-hand-right-lv","12":"first","13":"instock","14":"taxable","15":"shipping-taxable","16":"purchasable","17":"product-type-variable","18":"wvs-archive-product-wrapper"},"acf":[],"_links":{"self":[{"href":"https:\/\/staging.nbg.eu\/lv\/wp-json\/wp\/v2\/product\/45636","targetHints":{"allow":["GET"]}}],"collection":[{"href":"https:\/\/staging.nbg.eu\/lv\/wp-json\/wp\/v2\/product"}],"about":[{"href":"https:\/\/staging.nbg.eu\/lv\/wp-json\/wp\/v2\/types\/product"}],"wp:featuredmedia":[{"embeddable":true,"href":"https:\/\/staging.nbg.eu\/lv\/wp-json\/wp\/v2\/media\/45638"}],"wp:attachment":[{"href":"https:\/\/staging.nbg.eu\/lv\/wp-json\/wp\/v2\/media?parent=45636"}],"wp:term":[{"taxonomy":"product_brand","embeddable":true,"href":"https:\/\/staging.nbg.eu\/lv\/wp-json\/wp\/v2\/product_brand?post=45636"},{"taxonomy":"product_cat","embeddable":true,"href":"https:\/\/staging.nbg.eu\/lv\/wp-json\/wp\/v2\/product_cat?post=45636"},{"taxonomy":"product_tag","embeddable":true,"href":"https:\/\/staging.nbg.eu\/lv\/wp-json\/wp\/v2\/product_tag?post=45636"}],"curies":[{"name":"wp","href":"https:\/\/api.w.org\/{rel}","templated":true}]}}