{"id":45552,"date":"2024-08-16T11:10:46","date_gmt":"2024-09-10T14:47:30","guid":{"rendered":"https:\/\/staging.nbg.eu\/product\/barwarus-knob-for-ak47-charging-handle\/"},"modified":"2024-09-10T14:48:18","modified_gmt":"2024-09-10T14:48:18","slug":"barwarus-poga-ak47-uzlades-rokturis","status":"publish","type":"product","link":"https:\/\/staging.nbg.eu\/lv\/product\/barwarus-poga-ak47-uzlades-rokturis\/","title":{"rendered":"Barwarus Poga AK47 (uzl\u0101des rokturis)"},"content":{"rendered":"<div class=\"product-description\">\n<h2>Barwarus rokturis AK47 uzvilk\u0161anas rokturim<\/h2>\n<p>Uzlabojiet savu AK47 ar Barwarus rokturi &#8211; galveno uzlabojumu j\u016bsu uzvilk\u0161anas rokturim. \u0160is prec\u012bzi izstr\u0101d\u0101tais piederums viegli pieskr\u016bv\u0113jas uz j\u016bsu eso\u0161\u0101 uzvilk\u0161anas roktura, nodro\u0161inot gludu, palielin\u0101tu rokturi \u0113rt\u0101kai iero\u010da lieto\u0161anai.<\/p>\n<ul>\n<li>R\u016bp\u012bgi izstr\u0101d\u0101ts, lai der\u0113tu AK47 un l\u012bdz\u012bgiem mode\u013ciem<\/li>\n<li>Ergonomiska forma \u0113rti piem\u0113rojas jebkurai pirkstu poz\u012bcijai<\/li>\n<li>Dro\u0161s stiprin\u0101jums nov\u0113r\u0161 atrau\u0161an\u0101s probl\u0113mas, kas rakstur\u012bgas citiem rokturiem<\/li>\n<li>Nav nepiecie\u0161ama metin\u0101\u0161ana &#8211; izmanto eso\u0161o regul\u0113\u0161anas skr\u016bvi vieglai uzst\u0101d\u012b\u0161anai<\/li>\n<li>Sader\u012bgs ar vairumu AK47 variantu<\/li>\n<\/ul>\n<p>Izbaudiet uzlabotu iero\u010da vad\u012bbu un uzticam\u012bbu ar Barwarus rokturi. Paaugstiniet savu \u0161au\u0161anas pieredzi jau \u0161odien!<\/p>\n<\/div>\n","protected":false},"excerpt":{"rendered":"<p>Uzlabots AK47 uzvilk\u0161anas roktura poga glud\u0101kai darb\u012bbai<\/p>\n","protected":false},"featured_media":101461,"template":"","meta":{"_acf_changed":false},"product_brand":[11112],"product_cat":[13761,13776],"product_tag":[],"class_list":{"0":"post-45552","1":"product","2":"type-product","3":"status-publish","4":"has-post-thumbnail","6":"product_brand-barwarus","7":"product_cat-ak-uzlabojumi","8":"product_cat-sautenes-uzlabojumi","10":"first","11":"outofstock","12":"taxable","13":"shipping-taxable","14":"purchasable","15":"product-type-variable","16":"wvs-archive-product-wrapper"},"acf":[],"_links":{"self":[{"href":"https:\/\/staging.nbg.eu\/lv\/wp-json\/wp\/v2\/product\/45552","targetHints":{"allow":["GET"]}}],"collection":[{"href":"https:\/\/staging.nbg.eu\/lv\/wp-json\/wp\/v2\/product"}],"about":[{"href":"https:\/\/staging.nbg.eu\/lv\/wp-json\/wp\/v2\/types\/product"}],"wp:featuredmedia":[{"embeddable":true,"href":"https:\/\/staging.nbg.eu\/lv\/wp-json\/wp\/v2\/media\/101461"}],"wp:attachment":[{"href":"https:\/\/staging.nbg.eu\/lv\/wp-json\/wp\/v2\/media?parent=45552"}],"wp:term":[{"taxonomy":"product_brand","embeddable":true,"href":"https:\/\/staging.nbg.eu\/lv\/wp-json\/wp\/v2\/product_brand?post=45552"},{"taxonomy":"product_cat","embeddable":true,"href":"https:\/\/staging.nbg.eu\/lv\/wp-json\/wp\/v2\/product_cat?post=45552"},{"taxonomy":"product_tag","embeddable":true,"href":"https:\/\/staging.nbg.eu\/lv\/wp-json\/wp\/v2\/product_tag?post=45552"}],"curies":[{"name":"wp","href":"https:\/\/api.w.org\/{rel}","templated":true}]}}