{"id":45475,"date":"2024-08-16T17:57:18","date_gmt":"2024-09-10T14:26:15","guid":{"rendered":"https:\/\/staging.nbg.eu\/product\/clips-ulticlip-3\/"},"modified":"2024-09-10T14:27:00","modified_gmt":"2024-09-10T14:27:00","slug":"klipsi-ulticlip-3","status":"publish","type":"product","link":"https:\/\/staging.nbg.eu\/lv\/product\/klipsi-ulticlip-3\/","title":{"rendered":"Klip\u0161i Ulticlip 3+"},"content":{"rendered":"<div class=\"product-description\">\n<h2>Clips Ulticlip 3+: Augst\u0101k\u0101 l\u012bme\u0146a sl\u0113p\u0161ana un notur\u0113\u0161ana<\/h2>\n<p>Izbaudiet nep\u0101rsp\u0113jamu sl\u0113p\u0161anu un notur\u0113\u0161anu ar Ulticlip3+. \u0160is 100% Amerik\u0101 ra\u017eotais clips pied\u0101v\u0101:<\/p>\n<ul>\n<li>Izcilu n\u0113s\u0101\u0161anas iesp\u0113ju bez jostas<\/li>\n<li>Milit\u0101r\u0101s kvalit\u0101tes melnu oks\u012bda apdari<\/li>\n<li>Termiski apstr\u0101d\u0101tu C-1075 atsperu t\u0113raudu (RC 42-49)<\/li>\n<li>Apstr\u0101d\u0101ts ar vasku\/e\u013c\u013cu vienm\u0113r\u012bgai darb\u012bbai un r\u016bsas nov\u0113r\u0161anai<\/li>\n<li>Vair\u0101k nek\u0101 10 reizes liel\u0101ku notur\u012bbu sal\u012bdzin\u0101jum\u0101 ar standarta maksts klip\u0161iem<\/li>\n<\/ul>\n<p>Ulticlip3+ ir plakana mont\u0101\u017eas zona ar 2 slotiem un 1 caurumu, nodro\u0161inot daudzveid\u012bgas piestiprin\u0101\u0161anas iesp\u0113jas ar l\u012bdz pat 1,70&#8243; caurumu atstarpi. Ar izm\u0113riem tikai 3,5&#8243; x 7\/8&#8243; un svaru tikai 0,78 unces, tas pied\u0101v\u0101 minim\u0101lu profilu ar maksim\u0101lu sl\u0113p\u0161anu.<\/p>\n<p>Uzlabojiet savu n\u0113s\u0101\u0161anas sist\u0113mu ar Ulticlip3+ jau \u0161odien!<\/p>\n<\/div>\n","protected":false},"excerpt":{"rendered":"<p>Dro\u0161a, pl\u0101na skava, kas \u013cauj n\u0113s\u0101t ier\u012bci bez jostas. Vair\u0101kas stiprin\u0101\u0161anas iesp\u0113jas.<\/p>\n","protected":false},"featured_media":22721,"template":"","meta":{"_acf_changed":false},"product_brand":[],"product_cat":[13794,13814],"product_tag":[],"class_list":{"0":"post-45475","1":"product","2":"type-product","3":"status-publish","4":"has-post-thumbnail","6":"product_cat-ekipejums","7":"product_cat-koburas-aksesuari","9":"first","10":"instock","11":"taxable","12":"shipping-taxable","13":"purchasable","14":"product-type-simple"},"acf":[],"_links":{"self":[{"href":"https:\/\/staging.nbg.eu\/lv\/wp-json\/wp\/v2\/product\/45475","targetHints":{"allow":["GET"]}}],"collection":[{"href":"https:\/\/staging.nbg.eu\/lv\/wp-json\/wp\/v2\/product"}],"about":[{"href":"https:\/\/staging.nbg.eu\/lv\/wp-json\/wp\/v2\/types\/product"}],"wp:featuredmedia":[{"embeddable":true,"href":"https:\/\/staging.nbg.eu\/lv\/wp-json\/wp\/v2\/media\/22721"}],"wp:attachment":[{"href":"https:\/\/staging.nbg.eu\/lv\/wp-json\/wp\/v2\/media?parent=45475"}],"wp:term":[{"taxonomy":"product_brand","embeddable":true,"href":"https:\/\/staging.nbg.eu\/lv\/wp-json\/wp\/v2\/product_brand?post=45475"},{"taxonomy":"product_cat","embeddable":true,"href":"https:\/\/staging.nbg.eu\/lv\/wp-json\/wp\/v2\/product_cat?post=45475"},{"taxonomy":"product_tag","embeddable":true,"href":"https:\/\/staging.nbg.eu\/lv\/wp-json\/wp\/v2\/product_tag?post=45475"}],"curies":[{"name":"wp","href":"https:\/\/api.w.org\/{rel}","templated":true}]}}