{"id":45453,"date":"2024-08-16T17:59:54","date_gmt":"2024-09-10T14:24:11","guid":{"rendered":"https:\/\/staging.nbg.eu\/product\/clips-ulticlip-xl\/"},"modified":"2024-09-10T14:24:56","modified_gmt":"2024-09-10T14:24:56","slug":"klipsi-ulticlip-xl","status":"publish","type":"product","link":"https:\/\/staging.nbg.eu\/lv\/product\/klipsi-ulticlip-xl\/","title":{"rendered":"Klip\u0161i Ulticlip XL"},"content":{"rendered":"<div class=\"product-description\">\n<h2>Clips Ulticlip XL: Galvenais daudzfunkcion\u0101lais maksts stiprin\u0101juma klipsis<\/h2>\n<p>Iepaz\u012bstieties ar Ulticlip XL &#8211; pasaul\u0113 pirmo daudzfunkcion\u0101lo maksts stiprin\u0101juma klipsi un sl\u0113dzamu t\u0113rauda jostas cilpu vien\u0101. \u0160\u012b inovat\u012bv\u0101 ier\u012bce pied\u0101v\u0101 nep\u0101rsp\u0113jamu daudzpus\u012bbu makstu, na\u017eu makstu un aksesu\u0101ru n\u0113s\u0101\u0161anai.<\/p>\n<ul>\n<li>Divk\u0101r\u0161a funkcionalit\u0101te: Izmantojams k\u0101 maksts klipsis vai jostas cilpa<\/li>\n<li>Sader\u012bgs ar IWB un OWB n\u0113s\u0101\u0161anas veidiem<\/li>\n<li>Ieb\u016bv\u0113ta daudzfunkcion\u0101la uzgrie\u017e\u0146u atsl\u0113ga (1\/4&#8243;, 5\/16&#8243;, 3\/8&#8243;) un plakanais skr\u016bvgriezis<\/li>\n<li>Vair\u0101ki stiprin\u0101juma punkti da\u017e\u0101diem produktiem<\/li>\n<li>Sl\u0113dzama t\u0113rauda jostas cilpa 1.5&#8243; plat\u0101m jost\u0101m (l\u012bdz 3\/8&#8243; biez\u0101m)<\/li>\n<li>Milit\u0101r\u0101s kvalit\u0101tes meln\u0101 oks\u012bda apdare<\/li>\n<li>Termiski apstr\u0101d\u0101ts 1075 un 1050 atsperu t\u0113rauda konstrukcija<\/li>\n<li>Izm\u0113rs: 3.5&#8243; x 7\/8&#8243;, Svars: 1.37 unces<\/li>\n<\/ul>\n<p>Izbaudiet ultimat\u012bvo n\u0113s\u0101\u0161anas risin\u0101jumu ar Ulticlip XL!<\/p>\n<\/div>\n","protected":false},"excerpt":{"rendered":"<p>Ulticlip XL: Daudzfunkcion\u0101ls maksts klipsis un fiks\u0113jo\u0161s jostas cilpa daudzpus\u012bgai n\u0113s\u0101\u0161anai.<\/p>\n","protected":false},"featured_media":22997,"template":"","meta":{"_acf_changed":false},"product_brand":[],"product_cat":[13794,13814],"product_tag":[],"class_list":{"0":"post-45453","1":"product","2":"type-product","3":"status-publish","4":"has-post-thumbnail","6":"product_cat-ekipejums","7":"product_cat-koburas-aksesuari","9":"first","10":"instock","11":"taxable","12":"shipping-taxable","13":"purchasable","14":"product-type-simple"},"acf":[],"_links":{"self":[{"href":"https:\/\/staging.nbg.eu\/lv\/wp-json\/wp\/v2\/product\/45453","targetHints":{"allow":["GET"]}}],"collection":[{"href":"https:\/\/staging.nbg.eu\/lv\/wp-json\/wp\/v2\/product"}],"about":[{"href":"https:\/\/staging.nbg.eu\/lv\/wp-json\/wp\/v2\/types\/product"}],"wp:featuredmedia":[{"embeddable":true,"href":"https:\/\/staging.nbg.eu\/lv\/wp-json\/wp\/v2\/media\/22997"}],"wp:attachment":[{"href":"https:\/\/staging.nbg.eu\/lv\/wp-json\/wp\/v2\/media?parent=45453"}],"wp:term":[{"taxonomy":"product_brand","embeddable":true,"href":"https:\/\/staging.nbg.eu\/lv\/wp-json\/wp\/v2\/product_brand?post=45453"},{"taxonomy":"product_cat","embeddable":true,"href":"https:\/\/staging.nbg.eu\/lv\/wp-json\/wp\/v2\/product_cat?post=45453"},{"taxonomy":"product_tag","embeddable":true,"href":"https:\/\/staging.nbg.eu\/lv\/wp-json\/wp\/v2\/product_tag?post=45453"}],"curies":[{"name":"wp","href":"https:\/\/api.w.org\/{rel}","templated":true}]}}