{"id":45351,"date":"2024-08-16T18:05:19","date_gmt":"2024-08-16T18:05:19","guid":{"rendered":"https:\/\/staging.nbg.eu\/product\/calypso-mini-weather-station-45m-s\/"},"modified":"2024-10-16T09:35:47","modified_gmt":"2024-10-16T09:35:47","slug":"calypso-ultraskanas-portativais-mini-veja-meritajs-45ms","status":"publish","type":"product","link":"https:\/\/staging.nbg.eu\/lv\/product\/calypso-ultraskanas-portativais-mini-veja-meritajs-45ms\/","title":{"rendered":"Calypso Ultraska\u0146as Portat\u012bvais Mini V\u0113ja M\u0113r\u012bt\u0101js 45m\/s"},"content":{"rendered":"<h2>Calypso Mini 45m\/s Ultraska\u0146as Anemometrs<\/h2>\n<p>Iepaz\u012bstieties ar Calypso Mini 45m\/s &#8211; kompaktu un daudzpus\u012bgu v\u0113ja m\u0113r\u012b\u0161anas risin\u0101jumu. \u0160is miniat\u016brais ultraska\u0146as anemometrs un v\u0113ja r\u0101d\u012bt\u0101js apvieno m\u016bsdien\u012bgu tehnolo\u0123iju ar p\u0101rn\u0113s\u0101jam\u012bbu.<\/p>\n<h2>Galven\u0101s Iez\u012bmes:<\/h2>\n<ul>\n<li>Bluetooth savienojam\u012bba vieglai datu re\u0123istr\u0113\u0161anai<\/li>\n<li>Darbojas ar bateriju un bezvadu QI uzl\u0101di<\/li>\n<li>Ultraska\u0146as sensori nodro\u0161ina stabilu un uzticamu darb\u012bbu<\/li>\n<li>M\u0113ra gan v\u0113ja \u0101trumu, gan virzienu<\/li>\n<li>Kompakts izm\u0113rs: tikai 43mm diametr\u0101<\/li>\n<li>1\/4&#8243; sievie\u0161u v\u012btne trijk\u0101ja stiprin\u0101\u0161anai<\/li>\n<li>Sader\u012bgs ar Anemotracker lietotni<\/li>\n<li>Pieejams papildu telefona stiprin\u0101juma piederums<\/li>\n<\/ul>\n<p>Ide\u0101li piem\u0113rots da\u017e\u0101d\u0101m nozar\u0113m un pielietojumiem, Calypso Mini 45m\/s nodro\u0161ina profesion\u0101la l\u012bme\u0146a v\u0113ja m\u0113r\u012bjumus portat\u012bv\u0101 ier\u012bc\u0113. T\u0101 bezvadu dizains un sader\u012bba ar NMEA v\u0101rtej\u0101m padara to par ide\u0101lu izv\u0113li gan patst\u0101v\u012bgai lieto\u0161anai, gan integr\u0101cijai eso\u0161aj\u0101s sist\u0113m\u0101s.<\/p>\n","protected":false},"excerpt":{"rendered":"<p>Kompakts Bluetooth anemometrs m\u0113ra v\u0113ja \u0101trumu\/virzienu. Darbojas ar lietotni.<\/p>\n","protected":false},"featured_media":101829,"template":"","meta":{"_acf_changed":false},"product_brand":[11179],"product_cat":[13830,13769],"product_tag":[],"class_list":{"0":"post-45351","1":"product","2":"type-product","3":"status-publish","4":"has-post-thumbnail","6":"product_brand-calypso","7":"product_cat-instrumenti","8":"product_cat-laikapstaklu-meritaji","10":"first","11":"instock","12":"taxable","13":"shipping-taxable","14":"purchasable","15":"product-type-simple"},"acf":[],"_links":{"self":[{"href":"https:\/\/staging.nbg.eu\/lv\/wp-json\/wp\/v2\/product\/45351","targetHints":{"allow":["GET"]}}],"collection":[{"href":"https:\/\/staging.nbg.eu\/lv\/wp-json\/wp\/v2\/product"}],"about":[{"href":"https:\/\/staging.nbg.eu\/lv\/wp-json\/wp\/v2\/types\/product"}],"wp:featuredmedia":[{"embeddable":true,"href":"https:\/\/staging.nbg.eu\/lv\/wp-json\/wp\/v2\/media\/101829"}],"wp:attachment":[{"href":"https:\/\/staging.nbg.eu\/lv\/wp-json\/wp\/v2\/media?parent=45351"}],"wp:term":[{"taxonomy":"product_brand","embeddable":true,"href":"https:\/\/staging.nbg.eu\/lv\/wp-json\/wp\/v2\/product_brand?post=45351"},{"taxonomy":"product_cat","embeddable":true,"href":"https:\/\/staging.nbg.eu\/lv\/wp-json\/wp\/v2\/product_cat?post=45351"},{"taxonomy":"product_tag","embeddable":true,"href":"https:\/\/staging.nbg.eu\/lv\/wp-json\/wp\/v2\/product_tag?post=45351"}],"curies":[{"name":"wp","href":"https:\/\/api.w.org\/{rel}","templated":true}]}}