{"id":45134,"date":"2024-08-18T09:27:28","date_gmt":"2024-09-10T12:42:24","guid":{"rendered":"https:\/\/staging.nbg.eu\/product\/dillon-precision-daa-223-fast-flow-powder-funnel\/"},"modified":"2024-09-10T12:43:09","modified_gmt":"2024-09-10T12:43:09","slug":"dillon-precision-daa-223-atras-plusmas-pulvera-piltuve","status":"publish","type":"product","link":"https:\/\/staging.nbg.eu\/lv\/product\/dillon-precision-daa-223-atras-plusmas-pulvera-piltuve\/","title":{"rendered":"Dillon Precision &#8211; Daa .223 \u0100tr\u0101s-Pl\u016bsmas Pulvera Piltuve"},"content":{"rendered":"<div class=\"product-description\">\n<h2>Dillon Precision &#8211; DAA .223 \u0100tras pl\u016bsmas pulvera piltuve<\/h2>\n<p>Uzlabojiet savu .223 p\u0101rl\u0101d\u0113\u0161anas pieredzi ar DAA .223 \u0100tras pl\u016bsmas piltuvi. Izstr\u0101d\u0101ta sadarb\u012bb\u0101 ar Aerospace Systems in\u017eenieri Andrew Murrell, CSEP, \u0161\u012b piltuve uzlabo pulvera pl\u016bsmas konsekvenci un samazina n\u016bji\u0146u vai p\u0101rslu pulveru sa\u0137er\u0161anos.<\/p>\n<ul>\n<li>Izgatavota no SUS303 ner\u016bs\u0113jo\u0161\u0101 t\u0113rauda<\/li>\n<li>Elektropul\u0113ts spogu\u013ca sp\u012bdums<\/li>\n<li>Izcila r\u016bsas iztur\u012bba un nodilumiztur\u012bba<\/li>\n<li>Unik\u0101la iek\u0161\u0113j\u0101 piltuves forma lab\u0101kai pulvera pl\u016bsmai<\/li>\n<li>Sader\u012bga ar Dillon pulvera dozatoriem<\/li>\n<\/ul>\n<p>Izbaudiet at\u0161\u0137ir\u012bbu ar m\u016bsu prec\u012bzi izstr\u0101d\u0101to piltuvi, kas ietver stingras pielaides un gluda stikla apdari, nodro\u0161inot augst\u0101ko veiktsp\u0113ju un pulvera pl\u016bsmu.<\/p>\n<\/div>\n","protected":false},"excerpt":{"rendered":"<p>Racionaliz\u0113ta .223 pulvera piltuve konsekventai, bez aizspriedumiem veicamai p\u0101rl\u0101d\u0113\u0161anai.<\/p>\n","protected":false},"featured_media":26238,"template":"","meta":{"_acf_changed":false},"product_brand":[11271],"product_cat":[13823,13777],"product_tag":[],"class_list":{"0":"post-45134","1":"product","2":"type-product","3":"status-publish","4":"has-post-thumbnail","6":"product_brand-doublealpha","7":"product_cat-parladesana","8":"product_cat-parladesanas-aksesuari","10":"first","11":"instock","12":"taxable","13":"shipping-taxable","14":"purchasable","15":"product-type-simple"},"acf":[],"_links":{"self":[{"href":"https:\/\/staging.nbg.eu\/lv\/wp-json\/wp\/v2\/product\/45134","targetHints":{"allow":["GET"]}}],"collection":[{"href":"https:\/\/staging.nbg.eu\/lv\/wp-json\/wp\/v2\/product"}],"about":[{"href":"https:\/\/staging.nbg.eu\/lv\/wp-json\/wp\/v2\/types\/product"}],"wp:featuredmedia":[{"embeddable":true,"href":"https:\/\/staging.nbg.eu\/lv\/wp-json\/wp\/v2\/media\/26238"}],"wp:attachment":[{"href":"https:\/\/staging.nbg.eu\/lv\/wp-json\/wp\/v2\/media?parent=45134"}],"wp:term":[{"taxonomy":"product_brand","embeddable":true,"href":"https:\/\/staging.nbg.eu\/lv\/wp-json\/wp\/v2\/product_brand?post=45134"},{"taxonomy":"product_cat","embeddable":true,"href":"https:\/\/staging.nbg.eu\/lv\/wp-json\/wp\/v2\/product_cat?post=45134"},{"taxonomy":"product_tag","embeddable":true,"href":"https:\/\/staging.nbg.eu\/lv\/wp-json\/wp\/v2\/product_tag?post=45134"}],"curies":[{"name":"wp","href":"https:\/\/api.w.org\/{rel}","templated":true}]}}