{"id":45090,"date":"2024-08-18T09:28:23","date_gmt":"2024-08-18T09:28:23","guid":{"rendered":"https:\/\/staging.nbg.eu\/product\/daa-reloading-press-tool-holder\/"},"modified":"2024-09-10T12:29:35","modified_gmt":"2024-09-10T12:29:35","slug":"daa-parladesanas-presa-instrumentu-turetajs","status":"publish","type":"product","link":"https:\/\/staging.nbg.eu\/lv\/product\/daa-parladesanas-presa-instrumentu-turetajs\/","title":{"rendered":"Daa P\u0101rl\u0101d\u0113\u0161anas-Pre\u0161a Instrumentu-Tur\u0113t\u0101js"},"content":{"rendered":"<div class=\"product-description\">\n<h2>DAA P\u0101rl\u0101d\u0113\u0161anas preses instrumentu tur\u0113t\u0101js<\/h2>\n<p>Organiz\u0113jiet savus p\u0101rl\u0101d\u0113\u0161anas instrumentus ar \u0161o \u0113rto tur\u0113t\u0101ju! Izstr\u0101d\u0101ts Dillon RL1100\/1050\/750\/650 pres\u0113m, to var viegli uzst\u0101d\u012bt uz 1 collas kvadr\u0101tveida vai apa\u013c\u0101m caurul\u0113m.<\/p>\n<ul>\n<li>Iztur\u012bga stikl\u0161\u0137iedras arm\u0113ta neilona konstrukcija<\/li>\n<li>Gumijas kr\u0101sas p\u0101rkl\u0101jums pievilc\u012bgam nobeigumam<\/li>\n<li>Ietilpst 7 se\u0161st\u016bra atsl\u0113gas, matricas atsl\u0113ga un 3 papildu instrumenti<\/li>\n<li>Liela iedobe s\u012bku deta\u013cu uzglab\u0101\u0161anai<\/li>\n<li>Ieb\u016bv\u0113ts magn\u0113ts met\u0101la priek\u0161metu tur\u0113\u0161anai<\/li>\n<\/ul>\n<p>Uzlabojiet savu p\u0101rl\u0101d\u0113\u0161anas apr\u012bkojumu ar \u0161o daudzpus\u012bgo instrumentu tur\u0113t\u0101ju! (Instrumenti nav iek\u013cauti)<\/p>\n<\/div>\n","protected":false},"excerpt":{"rendered":"<p>Daudzpus\u012bgs preses stiprin\u0101jums p\u0101rl\u0101d\u0113\u0161anas instrumentiem un deta\u013c\u0101m.<\/p>\n","protected":false},"featured_media":26573,"template":"","meta":{"_acf_changed":false},"product_brand":[11271],"product_cat":[13823,13777],"product_tag":[],"class_list":{"0":"post-45090","1":"product","2":"type-product","3":"status-publish","4":"has-post-thumbnail","6":"product_brand-doublealpha","7":"product_cat-parladesana","8":"product_cat-parladesanas-aksesuari","10":"first","11":"outofstock","12":"taxable","13":"shipping-taxable","14":"purchasable","15":"product-type-simple"},"acf":[],"_links":{"self":[{"href":"https:\/\/staging.nbg.eu\/lv\/wp-json\/wp\/v2\/product\/45090","targetHints":{"allow":["GET"]}}],"collection":[{"href":"https:\/\/staging.nbg.eu\/lv\/wp-json\/wp\/v2\/product"}],"about":[{"href":"https:\/\/staging.nbg.eu\/lv\/wp-json\/wp\/v2\/types\/product"}],"wp:featuredmedia":[{"embeddable":true,"href":"https:\/\/staging.nbg.eu\/lv\/wp-json\/wp\/v2\/media\/26573"}],"wp:attachment":[{"href":"https:\/\/staging.nbg.eu\/lv\/wp-json\/wp\/v2\/media?parent=45090"}],"wp:term":[{"taxonomy":"product_brand","embeddable":true,"href":"https:\/\/staging.nbg.eu\/lv\/wp-json\/wp\/v2\/product_brand?post=45090"},{"taxonomy":"product_cat","embeddable":true,"href":"https:\/\/staging.nbg.eu\/lv\/wp-json\/wp\/v2\/product_cat?post=45090"},{"taxonomy":"product_tag","embeddable":true,"href":"https:\/\/staging.nbg.eu\/lv\/wp-json\/wp\/v2\/product_tag?post=45090"}],"curies":[{"name":"wp","href":"https:\/\/api.w.org\/{rel}","templated":true}]}}