{"id":45068,"date":"2024-08-18T09:28:37","date_gmt":"2024-08-18T09:28:37","guid":{"rendered":"https:\/\/staging.nbg.eu\/product\/lynx-belt-steel-mini-punch-tool\/"},"modified":"2024-09-10T12:25:57","modified_gmt":"2024-09-10T12:25:57","slug":"lynx-josta-terauda-mini-caurumotajs","status":"publish","type":"product","link":"https:\/\/staging.nbg.eu\/lv\/product\/lynx-josta-terauda-mini-caurumotajs\/","title":{"rendered":"Lynx Josta: T\u0113rauda Mini Caurumot\u0101js"},"content":{"rendered":"<p>Lynx Belt t\u0113rauda mini caurumot\u0101js ir kompakts, p\u0113c pas\u016bt\u012bjuma izgatavots t\u0113rauda caurumot\u0101js, kas paredz\u0113ts \u0101trai un vieglai rull\u012b\u0161u tapu iz\u0146em\u0161anai. Ide\u0101li piem\u0113rots siksnas posmu regul\u0113\u0161anai, \u0161is vieglais instruments ir 70 mm gar\u0161 ar 6 mm galvas diametru un 2,5 mm k\u0101ta diametru. Lieliski piem\u0113rots j\u016bsu \u0161autuves somas instrumentu komplektam.<\/p>\n","protected":false},"excerpt":{"rendered":"<p>Kompakts t\u0113rauda caurumsit\u0113js \u0101trai un vieglai siksnas posmu piel\u0101go\u0161anai.<\/p>\n","protected":false},"featured_media":26711,"template":"","meta":{"_acf_changed":false},"product_brand":[11271],"product_cat":[13794,13797],"product_tag":[],"class_list":{"0":"post-45068","1":"product","2":"type-product","3":"status-publish","4":"has-post-thumbnail","6":"product_brand-doublealpha","7":"product_cat-ekipejums","8":"product_cat-sporta-jostas","10":"first","11":"instock","12":"taxable","13":"shipping-taxable","14":"purchasable","15":"product-type-simple"},"acf":[],"_links":{"self":[{"href":"https:\/\/staging.nbg.eu\/lv\/wp-json\/wp\/v2\/product\/45068","targetHints":{"allow":["GET"]}}],"collection":[{"href":"https:\/\/staging.nbg.eu\/lv\/wp-json\/wp\/v2\/product"}],"about":[{"href":"https:\/\/staging.nbg.eu\/lv\/wp-json\/wp\/v2\/types\/product"}],"wp:featuredmedia":[{"embeddable":true,"href":"https:\/\/staging.nbg.eu\/lv\/wp-json\/wp\/v2\/media\/26711"}],"wp:attachment":[{"href":"https:\/\/staging.nbg.eu\/lv\/wp-json\/wp\/v2\/media?parent=45068"}],"wp:term":[{"taxonomy":"product_brand","embeddable":true,"href":"https:\/\/staging.nbg.eu\/lv\/wp-json\/wp\/v2\/product_brand?post=45068"},{"taxonomy":"product_cat","embeddable":true,"href":"https:\/\/staging.nbg.eu\/lv\/wp-json\/wp\/v2\/product_cat?post=45068"},{"taxonomy":"product_tag","embeddable":true,"href":"https:\/\/staging.nbg.eu\/lv\/wp-json\/wp\/v2\/product_tag?post=45068"}],"curies":[{"name":"wp","href":"https:\/\/api.w.org\/{rel}","templated":true}]}}