{"id":45002,"date":"2024-08-18T09:30:21","date_gmt":"2024-08-18T09:30:21","guid":{"rendered":"https:\/\/staging.nbg.eu\/product\/lynx-belt-ratchet-buckle\/"},"modified":"2024-09-10T12:03:07","modified_gmt":"2024-09-10T12:03:07","slug":"lynx-jostas-raksturis-spradze","status":"publish","type":"product","link":"https:\/\/staging.nbg.eu\/lv\/product\/lynx-jostas-raksturis-spradze\/","title":{"rendered":"Lynx Jostas Raksturis Spr\u0101dze"},"content":{"rendered":"<div class=\"product-description\">\n<h2>DAA Lynx jostas spr\u0101dze ar fiksatoru<\/h2>\n<p>Uzlabojiet savu \u0161au\u0161anas ekip\u0113jumu ar DAA Lynx jostas spr\u0101dzes sist\u0113mu ar fiksatoru. \u0160\u012b inovat\u012bv\u0101 spr\u0101dze pied\u0101v\u0101:<\/p>\n<ul>\n<li>Liel\u0101ku garuma regul\u0113\u0161anas iesp\u0113ju, lai viegli piel\u0101gotos ap\u0123\u0113rbam<\/li>\n<li>\u0100tru atlai\u0161anu un pievilk\u0161anu starp posmiem<\/li>\n<li>Iztur\u012bgu t\u0113rauda un alum\u012bnija konstrukciju<\/li>\n<li>23 mm platu gumijas siksnu ar 16 cm regul\u0113\u0161anas diapazonu<\/li>\n<li>Divas iepriek\u0161 urbt\u0101s melnas saites ar t\u0113rauda v\u012bt\u0146otiem ielikt\u0146iem<\/li>\n<\/ul>\n<p>Ieteicam\u0101 novieto\u0161ana: priek\u0161pus\u0113, starp maksti un pirmo somi\u0146u. Ja v\u0113laties, siksnu var sa\u012bsin\u0101t un spr\u0101dzes virzienu main\u012bt. Uzlabojiet savu \u0161au\u0161anas pieredzi ar liel\u0101ku komfortu un \u0113rt\u012bbu!<\/p>\n<\/div>\n","protected":false},"excerpt":{"rendered":"<p>Spr\u016bdrata spr\u0101dze \u0113rtai jostas regul\u0113\u0161anai un \u0101trai savilk\u0161anai.<\/p>\n","protected":false},"featured_media":26872,"template":"","meta":{"_acf_changed":false},"product_brand":[11271],"product_cat":[13794,13797],"product_tag":[],"class_list":{"0":"post-45002","1":"product","2":"type-product","3":"status-publish","4":"has-post-thumbnail","6":"product_brand-doublealpha","7":"product_cat-ekipejums","8":"product_cat-sporta-jostas","10":"first","11":"instock","12":"taxable","13":"shipping-taxable","14":"purchasable","15":"product-type-simple"},"acf":[],"_links":{"self":[{"href":"https:\/\/staging.nbg.eu\/lv\/wp-json\/wp\/v2\/product\/45002","targetHints":{"allow":["GET"]}}],"collection":[{"href":"https:\/\/staging.nbg.eu\/lv\/wp-json\/wp\/v2\/product"}],"about":[{"href":"https:\/\/staging.nbg.eu\/lv\/wp-json\/wp\/v2\/types\/product"}],"wp:featuredmedia":[{"embeddable":true,"href":"https:\/\/staging.nbg.eu\/lv\/wp-json\/wp\/v2\/media\/26872"}],"wp:attachment":[{"href":"https:\/\/staging.nbg.eu\/lv\/wp-json\/wp\/v2\/media?parent=45002"}],"wp:term":[{"taxonomy":"product_brand","embeddable":true,"href":"https:\/\/staging.nbg.eu\/lv\/wp-json\/wp\/v2\/product_brand?post=45002"},{"taxonomy":"product_cat","embeddable":true,"href":"https:\/\/staging.nbg.eu\/lv\/wp-json\/wp\/v2\/product_cat?post=45002"},{"taxonomy":"product_tag","embeddable":true,"href":"https:\/\/staging.nbg.eu\/lv\/wp-json\/wp\/v2\/product_tag?post=45002"}],"curies":[{"name":"wp","href":"https:\/\/api.w.org\/{rel}","templated":true}]}}