{"id":44980,"date":"2024-08-18T09:31:04","date_gmt":"2024-08-18T09:31:04","guid":{"rendered":"https:\/\/staging.nbg.eu\/product\/daa-1-die-box-end-wrench\/"},"modified":"2024-09-10T11:56:35","modified_gmt":"2024-09-10T11:56:35","slug":"daa-1-matrica-kastveida-uzgrieznu-atslega","status":"publish","type":"product","link":"https:\/\/staging.nbg.eu\/lv\/product\/daa-1-matrica-kastveida-uzgrieznu-atslega\/","title":{"rendered":"Daa 1&#8243; Matrica, Kastveida Uzgrie\u017e\u0146u Atsl\u0113ga"},"content":{"rendered":"<div class=\"product-description\">\n<h2>DAA 1&#8243; matricas uzgrie\u017e\u0146u atsl\u0113ga<\/h2>\n<p>Ide\u0101ls risin\u0101jums p\u0101rl\u0101d\u0113t\u0101jiem, kas c\u012bn\u0101s ar matricu regul\u0113\u0161anu \u0161auros instrumentu tur\u0113t\u0101jos. \u0160\u012b p\u0113c pas\u016bt\u012bjuma izgatavot\u0101, ar l\u0101zeru griezt\u0101 ner\u016bs\u0113jo\u0161\u0101 t\u0113rauda atsl\u0113ga pied\u0101v\u0101:<\/p>\n<ul>\n<li>Pl\u0101nsienu dizains vieglai piek\u013cuvei starp matric\u0101m<\/li>\n<li>Vair\u0101kas \u017eok\u013cu poz\u012bcijas optim\u0101lai novieto\u0161anai<\/li>\n<li>Iztur\u012bga konstrukcija ilgsto\u0161ai lieto\u0161anai<\/li>\n<li>Prec\u012bzi izstr\u0101d\u0101ta 1&#8243; uzgrie\u017e\u0146iem<\/li>\n<\/ul>\n<p>Uzlabojiet savu p\u0101rl\u0101d\u0113\u0161anas apr\u012bkojumu ar \u0161o b\u016btisko instrumentu, kas izstr\u0101d\u0101ts, lai padar\u012btu matricu regul\u0113\u0161anu \u0101tru un vieglu. Sader\u012bga ar standarta 1&#8243; matricu uzgrie\u017e\u0146iem, nodro\u0161inot maksim\u0101lu daudzpus\u012bbu un \u0113rtumu.<\/p>\n<\/div>\n","protected":false},"excerpt":{"rendered":"<p>DAA 1&#8243; matricu atsl\u0113ga: Pl\u0101na, iztur\u012bga, daudzpus\u012bga. Viegla piek\u013cuve p\u0101rl\u0101d\u0113t\u0101jiem.<\/p>\n","protected":false},"featured_media":27010,"template":"","meta":{"_acf_changed":false},"product_brand":[11271],"product_cat":[13823,13777],"product_tag":[],"class_list":{"0":"post-44980","1":"product","2":"type-product","3":"status-publish","4":"has-post-thumbnail","6":"product_brand-doublealpha","7":"product_cat-parladesana","8":"product_cat-parladesanas-aksesuari","10":"first","11":"outofstock","12":"taxable","13":"shipping-taxable","14":"purchasable","15":"product-type-simple"},"acf":[],"_links":{"self":[{"href":"https:\/\/staging.nbg.eu\/lv\/wp-json\/wp\/v2\/product\/44980","targetHints":{"allow":["GET"]}}],"collection":[{"href":"https:\/\/staging.nbg.eu\/lv\/wp-json\/wp\/v2\/product"}],"about":[{"href":"https:\/\/staging.nbg.eu\/lv\/wp-json\/wp\/v2\/types\/product"}],"wp:featuredmedia":[{"embeddable":true,"href":"https:\/\/staging.nbg.eu\/lv\/wp-json\/wp\/v2\/media\/27010"}],"wp:attachment":[{"href":"https:\/\/staging.nbg.eu\/lv\/wp-json\/wp\/v2\/media?parent=44980"}],"wp:term":[{"taxonomy":"product_brand","embeddable":true,"href":"https:\/\/staging.nbg.eu\/lv\/wp-json\/wp\/v2\/product_brand?post=44980"},{"taxonomy":"product_cat","embeddable":true,"href":"https:\/\/staging.nbg.eu\/lv\/wp-json\/wp\/v2\/product_cat?post=44980"},{"taxonomy":"product_tag","embeddable":true,"href":"https:\/\/staging.nbg.eu\/lv\/wp-json\/wp\/v2\/product_tag?post=44980"}],"curies":[{"name":"wp","href":"https:\/\/api.w.org\/{rel}","templated":true}]}}