{"id":44958,"date":"2024-08-18T09:31:20","date_gmt":"2024-08-18T09:31:20","guid":{"rendered":"https:\/\/staging.nbg.eu\/product\/dillon-daa-click-adjustable-powder-knob-v2\/"},"modified":"2024-09-10T11:51:03","modified_gmt":"2024-09-10T11:51:03","slug":"dillon-daa-klikska-regulejama-pulvera-poga-v2","status":"publish","type":"product","link":"https:\/\/staging.nbg.eu\/lv\/product\/dillon-daa-klikska-regulejama-pulvera-poga-v2\/","title":{"rendered":"Dillon &#8211; Daa Klik\u0161\u0137a-Regul\u0113jama Pulvera Poga V2"},"content":{"rendered":"<div class=\"product-description\">\n<h2>Dillon &#8211; DAA Klik\u0161\u0137in\u0101mais regul\u0113jamais pulvera rokturis V2<\/h2>\n<p>Uzlabojiet savu p\u0101rl\u0101d\u0113\u0161anas pieredzi ar DAA Klik\u0161\u0137in\u0101mo regul\u0113jamo pulvera rokturi V2, uzlaboto otr\u0101s paaudzes pied\u0101v\u0101jumu no DAA. \u0160im prec\u012bzi izstr\u0101d\u0101tajam rokturim ir \u0161\u0101das \u012bpa\u0161\u012bbas:<\/p>\n<ul>\n<li>Divu da\u013cu alum\u012bnija konstrukcija vieglai mont\u0101\u017eai<\/li>\n<li>32mm apa\u013c\u0161, meh\u0101niski apstr\u0101d\u0101ts alum\u012bnija rokturis ar l\u0101zergrav\u0113jumu<\/li>\n<li>Rievota \u0101r\u0113j\u0101 mala lab\u0101kai satverei un kontrolei<\/li>\n<li>Dzirdami klik\u0161\u0137i prec\u012bzai 18 gr\u0101du regul\u0113\u0161anai<\/li>\n<li>20 klik\u0161\u0137i vien\u0101 apgriezien\u0101 prec\u012bzai pulvera devas kontrolei<\/li>\n<li>L\u0101zergrav\u0113ts ciparn\u012bca, kas nor\u0101da devas palielin\u0101\u0161anu\/samazin\u0101\u0161anu<\/li>\n<li>Sader\u012bgs ar mazajiem Dillon l\u0101di\u0146u stie\u0146iem (nav paredz\u0113ts lieliem \u0161aute\u0146u l\u0101di\u0146u stie\u0146iem)<\/li>\n<\/ul>\n<p>Bez piep\u016bles uzst\u0101diet un piel\u0101gojiet pulvera devas ar \u0161o eleganto, funkcion\u0101lo un lietot\u0101jam draudz\u012bgo rokturi. Uzlabojiet savu p\u0101rl\u0101d\u0113\u0161anas apr\u012bkojumu jau \u0161odien!<\/p>\n<\/div>\n","protected":false},"excerpt":{"rendered":"<p>Prec\u012bza un viegli lietojama pulvera uzpildes regul\u0113\u0161ana Dillon pres\u0113m.<\/p>\n","protected":false},"featured_media":27056,"template":"","meta":{"_acf_changed":false},"product_brand":[11271],"product_cat":[13823,13777],"product_tag":[],"class_list":{"0":"post-44958","1":"product","2":"type-product","3":"status-publish","4":"has-post-thumbnail","6":"product_brand-doublealpha","7":"product_cat-parladesana","8":"product_cat-parladesanas-aksesuari","10":"first","11":"outofstock","12":"taxable","13":"shipping-taxable","14":"purchasable","15":"product-type-simple"},"acf":[],"_links":{"self":[{"href":"https:\/\/staging.nbg.eu\/lv\/wp-json\/wp\/v2\/product\/44958","targetHints":{"allow":["GET"]}}],"collection":[{"href":"https:\/\/staging.nbg.eu\/lv\/wp-json\/wp\/v2\/product"}],"about":[{"href":"https:\/\/staging.nbg.eu\/lv\/wp-json\/wp\/v2\/types\/product"}],"wp:featuredmedia":[{"embeddable":true,"href":"https:\/\/staging.nbg.eu\/lv\/wp-json\/wp\/v2\/media\/27056"}],"wp:attachment":[{"href":"https:\/\/staging.nbg.eu\/lv\/wp-json\/wp\/v2\/media?parent=44958"}],"wp:term":[{"taxonomy":"product_brand","embeddable":true,"href":"https:\/\/staging.nbg.eu\/lv\/wp-json\/wp\/v2\/product_brand?post=44958"},{"taxonomy":"product_cat","embeddable":true,"href":"https:\/\/staging.nbg.eu\/lv\/wp-json\/wp\/v2\/product_cat?post=44958"},{"taxonomy":"product_tag","embeddable":true,"href":"https:\/\/staging.nbg.eu\/lv\/wp-json\/wp\/v2\/product_tag?post=44958"}],"curies":[{"name":"wp","href":"https:\/\/api.w.org\/{rel}","templated":true}]}}