{"id":44914,"date":"2024-08-18T09:32:43","date_gmt":"2024-08-18T09:32:43","guid":{"rendered":"https:\/\/staging.nbg.eu\/product\/daa-toolhead-led-lighting-controller-unit\/"},"modified":"2024-09-10T11:30:52","modified_gmt":"2024-09-10T11:30:52","slug":"daa-instrumentgalvas-led-apgaismojuma-kontroles-bloks","status":"publish","type":"product","link":"https:\/\/staging.nbg.eu\/lv\/product\/daa-instrumentgalvas-led-apgaismojuma-kontroles-bloks\/","title":{"rendered":"Daa Instrumentgalvas Led Apgaismojuma Kontroles Bloks"},"content":{"rendered":"<h2>DAA instrumentgalvas LED apgaismojuma kontroliera iek\u0101rta<\/h2>\n<p>Apgaismojiet savu darba vietu ar precizit\u0101ti! \u0160is daudzpus\u012bgais kontrolieris darbina visus DAA LED instrumentgalvas apgaismojumus, s\u0101kot no 4 LED plat\u0113m l\u012bdz 10 LED Mark7 plat\u0113m. Funkcijas ietver:<\/p>\n<ul>\n<li>Vied\u0101 elektronika autom\u0101tiskai plates identific\u0113\u0161anai<\/li>\n<li>Kompakts dizains ar ritenti\u0146a ON\/OFF sl\u0113dzi un gaismas regulatoru<\/li>\n<li>30cm savienojuma kabelis<\/li>\n<li>Velcro stiprin\u0101jums vieglai mont\u0101\u017eai<\/li>\n<li>110\/220V baro\u0161anas bloks ar 2M vadu un ASV\/ES kontaktdak\u0161\u0101m<\/li>\n<\/ul>\n<p>Optimiz\u0113jiet savu apgaismojuma sist\u0113mu ar \u0161o b\u016btisko piederumu!<\/p>\n","protected":false},"excerpt":{"rendered":"<p>Daudzpus\u012bgs LED kontrolieris ar regulatoru patronu pild\u012b\u0161anas preses apgaismojumam.<\/p>\n","protected":false},"featured_media":27194,"template":"","meta":{"_acf_changed":false},"product_brand":[11271],"product_cat":[13823,13777],"product_tag":[],"class_list":{"0":"post-44914","1":"product","2":"type-product","3":"status-publish","4":"has-post-thumbnail","6":"product_brand-doublealpha","7":"product_cat-parladesana","8":"product_cat-parladesanas-aksesuari","10":"first","11":"outofstock","12":"taxable","13":"shipping-taxable","14":"purchasable","15":"product-type-simple"},"acf":[],"_links":{"self":[{"href":"https:\/\/staging.nbg.eu\/lv\/wp-json\/wp\/v2\/product\/44914","targetHints":{"allow":["GET"]}}],"collection":[{"href":"https:\/\/staging.nbg.eu\/lv\/wp-json\/wp\/v2\/product"}],"about":[{"href":"https:\/\/staging.nbg.eu\/lv\/wp-json\/wp\/v2\/types\/product"}],"wp:featuredmedia":[{"embeddable":true,"href":"https:\/\/staging.nbg.eu\/lv\/wp-json\/wp\/v2\/media\/27194"}],"wp:attachment":[{"href":"https:\/\/staging.nbg.eu\/lv\/wp-json\/wp\/v2\/media?parent=44914"}],"wp:term":[{"taxonomy":"product_brand","embeddable":true,"href":"https:\/\/staging.nbg.eu\/lv\/wp-json\/wp\/v2\/product_brand?post=44914"},{"taxonomy":"product_cat","embeddable":true,"href":"https:\/\/staging.nbg.eu\/lv\/wp-json\/wp\/v2\/product_cat?post=44914"},{"taxonomy":"product_tag","embeddable":true,"href":"https:\/\/staging.nbg.eu\/lv\/wp-json\/wp\/v2\/product_tag?post=44914"}],"curies":[{"name":"wp","href":"https:\/\/api.w.org\/{rel}","templated":true}]}}