{"id":44892,"date":"2024-08-18T09:33:06","date_gmt":"2024-08-18T09:33:06","guid":{"rendered":"https:\/\/staging.nbg.eu\/product\/daa-hard-case-medium-300\/"},"modified":"2024-09-10T11:26:57","modified_gmt":"2024-09-10T11:26:57","slug":"daa-cietais-futralis-videjs-300","status":"publish","type":"product","link":"https:\/\/staging.nbg.eu\/lv\/product\/daa-cietais-futralis-videjs-300\/","title":{"rendered":"Daa Cietais Futralis Videjs &#8211; 300"},"content":{"rendered":"<div class=\"product-description\">\n<h2>DAA Cietais Koferis Vid\u0113jais &#8211; 300<\/h2>\n<p>IP67 sertific\u0113tais DAA Cietais Koferis Vid\u0113jais-300 pied\u0101v\u0101 nep\u0101rsp\u0113jamu aizsardz\u012bbu j\u016bsu \u0161aujamiero\u010diem un v\u0113rt\u012bgam apr\u012bkojumam. Izstr\u0101d\u0101ts iztur\u012bbai un uzticam\u012bbai, \u0161is koferis ir ide\u0101li piem\u0113rots da\u017e\u0101diem pielietojumiem, tostarp j\u016brniec\u012bbai, fotogr\u0101fijai, med\u012bb\u0101m un cit\u0101m jom\u0101m.<\/p>\n<h3>Galven\u0101s \u012bpa\u0161\u012bbas:<\/h3>\n<ul>\n<li>\u016adensnecaurlaid\u012bgs bl\u012bv\u0113jums un autom\u0101tiskais spiediena izl\u012bdzin\u0101\u0161anas v\u0101rsts<\/li>\n<li>Dubult\u0101s aizdares un caurumi piekaramajai atsl\u0113gai dro\u0161\u012bbai<\/li>\n<li>Kr\u0101m\u0113jama blo\u0137\u0113\u0161anas sist\u0113ma<\/li>\n<li>Pick N Pluck putu iek\u0161\u0113j\u0101 da\u013ca individualiz\u0113tai aizsardz\u012bbai<\/li>\n<li>Pieejams meln\u0101 vai oran\u017e\u0101 kr\u0101s\u0101<\/li>\n<\/ul>\n<h3>Specifik\u0101cijas:<\/h3>\n<ul>\n<li>\u0100r\u0113jie izm\u0113ri: 336 x 300 x 148 mm<\/li>\n<li>Iek\u0161\u0113jie izm\u0113ri: 300 x 225 x 132 mm<\/li>\n<li>Svars: 1,75 kg<\/li>\n<\/ul>\n<p>Ide\u0101li piem\u0113rots \u0161aujamiero\u010du transport\u0113\u0161anai, DAA Cietais Koferis Vid\u0113jais-300 nodro\u0161ina, ka j\u016bsu v\u0113rt\u012bgais apr\u012bkojums paliek dro\u0161s un aizsarg\u0101ts jebk\u0101d\u0101 vid\u0113.<\/p>\n<\/div>\n","protected":false},"excerpt":{"rendered":"<p>Iztur\u012bgs IP67 ierocis kaste \u0161aujamiero\u010diem. \u016adensiztur\u012bga, putek\u013cu necaurlaid\u012bga, triecieniztur\u012bga.<\/p>\n","protected":false},"featured_media":27217,"template":"","meta":{"_acf_changed":false},"product_brand":[11271],"product_cat":[13794,13816],"product_tag":[],"class_list":{"0":"post-44892","1":"product","2":"type-product","3":"status-publish","4":"has-post-thumbnail","6":"product_brand-doublealpha","7":"product_cat-ekipejums","8":"product_cat-parnesasanas-somas","10":"first","11":"outofstock","12":"taxable","13":"shipping-taxable","14":"purchasable","15":"product-type-simple"},"acf":[],"_links":{"self":[{"href":"https:\/\/staging.nbg.eu\/lv\/wp-json\/wp\/v2\/product\/44892","targetHints":{"allow":["GET"]}}],"collection":[{"href":"https:\/\/staging.nbg.eu\/lv\/wp-json\/wp\/v2\/product"}],"about":[{"href":"https:\/\/staging.nbg.eu\/lv\/wp-json\/wp\/v2\/types\/product"}],"wp:featuredmedia":[{"embeddable":true,"href":"https:\/\/staging.nbg.eu\/lv\/wp-json\/wp\/v2\/media\/27217"}],"wp:attachment":[{"href":"https:\/\/staging.nbg.eu\/lv\/wp-json\/wp\/v2\/media?parent=44892"}],"wp:term":[{"taxonomy":"product_brand","embeddable":true,"href":"https:\/\/staging.nbg.eu\/lv\/wp-json\/wp\/v2\/product_brand?post=44892"},{"taxonomy":"product_cat","embeddable":true,"href":"https:\/\/staging.nbg.eu\/lv\/wp-json\/wp\/v2\/product_cat?post=44892"},{"taxonomy":"product_tag","embeddable":true,"href":"https:\/\/staging.nbg.eu\/lv\/wp-json\/wp\/v2\/product_tag?post=44892"}],"curies":[{"name":"wp","href":"https:\/\/api.w.org\/{rel}","templated":true}]}}