{"id":44870,"date":"2024-08-18T09:33:23","date_gmt":"2024-08-18T09:33:23","guid":{"rendered":"https:\/\/staging.nbg.eu\/product\/daa-toolhead-led-lighting-pcb-dillon-1050-1100\/"},"modified":"2024-09-10T11:21:34","modified_gmt":"2024-09-10T11:21:34","slug":"daa-instrumentgalvas-led-apgaismojuma-pcb-dillon-10501100","status":"publish","type":"product","link":"https:\/\/staging.nbg.eu\/lv\/product\/daa-instrumentgalvas-led-apgaismojuma-pcb-dillon-10501100\/","title":{"rendered":"Daa Instrumentgalvas Led Apgaismojuma Pcb &#8211; Dillon 1050\/1100"},"content":{"rendered":"<h2>DAA instrumentgalvas LED apgaismojuma PCB &#8211; Dillon 1050\/1100<\/h2>\n<p>Uzlabojiet savu p\u0101rl\u0101d\u0113\u0161anas pieredzi ar DAA instrumentgalvas LED apgaismojuma PCB Dillon 1050\/1100. \u0160\u012b augstas kvalit\u0101tes alum\u012bnija PCB pied\u0101v\u0101:<\/p>\n<ul>\n<li>8 spilgtas LED gaismas ide\u0101lai \u010daulu plates apgaismo\u0161anai<\/li>\n<li>Baltu kr\u0101su palielin\u0101tai gaismas atstaro\u0161anai<\/li>\n<li>Iepriek\u0161 apr\u012bkota ar divpus\u0113jo l\u012bmlenti vieglai uzst\u0101d\u012b\u0161anai<\/li>\n<li>Sader\u012bga ar DAA kontroles bloku (p\u0101rdod atsevi\u0161\u0137i)<\/li>\n<li>Aptum\u0161o\u0161anas funkcija piel\u0101gojamam apgaismojumam<\/li>\n<\/ul>\n<p>Samaziniet acu nogurumu un minimiz\u0113jiet k\u013c\u016bdas p\u0101rl\u0101d\u0113\u0161anas laik\u0101. Racionaliz\u0113tais dizains \u013cauj izmaksefekt\u012bvi izveidot vair\u0101kas instrumentgalvas. Sader\u012bgs ar Dillon CP2000 instrumentgalvu (4. stacijai j\u0101b\u016bt br\u012bvai). Uzlabojiet savu p\u0101rl\u0101d\u0113\u0161anas staciju jau \u0161odien!<\/p>\n","protected":false},"excerpt":{"rendered":"<p>Spilgts LED apgaismojums Dillon 1050\/1100 p\u0101rl\u0101d\u0113\u0161anas iek\u0101rt\u0101m, uzlabo redzam\u012bbu.<\/p>\n","protected":false},"featured_media":27240,"template":"","meta":{"_acf_changed":false},"product_brand":[11271],"product_cat":[13823,13777],"product_tag":[],"class_list":{"0":"post-44870","1":"product","2":"type-product","3":"status-publish","4":"has-post-thumbnail","6":"product_brand-doublealpha","7":"product_cat-parladesana","8":"product_cat-parladesanas-aksesuari","10":"first","11":"outofstock","12":"taxable","13":"shipping-taxable","14":"purchasable","15":"product-type-simple"},"acf":[],"_links":{"self":[{"href":"https:\/\/staging.nbg.eu\/lv\/wp-json\/wp\/v2\/product\/44870","targetHints":{"allow":["GET"]}}],"collection":[{"href":"https:\/\/staging.nbg.eu\/lv\/wp-json\/wp\/v2\/product"}],"about":[{"href":"https:\/\/staging.nbg.eu\/lv\/wp-json\/wp\/v2\/types\/product"}],"wp:featuredmedia":[{"embeddable":true,"href":"https:\/\/staging.nbg.eu\/lv\/wp-json\/wp\/v2\/media\/27240"}],"wp:attachment":[{"href":"https:\/\/staging.nbg.eu\/lv\/wp-json\/wp\/v2\/media?parent=44870"}],"wp:term":[{"taxonomy":"product_brand","embeddable":true,"href":"https:\/\/staging.nbg.eu\/lv\/wp-json\/wp\/v2\/product_brand?post=44870"},{"taxonomy":"product_cat","embeddable":true,"href":"https:\/\/staging.nbg.eu\/lv\/wp-json\/wp\/v2\/product_cat?post=44870"},{"taxonomy":"product_tag","embeddable":true,"href":"https:\/\/staging.nbg.eu\/lv\/wp-json\/wp\/v2\/product_tag?post=44870"}],"curies":[{"name":"wp","href":"https:\/\/api.w.org\/{rel}","templated":true}]}}