{"id":44848,"date":"2024-08-18T09:33:44","date_gmt":"2024-08-18T09:33:44","guid":{"rendered":"https:\/\/staging.nbg.eu\/product\/pro-grip-lotion-2oz\/"},"modified":"2024-09-10T11:15:17","modified_gmt":"2024-09-10T11:15:17","slug":"pro-grip-losjons-2oz","status":"publish","type":"product","link":"https:\/\/staging.nbg.eu\/lv\/product\/pro-grip-losjons-2oz\/","title":{"rendered":"Pro Grip Losjons 2Oz"},"content":{"rendered":"<p>\nUzlabojiet savu \u0161au\u0161anas sniegumu ar Pro Grip losjonu 2 unces (56,7 g). \u0160im \u0113rti iepakotajam losjonam, kuram uzticas \u010dempioni k\u0101 D\u017eerijs Barnharts, Tods D\u017earets un Sols Kir\u0161s, ir lab\u0101ki rezult\u0101ti nek\u0101 kalafonijai un kr\u012btam. Izbaudiet lab\u0101ku satv\u0113rienu, iero\u010da kontroli un \u0101tr\u0101ku atg\u016b\u0161an\u0101s laiku. \u0160is ir oblig\u0101ts piederums katra \u0161\u0101v\u0113ja som\u0101 &#8211; Pro Grip ir slepenais ierocis veiksm\u012bgai \u0101trai \u0161au\u0161anai.<\/p>\n","protected":false},"excerpt":{"rendered":"<p>Pro Grip: \u010cempionu atz\u012bts losjons p\u0101r\u0101kai iero\u010da kontrolei.<\/p>\n","protected":false},"featured_media":27286,"template":"","meta":{"_acf_changed":false},"product_brand":[11271],"product_cat":[13794,13814,13781],"product_tag":[],"class_list":{"0":"post-44848","1":"product","2":"type-product","3":"status-publish","4":"has-post-thumbnail","6":"product_brand-doublealpha","7":"product_cat-ekipejums","8":"product_cat-koburas-aksesuari","9":"product_cat-maksts","11":"first","12":"instock","13":"taxable","14":"shipping-taxable","15":"purchasable","16":"product-type-simple"},"acf":[],"_links":{"self":[{"href":"https:\/\/staging.nbg.eu\/lv\/wp-json\/wp\/v2\/product\/44848","targetHints":{"allow":["GET"]}}],"collection":[{"href":"https:\/\/staging.nbg.eu\/lv\/wp-json\/wp\/v2\/product"}],"about":[{"href":"https:\/\/staging.nbg.eu\/lv\/wp-json\/wp\/v2\/types\/product"}],"wp:featuredmedia":[{"embeddable":true,"href":"https:\/\/staging.nbg.eu\/lv\/wp-json\/wp\/v2\/media\/27286"}],"wp:attachment":[{"href":"https:\/\/staging.nbg.eu\/lv\/wp-json\/wp\/v2\/media?parent=44848"}],"wp:term":[{"taxonomy":"product_brand","embeddable":true,"href":"https:\/\/staging.nbg.eu\/lv\/wp-json\/wp\/v2\/product_brand?post=44848"},{"taxonomy":"product_cat","embeddable":true,"href":"https:\/\/staging.nbg.eu\/lv\/wp-json\/wp\/v2\/product_cat?post=44848"},{"taxonomy":"product_tag","embeddable":true,"href":"https:\/\/staging.nbg.eu\/lv\/wp-json\/wp\/v2\/product_tag?post=44848"}],"curies":[{"name":"wp","href":"https:\/\/api.w.org\/{rel}","templated":true}]}}