{"id":44804,"date":"2024-08-18T09:35:16","date_gmt":"2024-08-18T09:35:16","guid":{"rendered":"https:\/\/staging.nbg.eu\/product\/daa-4-pack-magnetic-collars-for-primer-tube\/"},"modified":"2024-09-10T11:05:53","modified_gmt":"2024-09-10T11:05:53","slug":"daa-4-iepakojuma-magnetiskie-apkaklisi-primera-caurulitei","status":"publish","type":"product","link":"https:\/\/staging.nbg.eu\/lv\/product\/daa-4-iepakojuma-magnetiskie-apkaklisi-primera-caurulitei\/","title":{"rendered":"Daa 4-Iepakojuma Magnetiskie Apkaklisi Primera Caurulitei"},"content":{"rendered":"<div class=\"product-description\">\n<h2>DAA 4 Magn\u0113tisko apkak\u013cu komplekts kapsulas caurul\u0113m<\/h2>\n<p>Uzlabojiet savu p\u0101rl\u0101d\u0113\u0161anas efektivit\u0101ti ar DAA 4 Magn\u0113tisko apkak\u013cu komplektu, kas \u012bpa\u0161i izstr\u0101d\u0101ts lieto\u0161anai ar Dillon sav\u0101k\u0161anas caurul\u0113m un PRIMER-PRO kapsulu \u0161\u0137irot\u0101ju.<\/p>\n<ul>\n<li>Komplekt\u0101 ietilpst 4 polim\u0113ra apkakles ar nostiprin\u0101tiem magn\u0113tiem un regul\u0113\u0161anas skr\u016bv\u0113m<\/li>\n<li>Sader\u012bgas ar Dillon kapsulu caurul\u0113m<\/li>\n<li>Ide\u0101li piem\u0113rotas vair\u0101ku cauru\u013cu iepriek\u0161\u0113jai uzpild\u012b\u0161anai pirms p\u0101rl\u0101d\u0113\u0161anas sesij\u0101m<\/li>\n<li>Nov\u0113r\u0161 nepiecie\u0161am\u012bbu bie\u017ei atgriezties pie PRIMER-PRO ier\u012bces<\/li>\n<li>Ide\u0101li papildina PRIMER-PRO, kas tiek pieg\u0101d\u0101ts ar vienu Magn\u0113tisko apkakli<\/li>\n<\/ul>\n<p><strong>Piez\u012bme:<\/strong> Kapsulu caurules NAV iek\u013cautas komplekt\u0101cij\u0101.<\/p>\n<p>Optimiz\u0113jiet savu p\u0101rl\u0101d\u0113\u0161anas darba pl\u016bsmu un ietaupiet laiku ar \u0161\u012bm papildu Magn\u0113tiskaj\u0101m apkakl\u0113m, \u013caujot jums iepriek\u0161 sagatavot vair\u0101kas kapsulu caurules.<\/p>\n<\/div>\n","protected":false},"excerpt":{"rendered":"<p>4 magn\u0113tiskas uzmavas Dillon tvert\u0146u caurul\u0113m. Lietojamas ar PRIMER-PRO.<\/p>\n","protected":false},"featured_media":27355,"template":"","meta":{"_acf_changed":false},"product_brand":[11271],"product_cat":[13823,13777],"product_tag":[],"class_list":{"0":"post-44804","1":"product","2":"type-product","3":"status-publish","4":"has-post-thumbnail","6":"product_brand-doublealpha","7":"product_cat-parladesana","8":"product_cat-parladesanas-aksesuari","10":"first","11":"outofstock","12":"taxable","13":"shipping-taxable","14":"purchasable","15":"product-type-simple"},"acf":[],"_links":{"self":[{"href":"https:\/\/staging.nbg.eu\/lv\/wp-json\/wp\/v2\/product\/44804","targetHints":{"allow":["GET"]}}],"collection":[{"href":"https:\/\/staging.nbg.eu\/lv\/wp-json\/wp\/v2\/product"}],"about":[{"href":"https:\/\/staging.nbg.eu\/lv\/wp-json\/wp\/v2\/types\/product"}],"wp:featuredmedia":[{"embeddable":true,"href":"https:\/\/staging.nbg.eu\/lv\/wp-json\/wp\/v2\/media\/27355"}],"wp:attachment":[{"href":"https:\/\/staging.nbg.eu\/lv\/wp-json\/wp\/v2\/media?parent=44804"}],"wp:term":[{"taxonomy":"product_brand","embeddable":true,"href":"https:\/\/staging.nbg.eu\/lv\/wp-json\/wp\/v2\/product_brand?post=44804"},{"taxonomy":"product_cat","embeddable":true,"href":"https:\/\/staging.nbg.eu\/lv\/wp-json\/wp\/v2\/product_cat?post=44804"},{"taxonomy":"product_tag","embeddable":true,"href":"https:\/\/staging.nbg.eu\/lv\/wp-json\/wp\/v2\/product_tag?post=44804"}],"curies":[{"name":"wp","href":"https:\/\/api.w.org\/{rel}","templated":true}]}}