{"id":44782,"date":"2024-08-18T09:35:34","date_gmt":"2024-08-18T09:35:34","guid":{"rendered":"https:\/\/staging.nbg.eu\/product\/mr-bulletfeeder-pro-dropper-assembly-9-38s\/"},"modified":"2024-09-10T10:59:07","modified_gmt":"2024-09-10T10:59:07","slug":"mr-bulletfeeder-pro-piletaja-mezgls-938s","status":"publish","type":"product","link":"https:\/\/staging.nbg.eu\/lv\/product\/mr-bulletfeeder-pro-piletaja-mezgls-938s\/","title":{"rendered":"Mr. Bulletfeeder Pro Piletaja Mezgls 9\/38S"},"content":{"rendered":"<p>Uzlabojiet savu p\u0101rl\u0101d\u0113\u0161anas apr\u012bkojumu ar <strong>Mr. Bulletfeeder Pro Dropper Assembly 9\/38S<\/strong>. \u0160im uzlabotajam komponentam ir \u0161\u0101das \u012bpa\u0161\u012bbas:<\/p>\n<ul>\n<li>Uzlabota gravit\u0101cijas darbin\u0101ta veiktsp\u0113ja<\/li>\n<li>Dubultgaruma misi\u0146a sekcija liel\u0101kam svaram un uzticam\u012bbai<\/li>\n<li>Piln\u012bb\u0101 t\u0113rauda matrices sekcija papildu iztur\u012bbai<\/li>\n<li>Nov\u0113r\u0161 iespr\u016bdumus, ko izraisa padeves atsperes spriegojums vai berze<\/li>\n<li>Paredz\u0113ts liela apjoma p\u0101rl\u0101d\u0113t\u0101jiem<\/li>\n<\/ul>\n<p>Izbaudiet konsekventu un efekt\u012bvu lo\u017eu padevi ar \u0161o profesion\u0101la l\u012bme\u0146a piltuves mezglu.<\/p>\n","protected":false},"excerpt":{"rendered":"<p>Uzlabots, smag\u0101ks padeves meh\u0101nisms dro\u0161ai lo\u017eu padevei. T\u0113rauda deta\u013cas ilgm\u016b\u017e\u012bbai.<\/p>\n","protected":false},"featured_media":27378,"template":"","meta":{"_acf_changed":false},"product_brand":[11271],"product_cat":[13823,13777],"product_tag":[],"class_list":{"0":"post-44782","1":"product","2":"type-product","3":"status-publish","4":"has-post-thumbnail","6":"product_brand-doublealpha","7":"product_cat-parladesana","8":"product_cat-parladesanas-aksesuari","10":"first","11":"outofstock","12":"taxable","13":"shipping-taxable","14":"purchasable","15":"product-type-simple"},"acf":[],"_links":{"self":[{"href":"https:\/\/staging.nbg.eu\/lv\/wp-json\/wp\/v2\/product\/44782","targetHints":{"allow":["GET"]}}],"collection":[{"href":"https:\/\/staging.nbg.eu\/lv\/wp-json\/wp\/v2\/product"}],"about":[{"href":"https:\/\/staging.nbg.eu\/lv\/wp-json\/wp\/v2\/types\/product"}],"wp:featuredmedia":[{"embeddable":true,"href":"https:\/\/staging.nbg.eu\/lv\/wp-json\/wp\/v2\/media\/27378"}],"wp:attachment":[{"href":"https:\/\/staging.nbg.eu\/lv\/wp-json\/wp\/v2\/media?parent=44782"}],"wp:term":[{"taxonomy":"product_brand","embeddable":true,"href":"https:\/\/staging.nbg.eu\/lv\/wp-json\/wp\/v2\/product_brand?post=44782"},{"taxonomy":"product_cat","embeddable":true,"href":"https:\/\/staging.nbg.eu\/lv\/wp-json\/wp\/v2\/product_cat?post=44782"},{"taxonomy":"product_tag","embeddable":true,"href":"https:\/\/staging.nbg.eu\/lv\/wp-json\/wp\/v2\/product_tag?post=44782"}],"curies":[{"name":"wp","href":"https:\/\/api.w.org\/{rel}","templated":true}]}}