{"id":44734,"date":"2024-08-18T09:36:04","date_gmt":"2024-08-18T09:36:04","guid":{"rendered":"https:\/\/staging.nbg.eu\/product\/lynx-belt-buckle-roll-pins-50bag\/"},"modified":"2024-09-10T09:19:35","modified_gmt":"2024-09-10T09:19:35","slug":"lynx-jostas-spradzes-rulla-tapi-50-maisins","status":"publish","type":"product","link":"https:\/\/staging.nbg.eu\/lv\/product\/lynx-jostas-spradzes-rulla-tapi-50-maisins\/","title":{"rendered":"Lynx Jostas Spradzes Rulla Tapi (50 Maisins)"},"content":{"rendered":"<p>\nRezerves rull\u012b\u0161u tapas Lynx jostas spr\u0101dz\u0113m. Iepakojum\u0101 50 tapas. Nepiecie\u0161amas Lynx jostu mont\u0101\u017eai un remontam. Nodro\u0161ina dro\u0161u Lynx spr\u0101dzes stiprin\u0101jumu.<\/p>\n","protected":false},"excerpt":{"rendered":"<p>Lynx jostas spr\u0101dzes rull\u012b\u0161u tapas (50 gab. maisi\u0146\u0101): Papildu tapas j\u016bsu Lynx jost\u0101m.<\/p>\n","protected":false},"featured_media":27447,"template":"","meta":{"_acf_changed":false},"product_brand":[11271],"product_cat":[13794,13797],"product_tag":[],"class_list":{"0":"post-44734","1":"product","2":"type-product","3":"status-publish","4":"has-post-thumbnail","6":"product_brand-doublealpha","7":"product_cat-ekipejums","8":"product_cat-sporta-jostas","10":"first","11":"instock","12":"taxable","13":"shipping-taxable","14":"purchasable","15":"product-type-simple"},"acf":[],"_links":{"self":[{"href":"https:\/\/staging.nbg.eu\/lv\/wp-json\/wp\/v2\/product\/44734","targetHints":{"allow":["GET"]}}],"collection":[{"href":"https:\/\/staging.nbg.eu\/lv\/wp-json\/wp\/v2\/product"}],"about":[{"href":"https:\/\/staging.nbg.eu\/lv\/wp-json\/wp\/v2\/types\/product"}],"wp:featuredmedia":[{"embeddable":true,"href":"https:\/\/staging.nbg.eu\/lv\/wp-json\/wp\/v2\/media\/27447"}],"wp:attachment":[{"href":"https:\/\/staging.nbg.eu\/lv\/wp-json\/wp\/v2\/media?parent=44734"}],"wp:term":[{"taxonomy":"product_brand","embeddable":true,"href":"https:\/\/staging.nbg.eu\/lv\/wp-json\/wp\/v2\/product_brand?post=44734"},{"taxonomy":"product_cat","embeddable":true,"href":"https:\/\/staging.nbg.eu\/lv\/wp-json\/wp\/v2\/product_cat?post=44734"},{"taxonomy":"product_tag","embeddable":true,"href":"https:\/\/staging.nbg.eu\/lv\/wp-json\/wp\/v2\/product_tag?post=44734"}],"curies":[{"name":"wp","href":"https:\/\/api.w.org\/{rel}","templated":true}]}}