{"id":44668,"date":"2024-08-18T09:37:01","date_gmt":"2024-08-18T09:37:01","guid":{"rendered":"https:\/\/staging.nbg.eu\/product\/daa-carry-it-all-cia-backpack\/"},"modified":"2024-09-10T09:08:45","modified_gmt":"2024-09-10T09:08:45","slug":"daa-carry-it-all-cia-mugursoma","status":"publish","type":"product","link":"https:\/\/staging.nbg.eu\/lv\/product\/daa-carry-it-all-cia-mugursoma\/","title":{"rendered":"Daa Carry It All (Cia) Mugursoma"},"content":{"rendered":"<h2>DAA Carry It All (CIA) Mugursoma<\/h2>\n<p>Ultimat\u012bvais \u0161au\u0161anas poligona pavadonis aizraut\u012bgiem IPSC \u0161\u0101v\u0113jiem &#8211; Double-Alpha CIA mugursoma ir izstr\u0101d\u0101ta, lai atbilstu un p\u0101rsniegtu j\u016bsu cer\u012bbas.<\/p>\n<h2>Galven\u0101s \u012bpa\u0161\u012bbas:<\/h2>\n<ul>\n<li>Iztur\u012bgs D600 Cordura materi\u0101ls ar \u016bdeni atgr\u016bdo\u0161\u0101m \u012bpa\u0161\u012bb\u0101m<\/li>\n<li>Hypalon oder\u0113ts apak\u0161\u0113jais da\u013ca papildu aizsardz\u012bbai<\/li>\n<li>Ar velcro oder\u0113ts iek\u0161\u0113jais nodal\u012bjums piel\u0101gojamai uzglab\u0101\u0161anai<\/li>\n<li>No\u0146emama centr\u0101l\u0101 starpsiena<\/li>\n<li>Ietilp\u012bga aug\u0161\u0113j\u0101 priek\u0161\u0113j\u0101 kabata dzirdes aizsardz\u012bbai<\/li>\n<li>\u0100r\u0113jais velcro panelis personaliz\u0101cijai<\/li>\n<li>MOLLE siksnas papildu piestiprin\u0101jumiem<\/li>\n<li>\u0112rtas, no\u0146emamas plecu siksnas<\/li>\n<li>Ergonomisks dizains optim\u0101lai svara sadalei<\/li>\n<\/ul>\n<h2>Specifik\u0101cijas:<\/h2>\n<ul>\n<li>Izm\u0113ri: 42P x 27D x 56A cm<\/li>\n<li>Ietilp\u012bba: Apm. 37L<\/li>\n<li>Svars: 2,8 kg<\/li>\n<li>Kr\u0101sa: Melna<\/li>\n<\/ul>\n<p>Izbaudiet perfektu iztur\u012bbas, funkcionalit\u0101tes un komforta apvienojumu ar DAA CIA mugursomu \u2013 j\u016bsu b\u016btisko apr\u012bkojumu gadiem ilgam, uzticamam kalpo\u0161anas laikam \u0161au\u0161anas poligon\u0101.<\/p>\n","protected":false},"excerpt":{"rendered":"<p>DAA CIA mugursoma: Iztur\u012bga, daudzpus\u012bga somu s\u0113rija IPSC \u0161\u0101v\u0113jiem.<\/p>\n","protected":false},"featured_media":27769,"template":"","meta":{"_acf_changed":false},"product_brand":[11271],"product_cat":[13794,13840],"product_tag":[],"class_list":{"0":"post-44668","1":"product","2":"type-product","3":"status-publish","4":"has-post-thumbnail","6":"product_brand-doublealpha","7":"product_cat-ekipejums","8":"product_cat-sausanas-somas","10":"first","11":"outofstock","12":"taxable","13":"shipping-taxable","14":"purchasable","15":"product-type-simple"},"acf":[],"_links":{"self":[{"href":"https:\/\/staging.nbg.eu\/lv\/wp-json\/wp\/v2\/product\/44668","targetHints":{"allow":["GET"]}}],"collection":[{"href":"https:\/\/staging.nbg.eu\/lv\/wp-json\/wp\/v2\/product"}],"about":[{"href":"https:\/\/staging.nbg.eu\/lv\/wp-json\/wp\/v2\/types\/product"}],"wp:featuredmedia":[{"embeddable":true,"href":"https:\/\/staging.nbg.eu\/lv\/wp-json\/wp\/v2\/media\/27769"}],"wp:attachment":[{"href":"https:\/\/staging.nbg.eu\/lv\/wp-json\/wp\/v2\/media?parent=44668"}],"wp:term":[{"taxonomy":"product_brand","embeddable":true,"href":"https:\/\/staging.nbg.eu\/lv\/wp-json\/wp\/v2\/product_brand?post=44668"},{"taxonomy":"product_cat","embeddable":true,"href":"https:\/\/staging.nbg.eu\/lv\/wp-json\/wp\/v2\/product_cat?post=44668"},{"taxonomy":"product_tag","embeddable":true,"href":"https:\/\/staging.nbg.eu\/lv\/wp-json\/wp\/v2\/product_tag?post=44668"}],"curies":[{"name":"wp","href":"https:\/\/api.w.org\/{rel}","templated":true}]}}