{"id":44624,"date":"2024-08-18T09:37:54","date_gmt":"2024-08-18T09:37:54","guid":{"rendered":"https:\/\/staging.nbg.eu\/product\/daa-primer-pickup-tubes-5-pack-small\/"},"modified":"2024-09-10T08:58:54","modified_gmt":"2024-09-10T08:58:54","slug":"daa-primera-uznemsanas-caurulites-5-iepakojums-mazas","status":"publish","type":"product","link":"https:\/\/staging.nbg.eu\/lv\/product\/daa-primera-uznemsanas-caurulites-5-iepakojums-mazas\/","title":{"rendered":"Daa Primera Uznemsanas Caurulites, 5-Iepakojums, Mazas"},"content":{"rendered":"<div class=\"product-description\">\n<h2>DAA kapsulas pacel\u0161anas caurul\u012btes, 5 gab. komplekts, mazas<\/h2>\n<p>Uzlabojiet savu p\u0101rl\u0101d\u0113\u0161anas pieredzi ar DAA kapsulas pacel\u0161anas caurul\u012bt\u0113m. Izgatavotas no augstas kvalit\u0101tes alum\u012bnija, izmantojot piel\u0101gotus ekstr\u016bzijas instrumentus, \u0161\u012bs caurul\u012btes nodro\u0161ina nep\u0101rsp\u0113jamu precizit\u0101ti un apdari. Sarkan\u0101 anod\u0113t\u0101 apdare mazaj\u0101m kapsul\u0101m nodro\u0161ina vieglu identific\u0113\u0161anu un pie\u0161\u0137ir elegantu izskatu.<\/p>\n<ul>\n<li>Ergonomisks pacel\u0161anas gals ar plat\u0101ku pirkstu atbalsta zonu nov\u0113r\u0161 roku nogurumu<\/li>\n<li>P\u0101rveidots uzgalis ar diviem zobiem dro\u0161ai kapsulas satver\u0161anai<\/li>\n<li>Caursp\u012bd\u012bgi gala elementi vieglai kapsulu redzam\u012bbai<\/li>\n<li>Cie\u0161i piegu\u013co\u0161i gali nov\u0113r\u0161 nejau\u0161u atvieno\u0161anos<\/li>\n<li>Konsekventa iek\u0161\u0113j\u0101 un \u0101r\u0113j\u0101 nosl\u012bp\u0113\u0161ana optim\u0101lai padevei<\/li>\n<\/ul>\n<p>Izbaudiet DAA kapsulas pacel\u0161anas caurul\u012b\u0161u komfortu un efektivit\u0101ti sav\u0101 p\u0101rl\u0101d\u0113\u0161anas proces\u0101. Uzlabojiet savu apr\u012bkojumu jau \u0161odien!<\/p>\n<\/div>\n","protected":false},"excerpt":{"rendered":"<p>DAA aizdedzes caurul\u012btes: 5 gab. komplekts, mazas, sarkani anod\u0113ta alum\u012bnija, ergonomisks dizains.<\/p>\n","protected":false},"featured_media":28045,"template":"","meta":{"_acf_changed":false},"product_brand":[11271],"product_cat":[13823,13777],"product_tag":[],"class_list":{"0":"post-44624","1":"product","2":"type-product","3":"status-publish","4":"has-post-thumbnail","6":"product_brand-doublealpha","7":"product_cat-parladesana","8":"product_cat-parladesanas-aksesuari","10":"first","11":"outofstock","12":"taxable","13":"shipping-taxable","14":"purchasable","15":"product-type-simple"},"acf":[],"_links":{"self":[{"href":"https:\/\/staging.nbg.eu\/lv\/wp-json\/wp\/v2\/product\/44624","targetHints":{"allow":["GET"]}}],"collection":[{"href":"https:\/\/staging.nbg.eu\/lv\/wp-json\/wp\/v2\/product"}],"about":[{"href":"https:\/\/staging.nbg.eu\/lv\/wp-json\/wp\/v2\/types\/product"}],"wp:featuredmedia":[{"embeddable":true,"href":"https:\/\/staging.nbg.eu\/lv\/wp-json\/wp\/v2\/media\/28045"}],"wp:attachment":[{"href":"https:\/\/staging.nbg.eu\/lv\/wp-json\/wp\/v2\/media?parent=44624"}],"wp:term":[{"taxonomy":"product_brand","embeddable":true,"href":"https:\/\/staging.nbg.eu\/lv\/wp-json\/wp\/v2\/product_brand?post=44624"},{"taxonomy":"product_cat","embeddable":true,"href":"https:\/\/staging.nbg.eu\/lv\/wp-json\/wp\/v2\/product_cat?post=44624"},{"taxonomy":"product_tag","embeddable":true,"href":"https:\/\/staging.nbg.eu\/lv\/wp-json\/wp\/v2\/product_tag?post=44624"}],"curies":[{"name":"wp","href":"https:\/\/api.w.org\/{rel}","templated":true}]}}