{"id":44602,"date":"2024-08-18T09:38:23","date_gmt":"2024-09-10T08:53:16","guid":{"rendered":"https:\/\/staging.nbg.eu\/product\/flex-alpha-x-racer-x-extended-ball-joint-rod\/"},"modified":"2024-09-10T08:53:57","modified_gmt":"2024-09-10T08:53:57","slug":"flex-alpha-x-racer-x-pagarinata-lodveida-savienojuma-stiena","status":"publish","type":"product","link":"https:\/\/staging.nbg.eu\/lv\/product\/flex-alpha-x-racer-x-pagarinata-lodveida-savienojuma-stiena\/","title":{"rendered":"Flex \/ Alpha-X \/ Racer-X Pagarinata Lodveida Savienojuma Stiena"},"content":{"rendered":"<p><strong>Flex \/ Alpha-X \/ Racer-X pagarin\u0101tais lodveida savienojuma stienis<\/strong> ir piel\u0101gots risin\u0101jums \u0161\u0101v\u0113jiem, kuri v\u0113las, lai vi\u0146u ierocis atrastos t\u0101l\u0101k no \u0137erme\u0146a vai jostas. \u0160is piederums pagarina lodveida savienojuma kaklu par 8mm, nodro\u0161inot:<\/p>\n<ul>\n<li>Palielin\u0101tu att\u0101lumu starp maksti un tur\u0113t\u0101ju<\/li>\n<li>Uzlabotu regul\u0113jam\u012bbu person\u012bgajam komfortam<\/li>\n<li>Liel\u0101ku br\u012bv\u012bbu iero\u010da le\u0146\u0137a un poz\u012bcijas izv\u0113l\u0113<\/li>\n<\/ul>\n<p>Ide\u0101li piem\u0113rots \u0161\u0101v\u0113jiem ar da\u017e\u0101du \u0137erme\u0146a uzb\u016bvi vai \u012bpa\u0161\u0101m valk\u0101\u0161anas preferences, \u0161is stienis nodro\u0161ina perfektu l\u012bdzsvaru starp pieejam\u012bbu un komfortu.<\/p>\n","protected":false},"excerpt":{"rendered":"<p>Pagariniet maksts att\u0101lumu ar piel\u0101gotu 8 mm lodveida savienojuma stieni.<\/p>\n","protected":false},"featured_media":28114,"template":"","meta":{"_acf_changed":false},"product_brand":[11271],"product_cat":[13814,13781,13819],"product_tag":[],"class_list":{"0":"post-44602","1":"product","2":"type-product","3":"status-publish","4":"has-post-thumbnail","6":"product_brand-doublealpha","7":"product_cat-koburas-aksesuari","8":"product_cat-maksts","9":"product_cat-sporta-kobura","11":"first","12":"instock","13":"taxable","14":"shipping-taxable","15":"purchasable","16":"product-type-simple"},"acf":[],"_links":{"self":[{"href":"https:\/\/staging.nbg.eu\/lv\/wp-json\/wp\/v2\/product\/44602","targetHints":{"allow":["GET"]}}],"collection":[{"href":"https:\/\/staging.nbg.eu\/lv\/wp-json\/wp\/v2\/product"}],"about":[{"href":"https:\/\/staging.nbg.eu\/lv\/wp-json\/wp\/v2\/types\/product"}],"wp:featuredmedia":[{"embeddable":true,"href":"https:\/\/staging.nbg.eu\/lv\/wp-json\/wp\/v2\/media\/28114"}],"wp:attachment":[{"href":"https:\/\/staging.nbg.eu\/lv\/wp-json\/wp\/v2\/media?parent=44602"}],"wp:term":[{"taxonomy":"product_brand","embeddable":true,"href":"https:\/\/staging.nbg.eu\/lv\/wp-json\/wp\/v2\/product_brand?post=44602"},{"taxonomy":"product_cat","embeddable":true,"href":"https:\/\/staging.nbg.eu\/lv\/wp-json\/wp\/v2\/product_cat?post=44602"},{"taxonomy":"product_tag","embeddable":true,"href":"https:\/\/staging.nbg.eu\/lv\/wp-json\/wp\/v2\/product_tag?post=44602"}],"curies":[{"name":"wp","href":"https:\/\/api.w.org\/{rel}","templated":true}]}}