{"id":44546,"date":"2024-08-18T09:38:53","date_gmt":"2024-08-18T09:38:53","guid":{"rendered":"https:\/\/staging.nbg.eu\/product\/alpha-xi-pouch-without-inlay\/"},"modified":"2024-09-10T08:39:44","modified_gmt":"2024-09-10T08:39:44","slug":"alpha-xi-kabata-bez-ieliktna","status":"publish","type":"product","link":"https:\/\/staging.nbg.eu\/lv\/product\/alpha-xi-kabata-bez-ieliktna\/","title":{"rendered":"Alpha-Xi Kabata Bez Ieliktna"},"content":{"rendered":"<h2>Alpha-Xi maci\u0146\u0161 bez ielikt\u0146a &#8211; Gatavs lieto\u0161anai<\/h2>\n<p>Iepaz\u012bstieties ar Alpha-Xi aptveres maci\u0146u, revolucion\u0101ru taktisk\u0101 apr\u012bkojuma dizainu. \u0160im maci\u0146am ir \u0161\u0101das \u012bpa\u0161\u012bbas:<\/p>\n<ul>\n<li>Uzlabota iztur\u012bba ar piel\u0101gotu platgalvas skr\u016bves stiprin\u0101jumu<\/li>\n<li>8 daudzpus\u012bgi savienojuma punkti optim\u0101lai pozicion\u0113\u0161anai<\/li>\n<li>Tr\u012bs augstuma opcijas gan labro\u010diem, gan krei\u013ciem<\/li>\n<li>Divas augstuma opcijas mont\u0101\u017eai ar patron\u0101m uz \u0101ru<\/li>\n<li>Atsl\u0113gas ligzdas sa\u0137ere piln\u012bgai stabilit\u0101tei<\/li>\n<\/ul>\n<p>Alpha-Xi uzlabotais lodveida savienojums nodro\u0161ina nep\u0101rsp\u0113jamu iztur\u012bbu pat intens\u012bvos apst\u0101k\u013cos. Neatkar\u012bgi no t\u0101, vai j\u016bs gu\u013cat zem\u0113 vai p\u0101rvar\u0101t \u0161\u0137\u0113r\u0161\u013cus, \u0161is maci\u0146\u0161 iztur jebkuru izaicin\u0101jumu. Izm\u0113\u0123iniet n\u0101kamo l\u012bmeni aptveru p\u0101rn\u0113s\u0101\u0161an\u0101 ar Alpha-Xi maci\u0146u &#8211; iztur\u012bba un elast\u012bba no jauna defin\u0113ta.<\/p>\n<p><strong>Piez\u012bme:<\/strong> \u0160aj\u0101 versij\u0101 nav iek\u013cauts ieliktnis.<\/p>\n","protected":false},"excerpt":{"rendered":"<p>Iztur\u012bgs \u017eurn\u0101lu maci\u0146\u0161 ar uzlabotu lodveida jostas stiprin\u0101jumu.<\/p>\n","protected":false},"featured_media":28275,"template":"","meta":{"_acf_changed":false},"product_brand":[11271],"product_cat":[13794,13770,13781,13785,13819],"product_tag":[],"class_list":{"0":"post-44546","1":"product","2":"type-product","3":"status-publish","4":"has-post-thumbnail","6":"product_brand-doublealpha","7":"product_cat-ekipejums","8":"product_cat-magazinu-turetaji","9":"product_cat-maksts","10":"product_cat-sominas","11":"product_cat-sporta-kobura","13":"first","14":"instock","15":"taxable","16":"shipping-taxable","17":"purchasable","18":"product-type-simple"},"acf":[],"_links":{"self":[{"href":"https:\/\/staging.nbg.eu\/lv\/wp-json\/wp\/v2\/product\/44546","targetHints":{"allow":["GET"]}}],"collection":[{"href":"https:\/\/staging.nbg.eu\/lv\/wp-json\/wp\/v2\/product"}],"about":[{"href":"https:\/\/staging.nbg.eu\/lv\/wp-json\/wp\/v2\/types\/product"}],"wp:featuredmedia":[{"embeddable":true,"href":"https:\/\/staging.nbg.eu\/lv\/wp-json\/wp\/v2\/media\/28275"}],"wp:attachment":[{"href":"https:\/\/staging.nbg.eu\/lv\/wp-json\/wp\/v2\/media?parent=44546"}],"wp:term":[{"taxonomy":"product_brand","embeddable":true,"href":"https:\/\/staging.nbg.eu\/lv\/wp-json\/wp\/v2\/product_brand?post=44546"},{"taxonomy":"product_cat","embeddable":true,"href":"https:\/\/staging.nbg.eu\/lv\/wp-json\/wp\/v2\/product_cat?post=44546"},{"taxonomy":"product_tag","embeddable":true,"href":"https:\/\/staging.nbg.eu\/lv\/wp-json\/wp\/v2\/product_tag?post=44546"}],"curies":[{"name":"wp","href":"https:\/\/api.w.org\/{rel}","templated":true}]}}