{"id":44524,"date":"2024-08-18T09:39:07","date_gmt":"2024-08-18T09:39:07","guid":{"rendered":"https:\/\/staging.nbg.eu\/product\/daa-pcc-magzine-pouch-type-glock\/"},"modified":"2024-09-10T08:33:26","modified_gmt":"2024-09-10T08:33:26","slug":"daa-pcc-magazines-kabata-tips-glock","status":"publish","type":"product","link":"https:\/\/staging.nbg.eu\/lv\/product\/daa-pcc-magazines-kabata-tips-glock\/","title":{"rendered":"Daa Pcc Magazines Kabata &#8211; Tips Glock"},"content":{"rendered":"<h2>DAA PCC magaz\u012bnas maks &#8211; Glock tipam<\/h2>\n<p>Uzlabojiet savu Pistoles Kalibra Karab\u012bnes (PCC) sniegumu ar DAA PCC magaz\u012bnas maku, kas \u012bpa\u0161i izstr\u0101d\u0101ts Glock magaz\u012bn\u0101m. \u0160is speci\u0101li veidotais maks risina unik\u0101l\u0101s IPSC un USPSA sacens\u012bbu probl\u0113mas.<\/p>\n<ul>\n<li>Iztur\u012bga ar \u0161\u0137iedru pastiprin\u0101ta neilona konstrukcija<\/li>\n<li>\u012apa\u0161i gara konstrukcija (12cm\/4.75&#8243;) dro\u0161ai 40-50 patronu magaz\u012bnu tur\u0113\u0161anai<\/li>\n<li>Regul\u0113jams notur\u0113\u0161anas sp\u0113ks ar div\u0101m skr\u016bv\u0113m<\/li>\n<li>Priek\u0161\u0113jais izgriezuma logs \u0101tr\u0101kai izvilk\u0161anai<\/li>\n<li>Sl\u012bpin\u0101ta aug\u0161\u0113j\u0101 mala \u0101tr\u0101kai p\u0101rl\u0101d\u0113\u0161anai<\/li>\n<li>Abroc\u012bgs dizains ar vair\u0101k\u0101m augstuma poz\u012bcij\u0101m<\/li>\n<li>Liela lodveida savienojuma stiprin\u0101jums iztur\u012bbai<\/li>\n<li>Tur magaz\u012bnas ar patron\u0101m, kas v\u0113rstas uz aizmuguri &#8220;d\u016bres satv\u0113riena&#8221; p\u0101rl\u0101d\u0113m<\/li>\n<\/ul>\n<p>Optimiz\u0113jiet savu PCC sniegumu ar \u0161o \u012bpa\u0161i izstr\u0101d\u0101to magaz\u012bnas maku no Double-Alpha.<\/p>\n","protected":false},"excerpt":{"rendered":"<p>PCC magaz\u012bnas somi\u0146a Glock iero\u010diem: Piel\u0101gota, dro\u0161a, \u0101trai p\u0101rl\u0101d\u0113\u0161anai.<\/p>\n","protected":false},"featured_media":28413,"template":"","meta":{"_acf_changed":false},"product_brand":[11271],"product_cat":[13794,13770,13785,13819],"product_tag":[],"class_list":{"0":"post-44524","1":"product","2":"type-product","3":"status-publish","4":"has-post-thumbnail","6":"product_brand-doublealpha","7":"product_cat-ekipejums","8":"product_cat-magazinu-turetaji","9":"product_cat-sominas","10":"product_cat-sporta-kobura","12":"first","13":"outofstock","14":"taxable","15":"shipping-taxable","16":"purchasable","17":"product-type-simple"},"acf":[],"_links":{"self":[{"href":"https:\/\/staging.nbg.eu\/lv\/wp-json\/wp\/v2\/product\/44524","targetHints":{"allow":["GET"]}}],"collection":[{"href":"https:\/\/staging.nbg.eu\/lv\/wp-json\/wp\/v2\/product"}],"about":[{"href":"https:\/\/staging.nbg.eu\/lv\/wp-json\/wp\/v2\/types\/product"}],"wp:featuredmedia":[{"embeddable":true,"href":"https:\/\/staging.nbg.eu\/lv\/wp-json\/wp\/v2\/media\/28413"}],"wp:attachment":[{"href":"https:\/\/staging.nbg.eu\/lv\/wp-json\/wp\/v2\/media?parent=44524"}],"wp:term":[{"taxonomy":"product_brand","embeddable":true,"href":"https:\/\/staging.nbg.eu\/lv\/wp-json\/wp\/v2\/product_brand?post=44524"},{"taxonomy":"product_cat","embeddable":true,"href":"https:\/\/staging.nbg.eu\/lv\/wp-json\/wp\/v2\/product_cat?post=44524"},{"taxonomy":"product_tag","embeddable":true,"href":"https:\/\/staging.nbg.eu\/lv\/wp-json\/wp\/v2\/product_tag?post=44524"}],"curies":[{"name":"wp","href":"https:\/\/api.w.org\/{rel}","templated":true}]}}