{"id":44479,"date":"2024-08-18T09:39:38","date_gmt":"2024-08-18T09:39:38","guid":{"rendered":"https:\/\/staging.nbg.eu\/product\/sordin-silicone-gel-replacement-ear-pads\/"},"modified":"2024-09-10T08:15:38","modified_gmt":"2024-09-10T08:15:38","slug":"sordin-silikona-gela-aizstajejo-ausu-spilventini","status":"publish","type":"product","link":"https:\/\/staging.nbg.eu\/lv\/product\/sordin-silikona-gela-aizstajejo-ausu-spilventini\/","title":{"rendered":"Sordin Silikona Gela Aizstajejo Ausu Spilventini"},"content":{"rendered":"<div class=\"product-description\">\n<h2>Sordin silikona gela nomai\u0146as ausu spilventi\u0146i<\/h2>\n<p>Uzlabojiet savus Sordin ausu aizsargus ar m\u016bsu silikona gela nomai\u0146as komplektu, kur\u0101 ietilpst:<\/p>\n<ul>\n<li>2 silikona gela ausu spilventi\u0146i<\/li>\n<li>2 izol\u0101cijas spilventi\u0146i<\/li>\n<\/ul>\n<p>Izbaudiet izcilu komfortu un ska\u0146as aizsardz\u012bbu ar \u0161iem inovat\u012bvajiem gela spilventi\u0146iem, kas piel\u0101gojas j\u016bsu galvas kont\u016br\u0101m. Ide\u0101li piem\u0113roti lieto\u0161anai kop\u0101 ar \u0161au\u0161anas brill\u0113m, tie piel\u0101gojas ap brillu k\u0101ji\u0146\u0101m, uzlabojot aizsardz\u012bbu un komfortu.<\/p>\n<p>Sader\u012bgi ar visiem Sordin mode\u013ciem: Supreme Pro, Pro-X un Pro+3. Viegli uzst\u0101d\u0101mi bez nepiecie\u0161am\u012bbas veikt modifik\u0101cijas.<\/p>\n<p>Uzlabojiet higi\u0113nu un veiktsp\u0113ju, regul\u0101ri nomainot ausu spilventi\u0146us. Izm\u0113\u0123iniet \u0161os gela spilventi\u0146us, lai patiesi nov\u0113rt\u0113tu at\u0161\u0137ir\u012bbu komfort\u0101 un ska\u0146as izol\u0101cij\u0101.<\/p>\n<\/div>\n","protected":false},"excerpt":{"rendered":"<p>Silikona g\u0113la ausu spilventi\u0146i Sordin austi\u0146\u0101m. Uzlabots komforts un ska\u0146as aizsardz\u012bba.<\/p>\n","protected":false},"featured_media":28597,"template":"","meta":{"_acf_changed":false},"product_brand":[],"product_cat":[13789,13794],"product_tag":[],"class_list":{"0":"post-44479","1":"product","2":"type-product","3":"status-publish","4":"has-post-thumbnail","6":"product_cat-ausu-aizsardziba","7":"product_cat-ekipejums","9":"first","10":"outofstock","11":"taxable","12":"shipping-taxable","13":"purchasable","14":"product-type-simple"},"acf":[],"_links":{"self":[{"href":"https:\/\/staging.nbg.eu\/lv\/wp-json\/wp\/v2\/product\/44479","targetHints":{"allow":["GET"]}}],"collection":[{"href":"https:\/\/staging.nbg.eu\/lv\/wp-json\/wp\/v2\/product"}],"about":[{"href":"https:\/\/staging.nbg.eu\/lv\/wp-json\/wp\/v2\/types\/product"}],"wp:featuredmedia":[{"embeddable":true,"href":"https:\/\/staging.nbg.eu\/lv\/wp-json\/wp\/v2\/media\/28597"}],"wp:attachment":[{"href":"https:\/\/staging.nbg.eu\/lv\/wp-json\/wp\/v2\/media?parent=44479"}],"wp:term":[{"taxonomy":"product_brand","embeddable":true,"href":"https:\/\/staging.nbg.eu\/lv\/wp-json\/wp\/v2\/product_brand?post=44479"},{"taxonomy":"product_cat","embeddable":true,"href":"https:\/\/staging.nbg.eu\/lv\/wp-json\/wp\/v2\/product_cat?post=44479"},{"taxonomy":"product_tag","embeddable":true,"href":"https:\/\/staging.nbg.eu\/lv\/wp-json\/wp\/v2\/product_tag?post=44479"}],"curies":[{"name":"wp","href":"https:\/\/api.w.org\/{rel}","templated":true}]}}