{"id":44435,"date":"2024-08-18T19:22:32","date_gmt":"2024-09-10T08:07:55","guid":{"rendered":"https:\/\/staging.nbg.eu\/product\/flex-holster-insert-block\/"},"modified":"2024-09-10T08:08:41","modified_gmt":"2024-09-10T08:08:41","slug":"flex-holster-ievietojuma-bloks","status":"publish","type":"product","link":"https:\/\/staging.nbg.eu\/lv\/product\/flex-holster-ievietojuma-bloks\/","title":{"rendered":"Flex Holster Ievietojuma Bloks"},"content":{"rendered":"<div class=\"product-description\">\n<h2>Flex Maksts Ielikt\u0146a Bloks: Piel\u0101gojama Forma J\u016bsu Pistolei<\/h2>\n<p>Revolucion\u0101rais Flex Maksts Ielikt\u0146a Bloks pied\u0101v\u0101 nep\u0101rsp\u0113jamu regul\u0113jam\u012bbu, lai nodro\u0161in\u0101tu perfektu piem\u0113rot\u012bbu gandr\u012bz jebkuram pistoles modelim. Pieejams A-tipa un B-tipa variantos, \u0161is inovat\u012bvais dizains \u013cauj prec\u012bzi piel\u0101got j\u016bsu maksts ieliktni optim\u0101lai veiktsp\u0113jai un komfortam.<\/p>\n<h3>Galven\u0101s Iez\u012bmes:<\/h3>\n<ul>\n<li>Regul\u0113jami sl\u012bd\u0146a fiks\u0101cijas zobi prec\u012bzai piel\u0101go\u0161anai<\/li>\n<li>S\u0101nu starplikas un papl\u0101ksnes piel\u0101gotai centr\u0113\u0161anai<\/li>\n<li>Papildu priek\u0161\u0113j\u0101 starplika papildu regul\u0113\u0161anai<\/li>\n<li>Alum\u012bnija sl\u012bd\u0146a fiksators ar magn\u0113tisko sa\u0137eri<\/li>\n<li>Plata, plakana ner\u016bs\u0113jo\u0161\u0101 t\u0113rauda dro\u0161\u012bbas svira vieglai aktiviz\u0113\u0161anai<\/li>\n<\/ul>\n<p>Flex Ielikt\u0146a Bloka Komplekts atrisina izplat\u012btas piel\u0101go\u0161anas probl\u0113mas, ko izraisa ra\u017eo\u0161anas at\u0161\u0137ir\u012bbas, nodro\u0161inot cie\u0161u un dro\u0161u piem\u0113rot\u012bbu j\u016bsu konkr\u0113tajam \u0161aujamierocim. Ar t\u0101 lietot\u0101jam draudz\u012bgo dizainu j\u016bs varat viegli piel\u0101got ieliktni, lai tas atbilstu j\u016bsu pistoles gaili sarg\u0101jo\u0161\u0101s skavu unik\u0101lajiem izm\u0113riem.<\/p>\n<p>Piedz\u012bvojiet n\u0101kamo maksts piel\u0101go\u0161anas l\u012bmeni ar Flex Maksts Ielikt\u0146a Bloku \u2013 gal\u012bgo risin\u0101jumu pras\u012bgiem \u0161\u0101v\u0113jiem, kuri pieprasa precizit\u0101ti un uzticam\u012bbu.<\/p>\n<\/div>\n","protected":false},"excerpt":{"rendered":"<p>Piel\u0101gojams maksts ieliktnis, kas nodro\u0161ina perfektu pistoles ievieto\u0161anu un dro\u0161\u012bbu.<\/p>\n","protected":false},"featured_media":28620,"template":"","meta":{"_acf_changed":false},"product_brand":[11271],"product_cat":[13794,13814,13781,13819],"product_tag":[],"class_list":{"0":"post-44435","1":"product","2":"type-product","3":"status-publish","4":"has-post-thumbnail","6":"product_brand-doublealpha","7":"product_cat-ekipejums","8":"product_cat-koburas-aksesuari","9":"product_cat-maksts","10":"product_cat-sporta-kobura","12":"first","13":"instock","14":"taxable","15":"shipping-taxable","16":"purchasable","17":"product-type-variable","18":"wvs-archive-product-wrapper"},"acf":[],"_links":{"self":[{"href":"https:\/\/staging.nbg.eu\/lv\/wp-json\/wp\/v2\/product\/44435","targetHints":{"allow":["GET"]}}],"collection":[{"href":"https:\/\/staging.nbg.eu\/lv\/wp-json\/wp\/v2\/product"}],"about":[{"href":"https:\/\/staging.nbg.eu\/lv\/wp-json\/wp\/v2\/types\/product"}],"wp:featuredmedia":[{"embeddable":true,"href":"https:\/\/staging.nbg.eu\/lv\/wp-json\/wp\/v2\/media\/28620"}],"wp:attachment":[{"href":"https:\/\/staging.nbg.eu\/lv\/wp-json\/wp\/v2\/media?parent=44435"}],"wp:term":[{"taxonomy":"product_brand","embeddable":true,"href":"https:\/\/staging.nbg.eu\/lv\/wp-json\/wp\/v2\/product_brand?post=44435"},{"taxonomy":"product_cat","embeddable":true,"href":"https:\/\/staging.nbg.eu\/lv\/wp-json\/wp\/v2\/product_cat?post=44435"},{"taxonomy":"product_tag","embeddable":true,"href":"https:\/\/staging.nbg.eu\/lv\/wp-json\/wp\/v2\/product_tag?post=44435"}],"curies":[{"name":"wp","href":"https:\/\/api.w.org\/{rel}","templated":true}]}}