{"id":43981,"date":"2024-08-18T19:33:17","date_gmt":"2024-09-09T15:47:32","guid":{"rendered":"https:\/\/staging.nbg.eu\/product\/lynx-belt-single-link\/"},"modified":"2025-01-24T12:50:04","modified_gmt":"2025-01-24T12:50:04","slug":"alpha-xi-sominas-ieliktnis","status":"publish","type":"product","link":"https:\/\/staging.nbg.eu\/lv\/product\/alpha-xi-sominas-ieliktnis\/","title":{"rendered":"Alpha-Xi Somi\u0146as Ieliktnis"},"content":{"rendered":"<div class=\"product-description\">\n<h2>Lynx jostas atsevi\u0161\u0137a posma<\/h2>\n<p>Piel\u0101gojiet savu Lynx jostu ar atsevi\u0161\u0137iem posmiem:<\/p>\n<ul>\n<li>Pieejamas 5 kr\u0101sas<\/li>\n<li>Veidojiet jostu, lai t\u0101 atbilstu j\u016bsu valsts karogam, \u0161au\u0161anas klubam vai formai<\/li>\n<li>Ieg\u0101d\u0101jieties atsevi\u0161\u0137us posmus jebkur\u0101 kr\u0101s\u0101 un daudzum\u0101<\/li>\n<\/ul>\n<h3>Izm\u0113ri:<\/h3>\n<ul>\n<li>Garums: 33mm (no tapas l\u012bdz tapai)<\/li>\n<li>Augstums: 38.7mm<\/li>\n<li>Biezums: 8.8mm (uz Velcro spilventi\u0146a), 7mm (bez spilventi\u0146a)<\/li>\n<\/ul>\n<p>Lynx jostas atsevi\u0161\u0137s posms ir veids, k\u0101 izteikt savu individualit\u0101ti.<\/p>\n<\/div>\n","protected":false},"excerpt":{"rendered":"<p>Piel\u0101gojama jostas saite: 5 kr\u0101sas, sajauciet un saska\u0146ojiet unik\u0101liem dizainiem.<\/p>\n","protected":false},"featured_media":29149,"template":"","meta":{"_acf_changed":false},"product_brand":[11271],"product_cat":[13794,13797],"product_tag":[],"class_list":{"0":"post-43981","1":"product","2":"type-product","3":"status-publish","4":"has-post-thumbnail","6":"product_brand-doublealpha","7":"product_cat-ekipejums","8":"product_cat-sporta-jostas","10":"first","11":"instock","12":"taxable","13":"shipping-taxable","14":"purchasable","15":"product-type-variable","16":"wvs-archive-product-wrapper"},"acf":[],"_links":{"self":[{"href":"https:\/\/staging.nbg.eu\/lv\/wp-json\/wp\/v2\/product\/43981","targetHints":{"allow":["GET"]}}],"collection":[{"href":"https:\/\/staging.nbg.eu\/lv\/wp-json\/wp\/v2\/product"}],"about":[{"href":"https:\/\/staging.nbg.eu\/lv\/wp-json\/wp\/v2\/types\/product"}],"wp:featuredmedia":[{"embeddable":true,"href":"https:\/\/staging.nbg.eu\/lv\/wp-json\/wp\/v2\/media\/29149"}],"wp:attachment":[{"href":"https:\/\/staging.nbg.eu\/lv\/wp-json\/wp\/v2\/media?parent=43981"}],"wp:term":[{"taxonomy":"product_brand","embeddable":true,"href":"https:\/\/staging.nbg.eu\/lv\/wp-json\/wp\/v2\/product_brand?post=43981"},{"taxonomy":"product_cat","embeddable":true,"href":"https:\/\/staging.nbg.eu\/lv\/wp-json\/wp\/v2\/product_cat?post=43981"},{"taxonomy":"product_tag","embeddable":true,"href":"https:\/\/staging.nbg.eu\/lv\/wp-json\/wp\/v2\/product_tag?post=43981"}],"curies":[{"name":"wp","href":"https:\/\/api.w.org\/{rel}","templated":true}]}}