{"id":414868,"date":"2025-07-03T13:21:11","date_gmt":"2025-07-03T10:21:11","guid":{"rendered":"https:\/\/staging.nbg.eu\/product\/grip-kmr-l-dotmatrix-ergo-orange\/"},"modified":"2025-07-03T13:23:17","modified_gmt":"2025-07-03T10:23:17","slug":"rokturis-kmr-l-dotmatrix-ergo-oranzs","status":"publish","type":"product","link":"https:\/\/staging.nbg.eu\/lv\/product\/rokturis-kmr-l-dotmatrix-ergo-oranzs\/","title":{"rendered":"Rokturis KMR L DOTMATRIX ERGO ORANZS"},"content":{"rendered":"<div class=\"product-description\">\n<h2>Rokturis KMR L DOTMATRIX ERGO ORAN\u017dS<\/h2>\n<p>KMR Precision Arms DOTMATRIX ERGO rokturis. \u0160is pilna izm\u0113ra alum\u012bnija rokturis ietver:<\/p>\n<ul>\n<li>Ergonomisks plaukstas profils<\/li>\n<li>Oran\u017ea kr\u0101sa<\/li>\n<li>Izstr\u0101d\u0101ts bez magaz\u012bnas atveres<\/li>\n<li>Prec\u012bzi izgatavots<\/li>\n<\/ul>\n<p>Atsauce: 0611-04001-0105<\/p>\n<\/div>\n","protected":false},"excerpt":{"rendered":"<p>Ergonomiski alum\u012bnija rokturi ar padzi\u013cin\u0101jumu plaukstai KMR pistol\u0113m.<\/p>\n","protected":false},"featured_media":359475,"template":"","meta":{"_acf_changed":false},"product_brand":[11512],"product_cat":[13779,13828],"product_tag":[],"class_list":{"0":"post-414868","1":"product","2":"type-product","3":"status-publish","4":"has-post-thumbnail","6":"product_brand-kmr-precision","7":"product_cat-kmr-detalas","8":"product_cat-pistoles-detalas","10":"first","11":"instock","12":"taxable","13":"shipping-taxable","14":"purchasable","15":"product-type-simple"},"acf":[],"_links":{"self":[{"href":"https:\/\/staging.nbg.eu\/lv\/wp-json\/wp\/v2\/product\/414868","targetHints":{"allow":["GET"]}}],"collection":[{"href":"https:\/\/staging.nbg.eu\/lv\/wp-json\/wp\/v2\/product"}],"about":[{"href":"https:\/\/staging.nbg.eu\/lv\/wp-json\/wp\/v2\/types\/product"}],"wp:featuredmedia":[{"embeddable":true,"href":"https:\/\/staging.nbg.eu\/lv\/wp-json\/wp\/v2\/media\/359475"}],"wp:attachment":[{"href":"https:\/\/staging.nbg.eu\/lv\/wp-json\/wp\/v2\/media?parent=414868"}],"wp:term":[{"taxonomy":"product_brand","embeddable":true,"href":"https:\/\/staging.nbg.eu\/lv\/wp-json\/wp\/v2\/product_brand?post=414868"},{"taxonomy":"product_cat","embeddable":true,"href":"https:\/\/staging.nbg.eu\/lv\/wp-json\/wp\/v2\/product_cat?post=414868"},{"taxonomy":"product_tag","embeddable":true,"href":"https:\/\/staging.nbg.eu\/lv\/wp-json\/wp\/v2\/product_tag?post=414868"}],"curies":[{"name":"wp","href":"https:\/\/api.w.org\/{rel}","templated":true}]}}