{"id":414761,"date":"2025-05-14T22:52:38","date_gmt":"2025-05-14T19:52:38","guid":{"rendered":"https:\/\/staging.nbg.eu\/product\/grip-kmr-s-dotmatrix-ergo-black\/"},"modified":"2025-07-03T13:18:20","modified_gmt":"2025-07-03T10:18:20","slug":"rokturis-kmr-s-dotmatrix-ergo-melns","status":"publish","type":"product","link":"https:\/\/staging.nbg.eu\/lv\/product\/rokturis-kmr-s-dotmatrix-ergo-melns\/","title":{"rendered":"Rokturis KMR S DOTMATRIX ERGO MELNS"},"content":{"rendered":"<div class=\"product-description\">\n<h2>Rokturis KMR S DOTMATRIX ERGO MELNS<\/h2>\n<p>\u0160ie duralum\u012bnija rokturi ar golfa bumbas rakstu nodro\u0161ina labu satv\u0113rienu da\u017e\u0101d\u0101s situ\u0101cij\u0101s. Piem\u0113roti eso\u0161o pisto\u013cu uzlabo\u0161anai vai sacens\u012bbu iero\u010du izstr\u0101dei. Sader\u012bgi ar KMR S-01 LANCE (OR), KMR S-02 (l\u012bdz 2023. gadam) un atsevi\u0161\u0137iem CZ mode\u013ciem, ieskaitot Shadow 1, Shadow 2 un SP-01.<\/p>\n<p>Atsauce: 0611-03001-0101<\/p>\n<p>Z\u012bmols: KMR Precision Arms<\/p>\n<\/div>\n","protected":false},"excerpt":{"rendered":"<p>Ergonomisks duralumin rokturis ar golfa bumbas rakstu dro\u0161am satv\u0113rienam. Der KMR un CZ pistol\u0113m.<\/p>\n","protected":false},"featured_media":359498,"template":"","meta":{"_acf_changed":false},"product_brand":[11512],"product_cat":[13779,13828],"product_tag":[],"class_list":{"0":"post-414761","1":"product","2":"type-product","3":"status-publish","4":"has-post-thumbnail","6":"product_brand-kmr-precision","7":"product_cat-kmr-detalas","8":"product_cat-pistoles-detalas","10":"first","11":"instock","12":"taxable","13":"shipping-taxable","14":"purchasable","15":"product-type-simple"},"acf":[],"_links":{"self":[{"href":"https:\/\/staging.nbg.eu\/lv\/wp-json\/wp\/v2\/product\/414761","targetHints":{"allow":["GET"]}}],"collection":[{"href":"https:\/\/staging.nbg.eu\/lv\/wp-json\/wp\/v2\/product"}],"about":[{"href":"https:\/\/staging.nbg.eu\/lv\/wp-json\/wp\/v2\/types\/product"}],"wp:featuredmedia":[{"embeddable":true,"href":"https:\/\/staging.nbg.eu\/lv\/wp-json\/wp\/v2\/media\/359498"}],"wp:attachment":[{"href":"https:\/\/staging.nbg.eu\/lv\/wp-json\/wp\/v2\/media?parent=414761"}],"wp:term":[{"taxonomy":"product_brand","embeddable":true,"href":"https:\/\/staging.nbg.eu\/lv\/wp-json\/wp\/v2\/product_brand?post=414761"},{"taxonomy":"product_cat","embeddable":true,"href":"https:\/\/staging.nbg.eu\/lv\/wp-json\/wp\/v2\/product_cat?post=414761"},{"taxonomy":"product_tag","embeddable":true,"href":"https:\/\/staging.nbg.eu\/lv\/wp-json\/wp\/v2\/product_tag?post=414761"}],"curies":[{"name":"wp","href":"https:\/\/api.w.org\/{rel}","templated":true}]}}