{"id":414622,"date":"2025-07-03T12:33:41","date_gmt":"2025-07-03T09:33:41","guid":{"rendered":"https:\/\/staging.nbg.eu\/product\/grips-kmr-w-dotmatrix-black\/"},"modified":"2025-07-03T12:36:12","modified_gmt":"2025-07-03T09:36:12","slug":"rokturi-kmr-w-dotmatrix-melns","status":"publish","type":"product","link":"https:\/\/staging.nbg.eu\/lv\/product\/rokturi-kmr-w-dotmatrix-melns\/","title":{"rendered":"ROKTURI KMR W DOTMATRIX MELNS"},"content":{"rendered":"<div class=\"product-description\">\n<h2>ROKTURI KMR W DOTMATRIX MELNI<\/h2>\n<p>KMR pistoles rokturi no duralum\u012bnija. Tekstur\u0113ta virsma lab\u0101kai satverei. Piem\u0113roti eso\u0161o pisto\u013cu uzlabo\u0161anai vai sacens\u012bbu iero\u010du izgatavo\u0161anai. \u012apa\u0161\u012bbas:<\/p>\n<ul>\n<li>Garais izm\u0113rs<\/li>\n<li>Anod\u0113ts duralum\u012bnijs<\/li>\n<li>Bez magaz\u012bnas vadotnes<\/li>\n<li>Iek\u013cautas torx skr\u016bves<\/li>\n<li>KMR logotips<\/li>\n<\/ul>\n<p>Sader\u012bgi ar KMR W-02 CUDA (l\u012bdz 2023. gadam), UMBRA un UMBRA (OR) mode\u013ciem.<\/p>\n<\/div>\n","protected":false},"excerpt":{"rendered":"<p>Iztur\u012bgi duralum\u012bnija rokturi ar golfa bumbi\u0146as tekst\u016bru KMR pistol\u0113m.<\/p>\n","protected":false},"featured_media":359337,"template":"","meta":{"_acf_changed":false},"product_brand":[11512],"product_cat":[13779,13828],"product_tag":[],"class_list":{"0":"post-414622","1":"product","2":"type-product","3":"status-publish","4":"has-post-thumbnail","6":"product_brand-kmr-precision","7":"product_cat-kmr-detalas","8":"product_cat-pistoles-detalas","10":"first","11":"instock","12":"taxable","13":"shipping-taxable","14":"purchasable","15":"product-type-simple"},"acf":[],"_links":{"self":[{"href":"https:\/\/staging.nbg.eu\/lv\/wp-json\/wp\/v2\/product\/414622","targetHints":{"allow":["GET"]}}],"collection":[{"href":"https:\/\/staging.nbg.eu\/lv\/wp-json\/wp\/v2\/product"}],"about":[{"href":"https:\/\/staging.nbg.eu\/lv\/wp-json\/wp\/v2\/types\/product"}],"wp:featuredmedia":[{"embeddable":true,"href":"https:\/\/staging.nbg.eu\/lv\/wp-json\/wp\/v2\/media\/359337"}],"wp:attachment":[{"href":"https:\/\/staging.nbg.eu\/lv\/wp-json\/wp\/v2\/media?parent=414622"}],"wp:term":[{"taxonomy":"product_brand","embeddable":true,"href":"https:\/\/staging.nbg.eu\/lv\/wp-json\/wp\/v2\/product_brand?post=414622"},{"taxonomy":"product_cat","embeddable":true,"href":"https:\/\/staging.nbg.eu\/lv\/wp-json\/wp\/v2\/product_cat?post=414622"},{"taxonomy":"product_tag","embeddable":true,"href":"https:\/\/staging.nbg.eu\/lv\/wp-json\/wp\/v2\/product_tag?post=414622"}],"curies":[{"name":"wp","href":"https:\/\/api.w.org\/{rel}","templated":true}]}}