{"id":414507,"date":"2025-07-03T12:08:30","date_gmt":"2025-07-03T09:08:30","guid":{"rendered":"https:\/\/staging.nbg.eu\/product\/grips-kmr-w-dotmatrix-ergo-black\/"},"modified":"2025-07-03T12:11:00","modified_gmt":"2025-07-03T09:11:00","slug":"rokturi-kmr-w-dotmatrix-ergo-melns","status":"publish","type":"product","link":"https:\/\/staging.nbg.eu\/lv\/product\/rokturi-kmr-w-dotmatrix-ergo-melns\/","title":{"rendered":"ROKTURI KMR W DOTMATRIX ERGO MELNS"},"content":{"rendered":"<div class=\"product-description\">\n<h2>KMR W DOTMATRIX ERGO MELNI ROKTURI<\/h2>\n<p>KMR pistolei paredz\u0113ti duralum\u012bnija rokturi ar golfa bumbas rakstu lab\u0101kai satverei. Piem\u0113roti uzlabojumiem vai sacens\u012bbu iero\u010diem. Sader\u012bgi ar KMR W-02 CUDA (l\u012bdz 2023. gadam), UMBRA un UMBRA (OR) mode\u013ciem.<\/p>\n<p><strong>Atsauce:<\/strong> 0611-03305-0101<\/p>\n<p><strong>Z\u012bmols:<\/strong> KMR Precision Arms<\/p>\n<\/div>\n","protected":false},"excerpt":{"rendered":"<p>Iztur\u012bgi rokturi ar golfa bumbi\u0146as rakstu KMR pistol\u0113m.<\/p>\n","protected":false},"featured_media":359360,"template":"","meta":{"_acf_changed":false},"product_brand":[11512],"product_cat":[13779,13828],"product_tag":[],"class_list":{"0":"post-414507","1":"product","2":"type-product","3":"status-publish","4":"has-post-thumbnail","6":"product_brand-kmr-precision","7":"product_cat-kmr-detalas","8":"product_cat-pistoles-detalas","10":"first","11":"instock","12":"taxable","13":"shipping-taxable","14":"purchasable","15":"product-type-simple"},"acf":[],"_links":{"self":[{"href":"https:\/\/staging.nbg.eu\/lv\/wp-json\/wp\/v2\/product\/414507","targetHints":{"allow":["GET"]}}],"collection":[{"href":"https:\/\/staging.nbg.eu\/lv\/wp-json\/wp\/v2\/product"}],"about":[{"href":"https:\/\/staging.nbg.eu\/lv\/wp-json\/wp\/v2\/types\/product"}],"wp:featuredmedia":[{"embeddable":true,"href":"https:\/\/staging.nbg.eu\/lv\/wp-json\/wp\/v2\/media\/359360"}],"wp:attachment":[{"href":"https:\/\/staging.nbg.eu\/lv\/wp-json\/wp\/v2\/media?parent=414507"}],"wp:term":[{"taxonomy":"product_brand","embeddable":true,"href":"https:\/\/staging.nbg.eu\/lv\/wp-json\/wp\/v2\/product_brand?post=414507"},{"taxonomy":"product_cat","embeddable":true,"href":"https:\/\/staging.nbg.eu\/lv\/wp-json\/wp\/v2\/product_cat?post=414507"},{"taxonomy":"product_tag","embeddable":true,"href":"https:\/\/staging.nbg.eu\/lv\/wp-json\/wp\/v2\/product_tag?post=414507"}],"curies":[{"name":"wp","href":"https:\/\/api.w.org\/{rel}","templated":true}]}}