{"id":411873,"date":"2025-05-14T22:52:06","date_gmt":"2025-05-14T19:52:06","guid":{"rendered":"https:\/\/staging.nbg.eu\/product\/grips-kmr-w-dotmatrix-ergo-orange\/"},"modified":"2025-07-01T17:42:42","modified_gmt":"2025-07-01T14:42:42","slug":"rokturi-kmr-w-dotmatrix-ergo-oranzs","status":"publish","type":"product","link":"https:\/\/staging.nbg.eu\/lv\/product\/rokturi-kmr-w-dotmatrix-ergo-oranzs\/","title":{"rendered":"ROKTURI KMR W DOTMATRIX ERGO ORANZS"},"content":{"rendered":"<div class=\"product-description\">\n<h2>KMR W DOTMATRIX ERGO ORAN\u017dIE ROKTURI<\/h2>\n<p>Duralumin rokturi KMR pistolei ar golfa bumbas rakstu lab\u0101kai satverei. Piem\u0113roti uzlabojumiem vai sacens\u012bbu iero\u010diem. Sader\u012bgi ar KMR W-02 CUDA (l\u012bdz 2023. gadam), UMBRA un UMBRA (OR) mode\u013ciem.<\/p>\n<p><strong>Atsauce:<\/strong> 0611-03305-0101<\/p>\n<\/div>\n","protected":false},"excerpt":{"rendered":"<p>Ergonomiski oran\u017ei rokturi ar punktu matricas rakstu KMR pistol\u0113m.<\/p>\n","protected":false},"featured_media":359383,"template":"","meta":{"_acf_changed":false},"product_brand":[11512],"product_cat":[13779,13828],"product_tag":[],"class_list":{"0":"post-411873","1":"product","2":"type-product","3":"status-publish","4":"has-post-thumbnail","6":"product_brand-kmr-precision","7":"product_cat-kmr-detalas","8":"product_cat-pistoles-detalas","10":"first","11":"outofstock","12":"taxable","13":"shipping-taxable","14":"purchasable","15":"product-type-simple"},"acf":[],"_links":{"self":[{"href":"https:\/\/staging.nbg.eu\/lv\/wp-json\/wp\/v2\/product\/411873","targetHints":{"allow":["GET"]}}],"collection":[{"href":"https:\/\/staging.nbg.eu\/lv\/wp-json\/wp\/v2\/product"}],"about":[{"href":"https:\/\/staging.nbg.eu\/lv\/wp-json\/wp\/v2\/types\/product"}],"wp:featuredmedia":[{"embeddable":true,"href":"https:\/\/staging.nbg.eu\/lv\/wp-json\/wp\/v2\/media\/359383"}],"wp:attachment":[{"href":"https:\/\/staging.nbg.eu\/lv\/wp-json\/wp\/v2\/media?parent=411873"}],"wp:term":[{"taxonomy":"product_brand","embeddable":true,"href":"https:\/\/staging.nbg.eu\/lv\/wp-json\/wp\/v2\/product_brand?post=411873"},{"taxonomy":"product_cat","embeddable":true,"href":"https:\/\/staging.nbg.eu\/lv\/wp-json\/wp\/v2\/product_cat?post=411873"},{"taxonomy":"product_tag","embeddable":true,"href":"https:\/\/staging.nbg.eu\/lv\/wp-json\/wp\/v2\/product_tag?post=411873"}],"curies":[{"name":"wp","href":"https:\/\/api.w.org\/{rel}","templated":true}]}}