{"id":411765,"date":"2025-05-14T22:52:01","date_gmt":"2025-05-14T19:52:01","guid":{"rendered":"https:\/\/staging.nbg.eu\/product\/grips-kmr-w-dotmatrix-ergo-red\/"},"modified":"2025-07-01T17:35:24","modified_gmt":"2025-07-01T14:35:24","slug":"rokturi-kmr-w-dotmatrix-ergo-sarkans","status":"publish","type":"product","link":"https:\/\/staging.nbg.eu\/lv\/product\/rokturi-kmr-w-dotmatrix-ergo-sarkans\/","title":{"rendered":"ROKTURI KMR W DOTMATRIX ERGO SARKANS"},"content":{"rendered":"<div class=\"product-description\">\n<h2>ROKTURI KMR W DOTMATRIX ERGO SARKANI<\/h2>\n<p>Duralum\u012bnija rokturi KMR pistolei ar golfa bumbas rakstu lab\u0101kai satverei. Paredz\u0113ti KMR W-02 CUDA (l\u012bdz 2023. gadam), UMBRA un UMBRA (OR) mode\u013ciem.<\/p>\n<ul>\n<li>Atsauce: 0611-03305-0101<\/li>\n<li>Z\u012bmols: KMR Precision Arms<\/li>\n<li>Materi\u0101ls: Duralum\u012bnijs<\/li>\n<\/ul>\n<\/div>\n","protected":false},"excerpt":{"rendered":"<p>Iztur\u012bgi, ergonomiski rokturi KMR pistol\u0113m. Dro\u0161s satv\u0113riens.<\/p>\n","protected":false},"featured_media":359406,"template":"","meta":{"_acf_changed":false},"product_brand":[11512],"product_cat":[13779,13828],"product_tag":[],"class_list":{"0":"post-411765","1":"product","2":"type-product","3":"status-publish","4":"has-post-thumbnail","6":"product_brand-kmr-precision","7":"product_cat-kmr-detalas","8":"product_cat-pistoles-detalas","10":"first","11":"outofstock","12":"taxable","13":"shipping-taxable","14":"purchasable","15":"product-type-simple"},"acf":[],"_links":{"self":[{"href":"https:\/\/staging.nbg.eu\/lv\/wp-json\/wp\/v2\/product\/411765","targetHints":{"allow":["GET"]}}],"collection":[{"href":"https:\/\/staging.nbg.eu\/lv\/wp-json\/wp\/v2\/product"}],"about":[{"href":"https:\/\/staging.nbg.eu\/lv\/wp-json\/wp\/v2\/types\/product"}],"wp:featuredmedia":[{"embeddable":true,"href":"https:\/\/staging.nbg.eu\/lv\/wp-json\/wp\/v2\/media\/359406"}],"wp:attachment":[{"href":"https:\/\/staging.nbg.eu\/lv\/wp-json\/wp\/v2\/media?parent=411765"}],"wp:term":[{"taxonomy":"product_brand","embeddable":true,"href":"https:\/\/staging.nbg.eu\/lv\/wp-json\/wp\/v2\/product_brand?post=411765"},{"taxonomy":"product_cat","embeddable":true,"href":"https:\/\/staging.nbg.eu\/lv\/wp-json\/wp\/v2\/product_cat?post=411765"},{"taxonomy":"product_tag","embeddable":true,"href":"https:\/\/staging.nbg.eu\/lv\/wp-json\/wp\/v2\/product_tag?post=411765"}],"curies":[{"name":"wp","href":"https:\/\/api.w.org\/{rel}","templated":true}]}}