{"id":411655,"date":"2025-07-01T17:24:52","date_gmt":"2025-07-01T14:24:52","guid":{"rendered":"https:\/\/staging.nbg.eu\/product\/grips-kmr-w-dotmatrix-ergo-silver\/"},"modified":"2025-07-01T17:27:23","modified_gmt":"2025-07-01T14:27:23","slug":"rokturi-kmr-w-dotmatrix-ergo-sudrabs","status":"publish","type":"product","link":"https:\/\/staging.nbg.eu\/lv\/product\/rokturi-kmr-w-dotmatrix-ergo-sudrabs\/","title":{"rendered":"ROKTURI KMR W DOTMATRIX ERGO SUDRABS"},"content":{"rendered":"<div class=\"product-description\">\n<h2>ROKTURI KMR W DOTMATRIX ERGO SUDRABA<\/h2>\n<p>\u0160ie duralum\u012bnija rokturi ir paredz\u0113ti KMR pistolei. Punktu raksts nodro\u0161ina stabilu satv\u0113rienu. Tie ir piem\u0113roti uzlabojumiem vai sacens\u012bbu iero\u010diem.<\/p>\n<ul>\n<li>Atsauce: 0611-03305-0101<\/li>\n<li>Z\u012bmols: KMR Precision Arms<\/li>\n<li>Sader\u012bgi ar: KMR W-02 CUDA, UMBRA un UMBRA (OR) mode\u013ciem<\/li>\n<\/ul>\n<\/div>\n","protected":false},"excerpt":{"rendered":"<p>Ergonomisks duralumin rokturis ar golfa bumbi\u0146as rakstu KMR pistol\u0113m. Dro\u0161s satv\u0113riens jebkur\u0101 situ\u0101cij\u0101.<\/p>\n","protected":false},"featured_media":359429,"template":"","meta":{"_acf_changed":false},"product_brand":[11512],"product_cat":[13779,13828],"product_tag":[],"class_list":{"0":"post-411655","1":"product","2":"type-product","3":"status-publish","4":"has-post-thumbnail","6":"product_brand-kmr-precision","7":"product_cat-kmr-detalas","8":"product_cat-pistoles-detalas","10":"first","11":"instock","12":"taxable","13":"shipping-taxable","14":"purchasable","15":"product-type-simple"},"acf":[],"_links":{"self":[{"href":"https:\/\/staging.nbg.eu\/lv\/wp-json\/wp\/v2\/product\/411655","targetHints":{"allow":["GET"]}}],"collection":[{"href":"https:\/\/staging.nbg.eu\/lv\/wp-json\/wp\/v2\/product"}],"about":[{"href":"https:\/\/staging.nbg.eu\/lv\/wp-json\/wp\/v2\/types\/product"}],"wp:featuredmedia":[{"embeddable":true,"href":"https:\/\/staging.nbg.eu\/lv\/wp-json\/wp\/v2\/media\/359429"}],"wp:attachment":[{"href":"https:\/\/staging.nbg.eu\/lv\/wp-json\/wp\/v2\/media?parent=411655"}],"wp:term":[{"taxonomy":"product_brand","embeddable":true,"href":"https:\/\/staging.nbg.eu\/lv\/wp-json\/wp\/v2\/product_brand?post=411655"},{"taxonomy":"product_cat","embeddable":true,"href":"https:\/\/staging.nbg.eu\/lv\/wp-json\/wp\/v2\/product_cat?post=411655"},{"taxonomy":"product_tag","embeddable":true,"href":"https:\/\/staging.nbg.eu\/lv\/wp-json\/wp\/v2\/product_tag?post=411655"}],"curies":[{"name":"wp","href":"https:\/\/api.w.org\/{rel}","templated":true}]}}