{"id":411545,"date":"2025-07-01T17:17:40","date_gmt":"2025-07-01T14:17:40","guid":{"rendered":"https:\/\/staging.nbg.eu\/product\/grips-kmr-w-dotmatrix-silver\/"},"modified":"2025-07-01T17:20:09","modified_gmt":"2025-07-01T14:20:09","slug":"rokturi-kmr-w-dotmatrix-sudrabs","status":"publish","type":"product","link":"https:\/\/staging.nbg.eu\/lv\/product\/rokturi-kmr-w-dotmatrix-sudrabs\/","title":{"rendered":"ROKTURI KMR W DOTMATRIX SUDRABS"},"content":{"rendered":"<div class=\"product-description\">\n<h2>ROKTURI KMR W DOTMATRIX SUDRABA<\/h2>\n<p>KMR pistolei paredz\u0113ti duralumi\u0146a rokturi. Golfa bumbi\u0146as raksta tekst\u016bra nodro\u0161ina stabilu satv\u0113rienu. Piem\u0113roti eso\u0161\u0101 iero\u010da uzlabo\u0161anai vai sacens\u012bbu pistoles izveidei. Sader\u012bgi ar KMR W-02 CUDA (l\u012bdz 2023. gadam), UMBRA un UMBRA (OR) mode\u013ciem.<\/p>\n<ul>\n<li>Atsauce: 0611-03301-0102<\/li>\n<li>Z\u012bmols: KMR Precision Arms<\/li>\n<li>Materi\u0101ls: Duralumi\u0146\u0161<\/li>\n<\/ul>\n<\/div>\n","protected":false},"excerpt":{"rendered":"<p>Tekstur\u0113ti duralum\u012bnija rokturi KMR pistol\u0113m. Golfa bumbas raksts nodro\u0161ina dro\u0161u satv\u0113rienu jebkur\u0101 situ\u0101cij\u0101.<\/p>\n","protected":false},"featured_media":359452,"template":"","meta":{"_acf_changed":false},"product_brand":[11512],"product_cat":[13779,13828],"product_tag":[],"class_list":{"0":"post-411545","1":"product","2":"type-product","3":"status-publish","4":"has-post-thumbnail","6":"product_brand-kmr-precision","7":"product_cat-kmr-detalas","8":"product_cat-pistoles-detalas","10":"first","11":"instock","12":"taxable","13":"shipping-taxable","14":"purchasable","15":"product-type-simple"},"acf":[],"_links":{"self":[{"href":"https:\/\/staging.nbg.eu\/lv\/wp-json\/wp\/v2\/product\/411545","targetHints":{"allow":["GET"]}}],"collection":[{"href":"https:\/\/staging.nbg.eu\/lv\/wp-json\/wp\/v2\/product"}],"about":[{"href":"https:\/\/staging.nbg.eu\/lv\/wp-json\/wp\/v2\/types\/product"}],"wp:featuredmedia":[{"embeddable":true,"href":"https:\/\/staging.nbg.eu\/lv\/wp-json\/wp\/v2\/media\/359452"}],"wp:attachment":[{"href":"https:\/\/staging.nbg.eu\/lv\/wp-json\/wp\/v2\/media?parent=411545"}],"wp:term":[{"taxonomy":"product_brand","embeddable":true,"href":"https:\/\/staging.nbg.eu\/lv\/wp-json\/wp\/v2\/product_brand?post=411545"},{"taxonomy":"product_cat","embeddable":true,"href":"https:\/\/staging.nbg.eu\/lv\/wp-json\/wp\/v2\/product_cat?post=411545"},{"taxonomy":"product_tag","embeddable":true,"href":"https:\/\/staging.nbg.eu\/lv\/wp-json\/wp\/v2\/product_tag?post=411545"}],"curies":[{"name":"wp","href":"https:\/\/api.w.org\/{rel}","templated":true}]}}