{"id":411437,"date":"2025-07-01T17:09:52","date_gmt":"2025-07-01T14:09:52","guid":{"rendered":"https:\/\/staging.nbg.eu\/product\/grips-kmr-w-modular-sandpaper-black\/"},"modified":"2025-07-01T17:12:21","modified_gmt":"2025-07-01T14:12:21","slug":"rokturi-kmr-w-modular-sandpaper-black","status":"publish","type":"product","link":"https:\/\/staging.nbg.eu\/lv\/product\/rokturi-kmr-w-modular-sandpaper-black\/","title":{"rendered":"ROKTURI KMR W MODULAR SANDPAPER BLACK"},"content":{"rendered":"<h2>KMR W MODUL\u0100RAIS SMIL\u0160PAP\u012aRA ROKTURIS, MELNS<\/h2>\n<p>KMR W modul\u0101rais smil\u0161pap\u012bra rokturis meln\u0101 kr\u0101s\u0101. \u0160is garais, anod\u0113ta duralum\u012bnija rokturis nodro\u0161ina kontroli un \u0113rtumu bez magaz\u012bnas vadotnes. Tam ir KMR logotips un modul\u0101ra konstrukcija piel\u0101go\u0161anai. Komplekt\u0101 iek\u013cautas torx skr\u016bves uzst\u0101d\u012b\u0161anai.<\/p>\n<ul>\n<li>Izm\u0113rs: Gar\u0161<\/li>\n<li>Materi\u0101ls: Anod\u0113ts duralum\u012bnijs<\/li>\n<li>Lieto\u0161ana: Bez magaz\u012bnas vadotnes<\/li>\n<li>Komplekt\u0101: Torx skr\u016bves<\/li>\n<li>Logotips: KMR<\/li>\n<\/ul>\n<p><strong>Atsauce:<\/strong> 0611-03304-0101<\/p>\n","protected":false},"excerpt":{"rendered":"<p>Gar\u0161, iztur\u012bgs anod\u0113ts duralum\u012bnija rokturis.<\/p>\n","protected":false},"featured_media":359273,"template":"","meta":{"_acf_changed":false},"product_brand":[11512],"product_cat":[13779,13828],"product_tag":[],"class_list":{"0":"post-411437","1":"product","2":"type-product","3":"status-publish","4":"has-post-thumbnail","6":"product_brand-kmr-precision","7":"product_cat-kmr-detalas","8":"product_cat-pistoles-detalas","10":"first","11":"instock","12":"taxable","13":"shipping-taxable","14":"purchasable","15":"product-type-simple"},"acf":[],"_links":{"self":[{"href":"https:\/\/staging.nbg.eu\/lv\/wp-json\/wp\/v2\/product\/411437","targetHints":{"allow":["GET"]}}],"collection":[{"href":"https:\/\/staging.nbg.eu\/lv\/wp-json\/wp\/v2\/product"}],"about":[{"href":"https:\/\/staging.nbg.eu\/lv\/wp-json\/wp\/v2\/types\/product"}],"wp:featuredmedia":[{"embeddable":true,"href":"https:\/\/staging.nbg.eu\/lv\/wp-json\/wp\/v2\/media\/359273"}],"wp:attachment":[{"href":"https:\/\/staging.nbg.eu\/lv\/wp-json\/wp\/v2\/media?parent=411437"}],"wp:term":[{"taxonomy":"product_brand","embeddable":true,"href":"https:\/\/staging.nbg.eu\/lv\/wp-json\/wp\/v2\/product_brand?post=411437"},{"taxonomy":"product_cat","embeddable":true,"href":"https:\/\/staging.nbg.eu\/lv\/wp-json\/wp\/v2\/product_cat?post=411437"},{"taxonomy":"product_tag","embeddable":true,"href":"https:\/\/staging.nbg.eu\/lv\/wp-json\/wp\/v2\/product_tag?post=411437"}],"curies":[{"name":"wp","href":"https:\/\/api.w.org\/{rel}","templated":true}]}}