{"id":411328,"date":"2025-07-01T17:00:44","date_gmt":"2025-07-01T14:00:44","guid":{"rendered":"https:\/\/staging.nbg.eu\/product\/grips-kmr-w-modular-sandpaper-titan\/"},"modified":"2025-07-01T17:03:14","modified_gmt":"2025-07-01T14:03:14","slug":"rokturi-kmr-w-modular-sandpaper-titan","status":"publish","type":"product","link":"https:\/\/staging.nbg.eu\/lv\/product\/rokturi-kmr-w-modular-sandpaper-titan\/","title":{"rendered":"ROKTURI KMR W MODULAR SANDPAPER TITAN"},"content":{"rendered":"<h2>GRIPS KMR W MODUL\u0100RA SMIL\u0160PAP\u012aRA TIT\u0100NS<\/h2>\n<p>GRIPS KMR W MODUL\u0100RA SMIL\u0160PAP\u012aRA TIT\u0100NS ir gar\u0161 rokturis \u0161aujamiero\u010diem. Tas ir izgatavots no anod\u0113ta duralum\u012bnija. Rokturis ir paredz\u0113ts lieto\u0161anai bez magaz\u012bnas vadotnes. Komplekt\u0101 iek\u013cautas torx skr\u016bves uzst\u0101d\u012b\u0161anai. Uz roktura ir KMR logotips.<\/p>\n<p><strong>Atsauce:<\/strong> 0611-03304-0101<\/p>\n","protected":false},"excerpt":{"rendered":"<p>Gar\u0161, iztur\u012bgs KMR rokturis. Anod\u0113ts duralum\u012bnijs.<\/p>\n","protected":false},"featured_media":359297,"template":"","meta":{"_acf_changed":false},"product_brand":[11512],"product_cat":[13779,13828],"product_tag":[],"class_list":{"0":"post-411328","1":"product","2":"type-product","3":"status-publish","4":"has-post-thumbnail","6":"product_brand-kmr-precision","7":"product_cat-kmr-detalas","8":"product_cat-pistoles-detalas","10":"first","11":"instock","12":"taxable","13":"shipping-taxable","14":"purchasable","15":"product-type-simple"},"acf":[],"_links":{"self":[{"href":"https:\/\/staging.nbg.eu\/lv\/wp-json\/wp\/v2\/product\/411328","targetHints":{"allow":["GET"]}}],"collection":[{"href":"https:\/\/staging.nbg.eu\/lv\/wp-json\/wp\/v2\/product"}],"about":[{"href":"https:\/\/staging.nbg.eu\/lv\/wp-json\/wp\/v2\/types\/product"}],"wp:featuredmedia":[{"embeddable":true,"href":"https:\/\/staging.nbg.eu\/lv\/wp-json\/wp\/v2\/media\/359297"}],"wp:attachment":[{"href":"https:\/\/staging.nbg.eu\/lv\/wp-json\/wp\/v2\/media?parent=411328"}],"wp:term":[{"taxonomy":"product_brand","embeddable":true,"href":"https:\/\/staging.nbg.eu\/lv\/wp-json\/wp\/v2\/product_brand?post=411328"},{"taxonomy":"product_cat","embeddable":true,"href":"https:\/\/staging.nbg.eu\/lv\/wp-json\/wp\/v2\/product_cat?post=411328"},{"taxonomy":"product_tag","embeddable":true,"href":"https:\/\/staging.nbg.eu\/lv\/wp-json\/wp\/v2\/product_tag?post=411328"}],"curies":[{"name":"wp","href":"https:\/\/api.w.org\/{rel}","templated":true}]}}