{"id":411041,"date":"2025-07-01T16:46:11","date_gmt":"2025-07-01T13:46:11","guid":{"rendered":"https:\/\/staging.nbg.eu\/product\/surefire-ep7-bk-mpr-bulk-ear-plugs\/"},"modified":"2025-07-01T16:48:47","modified_gmt":"2025-07-01T13:48:47","slug":"surefire-ep7-bk-mpr-bulk-ausu-aizbazni","status":"publish","type":"product","link":"https:\/\/staging.nbg.eu\/lv\/product\/surefire-ep7-bk-mpr-bulk-ausu-aizbazni\/","title":{"rendered":"Surefire EP7-BK-MPR-BULK ausu aizbazni"},"content":{"rendered":"<div class=\"product-description\">\n<h2>Surefire EP7-BK-MPR-BULK ausu aizb\u0101\u017e\u0146i<\/h2>\n<h2>Dzirdes aizsardz\u012bba<\/h2>\n<p>Surefire EP7 Sonic Defenders Ultra ausu aizb\u0101\u017e\u0146i nodro\u0161ina dzirdes aizsardz\u012bbu, saglab\u0101jot sp\u0113ju dzird\u0113t svar\u012bgas ska\u0146as. Ar trok\u0161\u0146a samazin\u0101\u0161anas reitingu (NRR) 28 dB, \u0161ie ausu aizb\u0101\u017e\u0146i aizsarg\u0101 pret trok\u0161\u0146a izrais\u012btu dzirdes zudumu (NIHL).<\/p>\n<h3>Galven\u0101s iez\u012bmes:<\/h3>\n<ul>\n<li>Dizains ar putuplasta uzga\u013ciem Comply\u2122 Canal Tips<\/li>\n<li>28 dB trok\u0161\u0146a samazin\u0101\u0161anas reitings (NRR) ar ievietotiem filtra v\u0101ci\u0146iem<\/li>\n<li>\u013bauj iziet cauri dro\u0161am ska\u0146as l\u012bmenim, samazinot kait\u012bgus trok\u0161\u0146us virs 85 dB<\/li>\n<li>EarLock\u00ae fiks\u0101cijas gredzeni ar septi\u0146iem kontaktpunktiem<\/li>\n<li>Izgatavoti no hipoaler\u0123iska, medic\u012bniska polim\u0113ra<\/li>\n<li>Sader\u012bgi ar mask\u0101m, \u0137iver\u0113m un austi\u0146\u0101m<\/li>\n<li>Pievienojami filtra v\u0101ci\u0146i papildu aizsardz\u012bbai trok\u0161\u0146ain\u0101 vid\u0113<\/li>\n<li>Sader\u012bgi ar da\u017e\u0101d\u0101m radio sakaru sist\u0113m\u0101m<\/li>\n<\/ul>\n<h3>Papildu inform\u0101cija:<\/h3>\n<ul>\n<li>Pieejami caursp\u012bd\u012bg\u0101, meln\u0101 vai oran\u017e\u0101 kr\u0101s\u0101<\/li>\n<li>Iek\u013cauj 66 cm polim\u0113ra auklu un papildu Comply\u2122 Canal uzga\u013cu p\u0101ri<\/li>\n<li>Izm\u0113ri: mazs (S), vid\u0113js (M) un liels (L)<\/li>\n<li>Atbilst\u012bbas deklar\u0101cija pieejama surefire.com\/doc-ep7<\/li>\n<\/ul>\n<p>Surefire EP7 Sonic Defenders Ultra ausu aizb\u0101\u017e\u0146i ir piem\u0113roti profesion\u0101lai un atp\u016btas lieto\u0161anai, nodro\u0161inot dzirdes aizsardz\u012bbu.<\/p>\n<\/div>\n","protected":false},"excerpt":{"rendered":"<p>Aizsarg\u0101jo\u0161as ausu aizb\u0101\u017e\u0146i ar 28dB trok\u0161\u0146a samazin\u0101\u0161anas reitingu (NRR). \u013bauj dzird\u0113t dro\u0161as ska\u0146as. \u0112rtas putu uzga\u013ci.<\/p>\n","protected":false},"featured_media":399768,"template":"","meta":{"_acf_changed":false},"product_brand":[11865],"product_cat":[13789,13794],"product_tag":[],"class_list":{"0":"post-411041","1":"product","2":"type-product","3":"status-publish","4":"has-post-thumbnail","6":"product_brand-surefire","7":"product_cat-ausu-aizsardziba","8":"product_cat-ekipejums","10":"first","11":"instock","12":"taxable","13":"shipping-taxable","14":"purchasable","15":"product-type-simple"},"acf":[],"_links":{"self":[{"href":"https:\/\/staging.nbg.eu\/lv\/wp-json\/wp\/v2\/product\/411041","targetHints":{"allow":["GET"]}}],"collection":[{"href":"https:\/\/staging.nbg.eu\/lv\/wp-json\/wp\/v2\/product"}],"about":[{"href":"https:\/\/staging.nbg.eu\/lv\/wp-json\/wp\/v2\/types\/product"}],"wp:featuredmedia":[{"embeddable":true,"href":"https:\/\/staging.nbg.eu\/lv\/wp-json\/wp\/v2\/media\/399768"}],"wp:attachment":[{"href":"https:\/\/staging.nbg.eu\/lv\/wp-json\/wp\/v2\/media?parent=411041"}],"wp:term":[{"taxonomy":"product_brand","embeddable":true,"href":"https:\/\/staging.nbg.eu\/lv\/wp-json\/wp\/v2\/product_brand?post=411041"},{"taxonomy":"product_cat","embeddable":true,"href":"https:\/\/staging.nbg.eu\/lv\/wp-json\/wp\/v2\/product_cat?post=411041"},{"taxonomy":"product_tag","embeddable":true,"href":"https:\/\/staging.nbg.eu\/lv\/wp-json\/wp\/v2\/product_tag?post=411041"}],"curies":[{"name":"wp","href":"https:\/\/api.w.org\/{rel}","templated":true}]}}