{"id":410745,"date":"2025-07-01T16:30:31","date_gmt":"2025-07-01T13:30:31","guid":{"rendered":"https:\/\/staging.nbg.eu\/product\/surefire-csm-09-push-button-switch\/"},"modified":"2025-07-01T16:33:06","modified_gmt":"2025-07-01T13:33:06","slug":"surefire-csm-09-spiedpogas-sledzis","status":"publish","type":"product","link":"https:\/\/staging.nbg.eu\/lv\/product\/surefire-csm-09-spiedpogas-sledzis\/","title":{"rendered":"Surefire CSM-09 spiedpogas sledzis"},"content":{"rendered":"<div class=\"product-description\">\n<h2>Surefire CSM-09 spiedpogas sl\u0113dzis<\/h2>\n<h2>Att\u0101lin\u0101ta vad\u012bba. Vietas taup\u012b\u0161ana.<\/h2>\n<p>CSM-09 spiedpogas sl\u0113dzis ir risin\u0101jums SureFire iero\u010du luktura att\u0101lin\u0101tai aktiviz\u0113\u0161anai, maksim\u0101li izmantojot \u0161inas vietu uz \u0161aujamiero\u010da. \u0160is kompaktais sl\u0113dzis nodro\u0161ina gan \u012bslaic\u012bgu, gan past\u0101v\u012bgu iesl\u0113g\u0161anu no vienas vad\u012bbas.<\/p>\n<h3>Galven\u0101s \u012bpa\u0161\u012bbas:<\/h3>\n<ul>\n<li>Att\u0101lin\u0101ta aktiviz\u0113\u0161ana SureFire iero\u010du lukturiem ar sl\u0113d\u017ea ligzd\u0101m<\/li>\n<li>Kompakts dizains efekt\u012bvai \u0161inas vietas izmanto\u0161anai<\/li>\n<li>Viegla piestiprin\u0101\u0161ana pie M-LOK \u0161in\u0101m<\/li>\n<li>\u016adensiztur\u012bga konstrukcija<\/li>\n<li>9 collu kabelis piem\u0113rots vairumam \u0161autenes\/karab\u012bnes lietojumu<\/li>\n<\/ul>\n<h3>Sader\u012bba:<\/h3>\n<p>CSM-09 ir sader\u012bgs ar vair\u0101kiem SureFire iero\u010du lukturiem, tostarp:<\/p>\n<ul>\n<li>Millennium Universal<\/li>\n<li>Classic Universal<\/li>\n<li>Scout Light (ar ligzdas aizmugur\u0113jo v\u0101ci\u0146u)<\/li>\n<li>X300<\/li>\n<li>X400 (ar XT aizmugur\u0113j\u0101 v\u0101ci\u0146a mezglu)<\/li>\n<\/ul>\n<h3>Darb\u012bba:<\/h3>\n<p>Iero\u010du luktura aktiviz\u0113\u0161ana:<\/p>\n<ul>\n<li>Viegla nospie\u0161ana \u012bslaic\u012bgai iesl\u0113g\u0161anai<\/li>\n<li>Piln\u012bga nospie\u0161ana past\u0101v\u012bgai iesl\u0113g\u0161anai<\/li>\n<\/ul>\n<p>CSM-09 spiedpogas sl\u0113dzis nodro\u0161ina, ka j\u016bsu iero\u010du lukturis ir gatavs lieto\u0161anai, kad tas nepiecie\u0161ams. Tas ir iztur\u012bgs un prec\u012bzs taktisk\u0101 apgaismojuma vajadz\u012bb\u0101m.<\/p>\n<\/div>\n","protected":false},"excerpt":{"rendered":"<p>Kompakts M-LOK t\u0101lvad\u012bbas sl\u0113dzis SureFire iero\u010dgaism\u0101m. \u012aslaic\u012bga un past\u0101v\u012bga iesl\u0113g\u0161ana.<\/p>\n","protected":false},"featured_media":399893,"template":"","meta":{"_acf_changed":false},"product_brand":[11865],"product_cat":[13842,13818],"product_tag":[],"class_list":{"0":"post-410745","1":"product","2":"type-product","3":"status-publish","4":"has-post-thumbnail","6":"product_brand-surefire","7":"product_cat-luktura-aksesuari","8":"product_cat-lukturi","10":"first","11":"instock","12":"taxable","13":"shipping-taxable","14":"purchasable","15":"product-type-simple"},"acf":[],"_links":{"self":[{"href":"https:\/\/staging.nbg.eu\/lv\/wp-json\/wp\/v2\/product\/410745","targetHints":{"allow":["GET"]}}],"collection":[{"href":"https:\/\/staging.nbg.eu\/lv\/wp-json\/wp\/v2\/product"}],"about":[{"href":"https:\/\/staging.nbg.eu\/lv\/wp-json\/wp\/v2\/types\/product"}],"wp:featuredmedia":[{"embeddable":true,"href":"https:\/\/staging.nbg.eu\/lv\/wp-json\/wp\/v2\/media\/399893"}],"wp:attachment":[{"href":"https:\/\/staging.nbg.eu\/lv\/wp-json\/wp\/v2\/media?parent=410745"}],"wp:term":[{"taxonomy":"product_brand","embeddable":true,"href":"https:\/\/staging.nbg.eu\/lv\/wp-json\/wp\/v2\/product_brand?post=410745"},{"taxonomy":"product_cat","embeddable":true,"href":"https:\/\/staging.nbg.eu\/lv\/wp-json\/wp\/v2\/product_cat?post=410745"},{"taxonomy":"product_tag","embeddable":true,"href":"https:\/\/staging.nbg.eu\/lv\/wp-json\/wp\/v2\/product_tag?post=410745"}],"curies":[{"name":"wp","href":"https:\/\/api.w.org\/{rel}","templated":true}]}}