{"id":410195,"date":"2025-07-01T15:38:28","date_gmt":"2025-07-01T12:38:28","guid":{"rendered":"https:\/\/staging.nbg.eu\/product\/surefire-g2x-d-tn-tactical-light-tan\/"},"modified":"2025-07-01T15:40:46","modified_gmt":"2025-07-01T12:40:46","slug":"surefire-g2x-d-tn-taktiskais-lukturis-tan","status":"publish","type":"product","link":"https:\/\/staging.nbg.eu\/lv\/product\/surefire-g2x-d-tn-taktiskais-lukturis-tan\/","title":{"rendered":"Surefire G2X-D-TN taktiskais lukturis, Tan"},"content":{"rendered":"<h2>Surefire G2X-D-TN taktiskais lukturis, smil\u0161kr\u0101s\u0101<\/h2>\n<p>Surefire G2X-D-TN taktiskais lukturis ir paredz\u0113ts \u0101rk\u0101rtas situ\u0101cij\u0101m. \u0160is lukturis ir izstr\u0101d\u0101ts, lai apmierin\u0101tu \u0101rk\u0101rtas dienestu darbinieku un \u0101ra aktivit\u0101\u0161u cien\u012bt\u0101ju vajadz\u012bbas.<\/p>\n<h2>Galven\u0101s \u012bpa\u0161\u012bbas:<\/h2>\n<ul>\n<li>Iztur\u012bgs LED gaismas avots<\/li>\n<li>Divi gaismas re\u017e\u012bmi: 600 l\u016bmeni (augsts) un 15 l\u016bmeni (zems)<\/li>\n<li>Prec\u012bzs reflektors optim\u0101lam gaismas k\u016blim<\/li>\n<li>Polim\u0113ra korpuss ar anod\u0113tu alum\u012bnija apmali<\/li>\n<li>Aizmugures sl\u0113dzis \u012bslaic\u012bgai un past\u0101v\u012bgai iesl\u0113g\u0161anai<\/li>\n<li>O-gredzens un bl\u012bve nodro\u0161ina IPX7 \u016bdensiztur\u012bbu<\/li>\n<li>Darbojas ar div\u0101m 123A baterij\u0101m ar 10 gadu glab\u0101\u0161anas laiku<\/li>\n<\/ul>\n<h2>Veiktsp\u0113ja:<\/h2>\n<ul>\n<li>Augsta jauda: 600 l\u016bmeni 1,5 stundas<\/li>\n<li>Zema jauda: 15 l\u016bmeni 52 stundas<\/li>\n<li>Maksim\u0101l\u0101 stara intensit\u0101te: 8700 kandelas<\/li>\n<li>Stara att\u0101lums: 187 metri<\/li>\n<\/ul>\n<h2>Fizisk\u0101s specifik\u0101cijas:<\/h2>\n<ul>\n<li>Garums: 13,2 cm<\/li>\n<li>Apmales diametrs: 3,2 cm<\/li>\n<li>Svars ar baterij\u0101m: 125 g<\/li>\n<\/ul>\n<p>Surefire G2X-D-TN taktiskais lukturis apvieno jaud\u012bgu veiktsp\u0113ju ar iztur\u012bbu. Augst\u0101s jaudas re\u017e\u012bms nodro\u0161ina pietiekamu apgaismojumu svar\u012bgiem uzdevumiem, bet zem\u0101s jaudas re\u017e\u012bms paildzina darb\u012bbas laiku maz\u0101k pras\u012bg\u0101s situ\u0101cij\u0101s. Polim\u0113ra korpuss un alum\u012bnija apmale nodro\u0161ina ilgsto\u0161u uzticam\u012bbu jebkur\u0101 vid\u0113.<\/p>\n","protected":false},"excerpt":{"rendered":"<p>Iztur\u012bgs 600 l\u016bmenu taktiskais lukturis ar diviem jaudas l\u012bme\u0146iem un laikapst\u0101k\u013cu iztur\u012bgu polim\u0113ra korpusu.<\/p>\n","protected":false},"featured_media":400016,"template":"","meta":{"_acf_changed":false},"product_brand":[11865],"product_cat":[13817,13786,13818],"product_tag":[],"class_list":{"0":"post-410195","1":"product","2":"type-product","3":"status-publish","4":"has-post-thumbnail","6":"product_brand-surefire","7":"product_cat-edc","8":"product_cat-edc-lukturi","9":"product_cat-lukturi","11":"first","12":"instock","13":"taxable","14":"shipping-taxable","15":"purchasable","16":"product-type-simple"},"acf":[],"_links":{"self":[{"href":"https:\/\/staging.nbg.eu\/lv\/wp-json\/wp\/v2\/product\/410195","targetHints":{"allow":["GET"]}}],"collection":[{"href":"https:\/\/staging.nbg.eu\/lv\/wp-json\/wp\/v2\/product"}],"about":[{"href":"https:\/\/staging.nbg.eu\/lv\/wp-json\/wp\/v2\/types\/product"}],"wp:featuredmedia":[{"embeddable":true,"href":"https:\/\/staging.nbg.eu\/lv\/wp-json\/wp\/v2\/media\/400016"}],"wp:attachment":[{"href":"https:\/\/staging.nbg.eu\/lv\/wp-json\/wp\/v2\/media?parent=410195"}],"wp:term":[{"taxonomy":"product_brand","embeddable":true,"href":"https:\/\/staging.nbg.eu\/lv\/wp-json\/wp\/v2\/product_brand?post=410195"},{"taxonomy":"product_cat","embeddable":true,"href":"https:\/\/staging.nbg.eu\/lv\/wp-json\/wp\/v2\/product_cat?post=410195"},{"taxonomy":"product_tag","embeddable":true,"href":"https:\/\/staging.nbg.eu\/lv\/wp-json\/wp\/v2\/product_tag?post=410195"}],"curies":[{"name":"wp","href":"https:\/\/api.w.org\/{rel}","templated":true}]}}